{"id":23625,"date":"2025-10-27T23:09:04","date_gmt":"2025-10-27T22:09:04","guid":{"rendered":"https:\/\/tremunpiercing.com\/?post_type=product&#038;p=23625"},"modified":"2026-04-19T23:04:00","modified_gmt":"2026-04-19T22:04:00","slug":"labret-2-0-hand-polish","status":"publish","type":"product","link":"https:\/\/tremunpiercing.com\/it\/product\/labret-2-0-hand-polish\/","title":{"rendered":"Labret 2.0 - Lucidante per mani"},"content":{"rendered":"<p>Il labret 2.0 in titanio lucidato a mano \u00e8 un articolo costruito con cura e attenzione al comfort, alla sicurezza e alla versatilit\u00e0. Realizzato in titanio F-136 di grado implantare, questo labret a filettatura interna \u00e8 adatto per piercing al labbro, al trago, alla conca e all'elice. Lucidiamo a mano ogni perno fino a ottenere una brillantezza impeccabile che riduce al minimo le irritazioni e garantisce un inserimento agevole. Il labret \u00e8 disponibile in varie lunghezze (5 mm-8 mm) e con uno spessore di base di 4 mm per adattarsi a diversi tipi di anatomia.<\/p>\n<p>I piercer professionisti scelgono questo modello per l'affidabilit\u00e0 dell'infilatura, la facilit\u00e0 di installazione e le importanti qualit\u00e0 che offre. Questo perno per labret e il materiale in titanio offrono una qualit\u00e0 sorprendente per un nuovo piercing o francamente solo per un aggiornamento. I clienti apprezzano la qualit\u00e0 delle prestazioni e la finitura brillante.<\/p>","protected":false},"excerpt":{"rendered":"<ul>\n<li>Filettato internamente<\/li>\n<li>Materiale: Titanio di grado implantare F-136<\/li>\n<li>Calibro: 16G<\/li>\n<li>Lunghezza: 5mm, 6mm, 7mm, 8mm<\/li>\n<li>Diametro della base: 4 mm<\/li>\n<\/ul>","protected":false},"featured_media":23601,"comment_status":"closed","ping_status":"closed","template":"","meta":{"_acf_changed":false},"product_brand":[],"product_cat":[340,344],"product_tag":[187,188,189,210,211,205,206,212,190,183,213,184,293,207],"class_list":{"0":"post-23625","1":"product","2":"type-product","3":"status-publish","4":"has-post-thumbnail","6":"product_cat-titanium-jewelry","7":"product_cat-labret-titanium-jeawelry","8":"product_tag-conch","9":"product_tag-ear","10":"product_tag-helix","11":"product_tag-labret","12":"product_tag-lip","13":"product_tag-lobe","14":"product_tag-lobulo","15":"product_tag-medusa","16":"product_tag-oreja","17":"product_tag-perforacion","18":"product_tag-philtrum","19":"product_tag-piercing","20":"product_tag-push-pin","21":"product_tag-tragus","23":"first","24":"instock","25":"taxable","26":"shipping-taxable","27":"purchasable","28":"product-type-variable"},"acf":[],"gallery_images":[23598,23599],"_links":{"self":[{"href":"https:\/\/tremunpiercing.com\/it\/wp-json\/wp\/v2\/product\/23625","targetHints":{"allow":["GET"]}}],"collection":[{"href":"https:\/\/tremunpiercing.com\/it\/wp-json\/wp\/v2\/product"}],"about":[{"href":"https:\/\/tremunpiercing.com\/it\/wp-json\/wp\/v2\/types\/product"}],"replies":[{"embeddable":true,"href":"https:\/\/tremunpiercing.com\/it\/wp-json\/wp\/v2\/comments?post=23625"}],"version-history":[{"count":0,"href":"https:\/\/tremunpiercing.com\/it\/wp-json\/wp\/v2\/product\/23625\/revisions"}],"wp:featuredmedia":[{"embeddable":true,"href":"https:\/\/tremunpiercing.com\/it\/wp-json\/wp\/v2\/media\/23601"}],"wp:attachment":[{"href":"https:\/\/tremunpiercing.com\/it\/wp-json\/wp\/v2\/media?parent=23625"}],"wp:term":[{"taxonomy":"product_brand","embeddable":true,"href":"https:\/\/tremunpiercing.com\/it\/wp-json\/wp\/v2\/product_brand?post=23625"},{"taxonomy":"product_cat","embeddable":true,"href":"https:\/\/tremunpiercing.com\/it\/wp-json\/wp\/v2\/product_cat?post=23625"},{"taxonomy":"product_tag","embeddable":true,"href":"https:\/\/tremunpiercing.com\/it\/wp-json\/wp\/v2\/product_tag?post=23625"}],"curies":[{"name":"wp","href":"https:\/\/api.w.org\/{rel}","templated":true}]}}