{"id":23698,"date":"2025-10-28T19:33:12","date_gmt":"2025-10-28T18:33:12","guid":{"rendered":"https:\/\/tremunpiercing.com\/?post_type=product&#038;p=23698"},"modified":"2026-03-06T02:19:28","modified_gmt":"2026-03-06T01:19:28","slug":"nostril-straight-with-white-cz","status":"publish","type":"product","link":"https:\/\/tremunpiercing.com\/it\/product\/nostril-straight-with-white-cz\/","title":{"rendered":"Narice dritta con CZ bianco"},"content":{"rendered":"<p>Realizzato in titanio F-136 di grado implantare, il Nostril Straight w\/ White CZ \u00e8 bello e sicuro. Questa vite per narice 18G \u00e8 comoda e confortevole per i piercing alle narici, ed \u00e8 quindi adatta per essere indossata quotidianamente e per i clienti che stanno guarendo da un piercing al naso. Il titanio ha una lucidatura brillante, ipoallergenica e resistente all'appannamento.<\/p>\n<p>La zirconia cubica bianca circondata dal titanio brillante aggiunge uno scintillio di sobria eleganza, perfetto per i clienti che amano il classico e il raffinato. Con una lunghezza di 16 mm, \u00e8 facile da inserire e si appoggia bene alla pelle. Perno per narice di alta qualit\u00e0 che rappresenta un eccellente equilibrio tra bellezza e sicurezza per il piercer professionista.<\/p>","protected":false},"excerpt":{"rendered":"<ul>\n<li>Vite per narice<\/li>\n<li>Materiale: Titanio di grado implantare F-136<\/li>\n<li>Calibro: 18G<\/li>\n<li>Lunghezza totale: 16 mm<\/li>\n<\/ul>","protected":false},"featured_media":23771,"comment_status":"open","ping_status":"closed","template":"","meta":{"_acf_changed":false},"product_brand":[],"product_cat":[342,340],"product_tag":[216,199,227,183,184,228],"class_list":{"0":"post-23698","1":"product","2":"type-product","3":"status-publish","4":"has-post-thumbnail","6":"product_cat-nose-titanium-jewelry","7":"product_cat-titanium-jewelry","8":"product_tag-disc","9":"product_tag-nostril","10":"product_tag-nostril-screw","11":"product_tag-perforacion","12":"product_tag-piercing","13":"product_tag-screw","15":"first","16":"instock","17":"taxable","18":"shipping-taxable","19":"purchasable","20":"product-type-simple"},"acf":[],"gallery_images":[],"_links":{"self":[{"href":"https:\/\/tremunpiercing.com\/it\/wp-json\/wp\/v2\/product\/23698","targetHints":{"allow":["GET"]}}],"collection":[{"href":"https:\/\/tremunpiercing.com\/it\/wp-json\/wp\/v2\/product"}],"about":[{"href":"https:\/\/tremunpiercing.com\/it\/wp-json\/wp\/v2\/types\/product"}],"replies":[{"embeddable":true,"href":"https:\/\/tremunpiercing.com\/it\/wp-json\/wp\/v2\/comments?post=23698"}],"version-history":[{"count":0,"href":"https:\/\/tremunpiercing.com\/it\/wp-json\/wp\/v2\/product\/23698\/revisions"}],"wp:featuredmedia":[{"embeddable":true,"href":"https:\/\/tremunpiercing.com\/it\/wp-json\/wp\/v2\/media\/23771"}],"wp:attachment":[{"href":"https:\/\/tremunpiercing.com\/it\/wp-json\/wp\/v2\/media?parent=23698"}],"wp:term":[{"taxonomy":"product_brand","embeddable":true,"href":"https:\/\/tremunpiercing.com\/it\/wp-json\/wp\/v2\/product_brand?post=23698"},{"taxonomy":"product_cat","embeddable":true,"href":"https:\/\/tremunpiercing.com\/it\/wp-json\/wp\/v2\/product_cat?post=23698"},{"taxonomy":"product_tag","embeddable":true,"href":"https:\/\/tremunpiercing.com\/it\/wp-json\/wp\/v2\/product_tag?post=23698"}],"curies":[{"name":"wp","href":"https:\/\/api.w.org\/{rel}","templated":true}]}}