{"id":5605,"date":"2023-08-09T17:08:36","date_gmt":"2023-08-09T16:08:36","guid":{"rendered":"https:\/\/tremunpiercing.com\/?post_type=product&#038;p=5605"},"modified":"2026-04-15T13:44:28","modified_gmt":"2026-04-15T12:44:28","slug":"tremun-diamond-push-pin-nostril","status":"publish","type":"product","link":"https:\/\/tremunpiercing.com\/it\/product\/tremun-diamond-push-pin-nostril\/","title":{"rendered":"Diamante Tremun (perno di spinta - narice)"},"content":{"rendered":"<p>Lo spillone Tremun Diamond \u00e8 un'opzione di alto livello per i piercing alle narici, con un diamante VS1 scintillante su un solido spillone in oro giallo, bianco o platino da 14 carati. Grande per il suo modesto diametro di 2 mm, fornisce una luce morbida e uno scintillio lussuoso, vantando al contempo qualit\u00e0 professionale e standard di sicurezza. \u00c8 realizzato per labret push-pin, quindi si appoggia strettamente al naso e consente un inserimento facile e tranquillo senza sacrificare il comfort del cliente. Il gioiello \u00e8 ipoallergenico, i materiali sono realizzati o lucidati in modo da essere sufficientemente lisci da evitare qualsiasi fastidio, e quindi sarebbe completamente adatto alle pelli sensibili grazie ai materiali di alta qualit\u00e0 dei gioielli per il corpo.<\/p>\n<p>\u00c8 perfetto per gli studi di piercing, i negozi di tatuaggi e la vendita al dettaglio professionale di alto livello. Come opzione minimalista ma di alto livello per lo spinotto per narice, il perno a pressione Tremun Diamond \u00e8 adatto alla clientela che desidera la semplicit\u00e0, ma la sicurezza implantare dei gioielli per il corpo di alta qualit\u00e0 soddisferebbe anche molti clienti. Per i piercer professionisti, l'eccellente design del perno con attacco a stelo \u00e8 straordinariamente ripetibile anche per un piercer alle prime armi, mentre l'eccezionale durata garantisce anni di utilizzo stabile.<\/p>\n<p>I push pin Tremun Diamond innalzano ulteriormente il livello del portafoglio dei piercing outfitters nei mercati europei, statunitensi e britannici, dove esiste una domanda di dettagli di alta gamma e di gioielli per il corpo di pregio. La brillantezza del diamante e il design accurato del perno sono ora perfetti per le occasioni speciali di giorno o di sera quando si indossano gioielli per il corpo raffinati.<\/p>","protected":false},"excerpt":{"rendered":"<ul>\n<li>Accessorio Push Pin<\/li>\n<li>Compatibile con le labret a spinta<\/li>\n<li>Materiale: Oro giallo 14k o oro bianco 14k, spilla in platino<\/li>\n<li>Gemma: Diamante VS1<\/li>\n<li>Diametro: 2 mm<\/li>\n<\/ul>","protected":false},"featured_media":12539,"comment_status":"closed","ping_status":"closed","template":"","meta":{"_acf_changed":false},"product_brand":[],"product_cat":[337,463,400],"product_tag":[187,188,189,205,206,199,190,183,184,207],"class_list":{"0":"post-5605","1":"product","2":"type-product","3":"status-publish","4":"has-post-thumbnail","6":"product_cat-gold-jewelry","7":"product_cat-tops-gold-tremun","8":"product_cat-tremun","9":"product_tag-conch","10":"product_tag-ear","11":"product_tag-helix","12":"product_tag-lobe","13":"product_tag-lobulo","14":"product_tag-nostril","15":"product_tag-oreja","16":"product_tag-perforacion","17":"product_tag-piercing","18":"product_tag-tragus","20":"first","21":"instock","22":"taxable","23":"shipping-taxable","24":"purchasable","25":"product-type-variable"},"acf":[],"gallery_images":[29725,29724,12529,29723,29722],"_links":{"self":[{"href":"https:\/\/tremunpiercing.com\/it\/wp-json\/wp\/v2\/product\/5605","targetHints":{"allow":["GET"]}}],"collection":[{"href":"https:\/\/tremunpiercing.com\/it\/wp-json\/wp\/v2\/product"}],"about":[{"href":"https:\/\/tremunpiercing.com\/it\/wp-json\/wp\/v2\/types\/product"}],"replies":[{"embeddable":true,"href":"https:\/\/tremunpiercing.com\/it\/wp-json\/wp\/v2\/comments?post=5605"}],"version-history":[{"count":1,"href":"https:\/\/tremunpiercing.com\/it\/wp-json\/wp\/v2\/product\/5605\/revisions"}],"predecessor-version":[{"id":29726,"href":"https:\/\/tremunpiercing.com\/it\/wp-json\/wp\/v2\/product\/5605\/revisions\/29726"}],"wp:featuredmedia":[{"embeddable":true,"href":"https:\/\/tremunpiercing.com\/it\/wp-json\/wp\/v2\/media\/12539"}],"wp:attachment":[{"href":"https:\/\/tremunpiercing.com\/it\/wp-json\/wp\/v2\/media?parent=5605"}],"wp:term":[{"taxonomy":"product_brand","embeddable":true,"href":"https:\/\/tremunpiercing.com\/it\/wp-json\/wp\/v2\/product_brand?post=5605"},{"taxonomy":"product_cat","embeddable":true,"href":"https:\/\/tremunpiercing.com\/it\/wp-json\/wp\/v2\/product_cat?post=5605"},{"taxonomy":"product_tag","embeddable":true,"href":"https:\/\/tremunpiercing.com\/it\/wp-json\/wp\/v2\/product_tag?post=5605"}],"curies":[{"name":"wp","href":"https:\/\/api.w.org\/{rel}","templated":true}]}}