{"id":7794,"date":"2023-10-12T17:00:59","date_gmt":"2023-10-12T16:00:59","guid":{"rendered":"https:\/\/tremunpiercing.com\/?post_type=product&#038;p=7794"},"modified":"2026-04-01T13:30:26","modified_gmt":"2026-04-01T12:30:26","slug":"tiffany","status":"publish","type":"product","link":"https:\/\/tremunpiercing.com\/it\/product\/tiffany\/","title":{"rendered":"Tiffany"},"content":{"rendered":"<p>L'anello clicker \u201cTiffany\u201d combina materiali di alta gamma con un raffinato scintillio: forgiato in titanio di grado implantare F-136, calibro 16G, con un diametro interno di 8 mm, pu\u00f2 essere indossato in diverse posizioni di piercing: helix, conchiglia, rook, persino septum o cerchi cartilaginei molto aderenti. La zirconia cubica incastonata fornisce la giusta quantit\u00e0 di scintillio, pur mantenendo un aspetto pulito e levigato. Lo stile a scatto con cerniera dell'anello consente una facile installazione e rimozione, un fattore importante per gli studi di piercing che cercano di massimizzare la velocit\u00e0 di ogni cambio di gioielli, sia per i loro stilisti in studio che per i loro clienti.<\/p>\n<p>Il titanio ASTM F-136, che non contiene nichel ed \u00e8 ipoallergenico, garantisce la sicurezza dei piercing alle orecchie o alle cartilagini sensibili. In qualit\u00e0 di grossisti o produttori, avere questo tipo di anello clicker vi aiuter\u00e0 ad essere pi\u00f9 competitivi sui mercati di Europa, Regno Unito e Stati Uniti, dove i consumatori sono alla ricerca di materiali di qualit\u00e0 e design eleganti. La presenza del clicker \u201cTiffany\u201d offre opzioni agli studi che cercano un anello a cerchio in titanio di fascia alta con una finitura lucida e un po' di bling.<\/p>","protected":false},"excerpt":{"rendered":"<ul>\n<li>Anello a scatto<\/li>\n<li>Materiale: Titanio di grado implantare F-136<\/li>\n<li>Diametro: 8 mm<\/li>\n<li>Calibro: 16G<\/li>\n<li>Gemma: Zirconia cubica<\/li>\n<\/ul>","protected":false},"featured_media":12777,"comment_status":"closed","ping_status":"closed","template":"","meta":{"_acf_changed":false},"product_brand":[],"product_cat":[341,340],"product_tag":[192,193,202,179,180,194,188,189,195,196,226,190,183,184,197,198],"class_list":{"0":"post-7794","1":"product","2":"type-product","3":"status-publish","4":"has-post-thumbnail","6":"product_cat-rings-titanium-jewelry","7":"product_cat-titanium-jewelry","8":"product_tag-anillo","9":"product_tag-argolla","10":"product_tag-clicker","11":"product_tag-cristal","12":"product_tag-cz","13":"product_tag-daith","14":"product_tag-ear","15":"product_tag-helix","16":"product_tag-hinged-ring","17":"product_tag-nariz","18":"product_tag-opal","19":"product_tag-oreja","20":"product_tag-perforacion","21":"product_tag-piercing","22":"product_tag-ring","23":"product_tag-septum","25":"first","26":"instock","27":"taxable","28":"shipping-taxable","29":"purchasable","30":"product-type-simple"},"acf":[],"gallery_images":[28526,28527],"_links":{"self":[{"href":"https:\/\/tremunpiercing.com\/it\/wp-json\/wp\/v2\/product\/7794","targetHints":{"allow":["GET"]}}],"collection":[{"href":"https:\/\/tremunpiercing.com\/it\/wp-json\/wp\/v2\/product"}],"about":[{"href":"https:\/\/tremunpiercing.com\/it\/wp-json\/wp\/v2\/types\/product"}],"replies":[{"embeddable":true,"href":"https:\/\/tremunpiercing.com\/it\/wp-json\/wp\/v2\/comments?post=7794"}],"version-history":[{"count":1,"href":"https:\/\/tremunpiercing.com\/it\/wp-json\/wp\/v2\/product\/7794\/revisions"}],"predecessor-version":[{"id":28528,"href":"https:\/\/tremunpiercing.com\/it\/wp-json\/wp\/v2\/product\/7794\/revisions\/28528"}],"wp:featuredmedia":[{"embeddable":true,"href":"https:\/\/tremunpiercing.com\/it\/wp-json\/wp\/v2\/media\/12777"}],"wp:attachment":[{"href":"https:\/\/tremunpiercing.com\/it\/wp-json\/wp\/v2\/media?parent=7794"}],"wp:term":[{"taxonomy":"product_brand","embeddable":true,"href":"https:\/\/tremunpiercing.com\/it\/wp-json\/wp\/v2\/product_brand?post=7794"},{"taxonomy":"product_cat","embeddable":true,"href":"https:\/\/tremunpiercing.com\/it\/wp-json\/wp\/v2\/product_cat?post=7794"},{"taxonomy":"product_tag","embeddable":true,"href":"https:\/\/tremunpiercing.com\/it\/wp-json\/wp\/v2\/product_tag?post=7794"}],"curies":[{"name":"wp","href":"https:\/\/api.w.org\/{rel}","templated":true}]}}