{"id":8243,"date":"2023-11-16T16:19:02","date_gmt":"2023-11-16T15:19:02","guid":{"rendered":"https:\/\/tremunpiercing.com\/?post_type=product&#038;p=8243"},"modified":"2026-04-15T11:32:16","modified_gmt":"2026-04-15T10:32:16","slug":"svasti","status":"publish","type":"product","link":"https:\/\/tremunpiercing.com\/it\/product\/svasti\/","title":{"rendered":"Svast\u00ec"},"content":{"rendered":"<p>La borchia Svast\u00ec in oro giallo 14k ridefinisce il concetto di gioielleria di lusso per piercing. Il sistema di filettatura interna consente un posizionamento sicuro e un'usura confortevole, realizzato pensando al professionista del body piercing, che comprende le esigenze di estetica con precisione. Disponibile in 16G-14G con una parte superiore di 6 mm-8 mm, il perno Svast\u00ec \u00e8 un'opzione di grande impatto per piercing a conchiglia, lobo e piatto, oltre che come accessorio per il naso o il labbro.<\/p>\n<p>Il ricco colore giallo, abbinato a una superficie perfettamente lucidata, crea un pezzo elegante che trascende il tempo e si abbina incredibilmente bene a qualsiasi collezione di gioielli. Creata con i pi\u00f9 alti standard di sicurezza e di stile, la collezione Svast\u00ec \u00e8 destinata agli studi che si rivolgono a clienti alla ricerca di gioielli per il corpo raffinati e duraturi.<\/p>","protected":false},"excerpt":{"rendered":"<ul>\n<li>Filettato internamente<\/li>\n<li>Materiale: Oro giallo 14k<\/li>\n<li>Calibro: 16G - 14G<\/li>\n<li>Dimensioni: 6 mm - 8 mm<\/li>\n<\/ul>","protected":false},"featured_media":12521,"comment_status":"closed","ping_status":"closed","template":"","meta":{"_acf_changed":false},"product_brand":[],"product_cat":[337,463,400],"product_tag":[187,188,189,205,206,212,190,183,213,184,207],"class_list":{"0":"post-8243","1":"product","2":"type-product","3":"status-publish","4":"has-post-thumbnail","6":"product_cat-gold-jewelry","7":"product_cat-tops-gold-tremun","8":"product_cat-tremun","9":"product_tag-conch","10":"product_tag-ear","11":"product_tag-helix","12":"product_tag-lobe","13":"product_tag-lobulo","14":"product_tag-medusa","15":"product_tag-oreja","16":"product_tag-perforacion","17":"product_tag-philtrum","18":"product_tag-piercing","19":"product_tag-tragus","21":"first","22":"instock","23":"taxable","24":"shipping-taxable","25":"purchasable","26":"product-type-variable"},"acf":[],"gallery_images":[29716,29715],"_links":{"self":[{"href":"https:\/\/tremunpiercing.com\/it\/wp-json\/wp\/v2\/product\/8243","targetHints":{"allow":["GET"]}}],"collection":[{"href":"https:\/\/tremunpiercing.com\/it\/wp-json\/wp\/v2\/product"}],"about":[{"href":"https:\/\/tremunpiercing.com\/it\/wp-json\/wp\/v2\/types\/product"}],"replies":[{"embeddable":true,"href":"https:\/\/tremunpiercing.com\/it\/wp-json\/wp\/v2\/comments?post=8243"}],"version-history":[{"count":1,"href":"https:\/\/tremunpiercing.com\/it\/wp-json\/wp\/v2\/product\/8243\/revisions"}],"predecessor-version":[{"id":29718,"href":"https:\/\/tremunpiercing.com\/it\/wp-json\/wp\/v2\/product\/8243\/revisions\/29718"}],"wp:featuredmedia":[{"embeddable":true,"href":"https:\/\/tremunpiercing.com\/it\/wp-json\/wp\/v2\/media\/12521"}],"wp:attachment":[{"href":"https:\/\/tremunpiercing.com\/it\/wp-json\/wp\/v2\/media?parent=8243"}],"wp:term":[{"taxonomy":"product_brand","embeddable":true,"href":"https:\/\/tremunpiercing.com\/it\/wp-json\/wp\/v2\/product_brand?post=8243"},{"taxonomy":"product_cat","embeddable":true,"href":"https:\/\/tremunpiercing.com\/it\/wp-json\/wp\/v2\/product_cat?post=8243"},{"taxonomy":"product_tag","embeddable":true,"href":"https:\/\/tremunpiercing.com\/it\/wp-json\/wp\/v2\/product_tag?post=8243"}],"curies":[{"name":"wp","href":"https:\/\/api.w.org\/{rel}","templated":true}]}}