{"id":8361,"date":"2023-11-30T20:26:38","date_gmt":"2023-11-30T19:26:38","guid":{"rendered":"https:\/\/tremunpiercing.com\/?post_type=product&#038;p=8361"},"modified":"2026-04-17T15:14:29","modified_gmt":"2026-04-17T14:14:29","slug":"clap-customizable-display-top-with-clips-top-only","status":"publish","type":"product","link":"https:\/\/tremunpiercing.com\/it\/product\/clap-customizable-display-top-with-clips-top-only\/","title":{"rendered":"Clap! Piano espositivo personalizzabile con clip - solo piano"},"content":{"rendered":"<p>Rivoluzionate il vostro studio di piercing o il vostro banco di vendita al dettaglio con Clap! Display Top personalizzabile. Questo innovativo piano \u00e8 dotato di un sistema di clip sicuro e facile da usare che si aggancia saldamente alla base Clap! (venduta separatamente), creando una presentazione stabile e professionale per i vostri preziosi gioielli per il corpo.<\/p>\n<p>Disponibili nei classici colori bianco e nero, questi piani consentono di creare un sistema espositivo modulare che si adatta al vostro inventario. \u00c8 possibile mescolare e abbinare i piani per organizzare diversi stili di gioielli, dalle estremit\u00e0 delicate senza fili ai pezzi di spicco. Mantenendo gli articoli pi\u00f9 venduti visibili e accessibili, migliorate l'esperienza del cliente e aumentate le vendite. \u00c8 un modo intelligente e flessibile di esporre la vostra collezione.<\/p>","protected":false},"excerpt":{"rendered":"<ul>\n<li>Clap! Top con clip<\/li>\n<li>Display personalizzabile per i gioielli da body piercing<\/li>\n<li>La base \u00e8 venduta separatamente<\/li>\n<li>Disponibile in bianco e nero<\/li>\n<\/ul>","protected":false},"featured_media":8362,"comment_status":"closed","ping_status":"closed","template":"","meta":{"_acf_changed":false},"product_brand":[],"product_cat":[328,415,450,457,449],"product_tag":[],"class_list":{"0":"post-8361","1":"product","2":"type-product","3":"status-publish","4":"has-post-thumbnail","6":"product_cat-supplies","7":"product_cat-clap","8":"product_cat-clap-classic","9":"product_cat-clap-luxury","10":"product_cat-clap-elite","12":"first","13":"instock","14":"taxable","15":"shipping-taxable","16":"purchasable","17":"product-type-variable"},"acf":[],"gallery_images":[8363,8364,8973,8977,8972,8974],"_links":{"self":[{"href":"https:\/\/tremunpiercing.com\/it\/wp-json\/wp\/v2\/product\/8361","targetHints":{"allow":["GET"]}}],"collection":[{"href":"https:\/\/tremunpiercing.com\/it\/wp-json\/wp\/v2\/product"}],"about":[{"href":"https:\/\/tremunpiercing.com\/it\/wp-json\/wp\/v2\/types\/product"}],"replies":[{"embeddable":true,"href":"https:\/\/tremunpiercing.com\/it\/wp-json\/wp\/v2\/comments?post=8361"}],"version-history":[{"count":1,"href":"https:\/\/tremunpiercing.com\/it\/wp-json\/wp\/v2\/product\/8361\/revisions"}],"predecessor-version":[{"id":29729,"href":"https:\/\/tremunpiercing.com\/it\/wp-json\/wp\/v2\/product\/8361\/revisions\/29729"}],"wp:featuredmedia":[{"embeddable":true,"href":"https:\/\/tremunpiercing.com\/it\/wp-json\/wp\/v2\/media\/8362"}],"wp:attachment":[{"href":"https:\/\/tremunpiercing.com\/it\/wp-json\/wp\/v2\/media?parent=8361"}],"wp:term":[{"taxonomy":"product_brand","embeddable":true,"href":"https:\/\/tremunpiercing.com\/it\/wp-json\/wp\/v2\/product_brand?post=8361"},{"taxonomy":"product_cat","embeddable":true,"href":"https:\/\/tremunpiercing.com\/it\/wp-json\/wp\/v2\/product_cat?post=8361"},{"taxonomy":"product_tag","embeddable":true,"href":"https:\/\/tremunpiercing.com\/it\/wp-json\/wp\/v2\/product_tag?post=8361"}],"curies":[{"name":"wp","href":"https:\/\/api.w.org\/{rel}","templated":true}]}}