{"id":8587,"date":"2023-12-07T18:41:15","date_gmt":"2023-12-07T17:41:15","guid":{"rendered":"https:\/\/tremunpiercing.com\/?post_type=product&#038;p=8587"},"modified":"2026-04-15T10:38:00","modified_gmt":"2026-04-15T09:38:00","slug":"olimpia-white-gold","status":"publish","type":"product","link":"https:\/\/tremunpiercing.com\/it\/product\/olimpia-white-gold\/","title":{"rendered":"Olimpia Oro Bianco"},"content":{"rendered":"<p>Il top Olimpia White Gold \u00e8 l'incarnazione di un'elegante semplicit\u00e0 con un'attenzione all'alta gioielleria artigianale. La superficie delicata \u00e8 realizzata in vero oro bianco 14 carati e consente la filettatura interna per garantire sicurezza e comfort. Con una misura di 4\u00d79 mm, questo pezzo \u00e8 progettato elegantemente per i piercing all'elice, alla conchiglia e alla parte superiore dell'orecchio, dove si preferisce un'eleganza minimale.<\/p>\n<p>La finitura liscia con una lucidatura di qualit\u00e0 superiore rende questo top adatto ai clienti che cercano pezzi eleganti da indossare quotidianamente in gioielleria. Questo top funziona con filettatura interna 14G per una maggiore praticit\u00e0 e una sensazione di professionalit\u00e0. L'Olimpia White Gold \u00e8 stato creato per i professionisti del piercing e per i rivenditori di gioielli di alta qualit\u00e0 e rappresenta il perfetto equilibrio tra durata, biocompatibilit\u00e0 e gioielli di lusso, adatti ai clienti interessati a una bellezza sottile e senza tempo.<\/p>","protected":false},"excerpt":{"rendered":"<ul>\n<li>Filettato internamente<\/li>\n<li>Materiale: Oro bianco 14k<\/li>\n<li>Calibro: 14G<\/li>\n<li>Dimensioni: 4 mm x 9 mm<\/li>\n<\/ul>","protected":false},"featured_media":18605,"comment_status":"closed","ping_status":"closed","template":"","meta":{"_acf_changed":false},"product_brand":[],"product_cat":[337,463,400],"product_tag":[187,188,189,205,206,212,190,183,213,184,207],"class_list":{"0":"post-8587","1":"product","2":"type-product","3":"status-publish","4":"has-post-thumbnail","6":"product_cat-gold-jewelry","7":"product_cat-tops-gold-tremun","8":"product_cat-tremun","9":"product_tag-conch","10":"product_tag-ear","11":"product_tag-helix","12":"product_tag-lobe","13":"product_tag-lobulo","14":"product_tag-medusa","15":"product_tag-oreja","16":"product_tag-perforacion","17":"product_tag-philtrum","18":"product_tag-piercing","19":"product_tag-tragus","21":"first","22":"instock","23":"taxable","24":"shipping-taxable","25":"purchasable","26":"product-type-simple"},"acf":[],"gallery_images":[29688,29689],"_links":{"self":[{"href":"https:\/\/tremunpiercing.com\/it\/wp-json\/wp\/v2\/product\/8587","targetHints":{"allow":["GET"]}}],"collection":[{"href":"https:\/\/tremunpiercing.com\/it\/wp-json\/wp\/v2\/product"}],"about":[{"href":"https:\/\/tremunpiercing.com\/it\/wp-json\/wp\/v2\/types\/product"}],"replies":[{"embeddable":true,"href":"https:\/\/tremunpiercing.com\/it\/wp-json\/wp\/v2\/comments?post=8587"}],"version-history":[{"count":1,"href":"https:\/\/tremunpiercing.com\/it\/wp-json\/wp\/v2\/product\/8587\/revisions"}],"predecessor-version":[{"id":29690,"href":"https:\/\/tremunpiercing.com\/it\/wp-json\/wp\/v2\/product\/8587\/revisions\/29690"}],"wp:featuredmedia":[{"embeddable":true,"href":"https:\/\/tremunpiercing.com\/it\/wp-json\/wp\/v2\/media\/18605"}],"wp:attachment":[{"href":"https:\/\/tremunpiercing.com\/it\/wp-json\/wp\/v2\/media?parent=8587"}],"wp:term":[{"taxonomy":"product_brand","embeddable":true,"href":"https:\/\/tremunpiercing.com\/it\/wp-json\/wp\/v2\/product_brand?post=8587"},{"taxonomy":"product_cat","embeddable":true,"href":"https:\/\/tremunpiercing.com\/it\/wp-json\/wp\/v2\/product_cat?post=8587"},{"taxonomy":"product_tag","embeddable":true,"href":"https:\/\/tremunpiercing.com\/it\/wp-json\/wp\/v2\/product_tag?post=8587"}],"curies":[{"name":"wp","href":"https:\/\/api.w.org\/{rel}","templated":true}]}}