{"id":8589,"date":"2023-12-07T18:44:58","date_gmt":"2023-12-07T17:44:58","guid":{"rendered":"https:\/\/tremunpiercing.com\/?post_type=product&#038;p=8589"},"modified":"2026-03-11T11:12:30","modified_gmt":"2026-03-11T10:12:30","slug":"cordis-white-gold","status":"publish","type":"product","link":"https:\/\/tremunpiercing.com\/it\/product\/cordis-white-gold\/","title":{"rendered":"Cordis Oro bianco"},"content":{"rendered":"<p>Il top Cordis White Gold aggiunge un tocco di pura eleganza a qualsiasi collezione di piercing. Questo top con filettatura interna \u00e8 realizzato con materiali pregiati, tra cui oro bianco massiccio a 14 carati e zirconi SW di qualit\u00e0 stellare per garantire lucentezza e comfort. Disponibile nelle misure 5 mm x 6 mm e 6 mm x 7 mm, il top in oro bianco \u00e8 ideale per i piercing all'orecchio (helix, conchiglia e tragus) e alle labbra, e pu\u00f2 essere indossato su un perno 16G o 14G.<\/p>\n<p>Questo pezzo di qualit\u00e0 \u00e8 caratterizzato da un'eccezionale attenzione ai dettagli e rappresenta un'ottima opzione per gli studi che desiderano cambiare i gioielli a livello di lusso. Ogni pezzo raggiunge un'eleganza e una professionalit\u00e0 senza tempo nella gioielleria per piercing. L'oro bianco Cordis \u00e8 un'opzione di gioielleria che i rivenditori e i professionisti del piercing dovrebbero sempre avere a disposizione nelle loro collezioni di piercing.<\/p>","protected":false},"excerpt":{"rendered":"<ul>\n<li>Filettato internamente<\/li>\n<li>Materiale: Oro bianco 14k<\/li>\n<li>Gemma: SW CZ<\/li>\n<li>Calibro: 16G - 14G<\/li>\n<li>Dimensioni: 5 mm x 6 mm - 6 mm x 7 mm<\/li>\n<\/ul>","protected":false},"featured_media":12505,"comment_status":"closed","ping_status":"closed","template":"","meta":{"_acf_changed":false},"product_brand":[],"product_cat":[337,463,400],"product_tag":[187,188,189,205,206,212,190,183,213,184,207],"class_list":{"0":"post-8589","1":"product","2":"type-product","3":"status-publish","4":"has-post-thumbnail","6":"product_cat-gold-jewelry","7":"product_cat-tops-gold-tremun","8":"product_cat-tremun","9":"product_tag-conch","10":"product_tag-ear","11":"product_tag-helix","12":"product_tag-lobe","13":"product_tag-lobulo","14":"product_tag-medusa","15":"product_tag-oreja","16":"product_tag-perforacion","17":"product_tag-philtrum","18":"product_tag-piercing","19":"product_tag-tragus","21":"first","22":"instock","23":"taxable","24":"shipping-taxable","25":"product-type-variable"},"acf":[],"gallery_images":[],"_links":{"self":[{"href":"https:\/\/tremunpiercing.com\/it\/wp-json\/wp\/v2\/product\/8589","targetHints":{"allow":["GET"]}}],"collection":[{"href":"https:\/\/tremunpiercing.com\/it\/wp-json\/wp\/v2\/product"}],"about":[{"href":"https:\/\/tremunpiercing.com\/it\/wp-json\/wp\/v2\/types\/product"}],"replies":[{"embeddable":true,"href":"https:\/\/tremunpiercing.com\/it\/wp-json\/wp\/v2\/comments?post=8589"}],"version-history":[{"count":0,"href":"https:\/\/tremunpiercing.com\/it\/wp-json\/wp\/v2\/product\/8589\/revisions"}],"wp:featuredmedia":[{"embeddable":true,"href":"https:\/\/tremunpiercing.com\/it\/wp-json\/wp\/v2\/media\/12505"}],"wp:attachment":[{"href":"https:\/\/tremunpiercing.com\/it\/wp-json\/wp\/v2\/media?parent=8589"}],"wp:term":[{"taxonomy":"product_brand","embeddable":true,"href":"https:\/\/tremunpiercing.com\/it\/wp-json\/wp\/v2\/product_brand?post=8589"},{"taxonomy":"product_cat","embeddable":true,"href":"https:\/\/tremunpiercing.com\/it\/wp-json\/wp\/v2\/product_cat?post=8589"},{"taxonomy":"product_tag","embeddable":true,"href":"https:\/\/tremunpiercing.com\/it\/wp-json\/wp\/v2\/product_tag?post=8589"}],"curies":[{"name":"wp","href":"https:\/\/api.w.org\/{rel}","templated":true}]}}