{"id":8823,"date":"2024-01-16T20:39:57","date_gmt":"2024-01-16T19:39:57","guid":{"rendered":"https:\/\/tremunpiercing.com\/?post_type=product&#038;p=8823"},"modified":"2026-04-17T15:14:22","modified_gmt":"2026-04-17T14:14:22","slug":"clap-customizable-display-vertica-base","status":"publish","type":"product","link":"https:\/\/tremunpiercing.com\/it\/product\/clap-customizable-display-vertica-base\/","title":{"rendered":"Clap! Display personalizzabile - Base verticale"},"content":{"rendered":"<p>Siete frustrati dal disordine sul vostro piano di lavoro? La risposta \u00e8 questo espositore verticale che costituisce la base del sistema Clap! I coperchi da esposizione Clap! devono essere posizionati proprio sulla parte superiore della base. \u00c8 possibile impilare i coperchi a due altezze. In questo modo \u00e8 possibile esporre un numero ancora maggiore di gioielli senza utilizzare altro spazio sul bancone. \u00c8 un modo intelligente per esporre le estremit\u00e0 e gli anelli pi\u00f9 venduti. Create una presentazione di grande effetto per i vostri clienti, con un look fresco, pulito e moderno che permette ai clienti di vedere tutto chiaramente.<\/p>","protected":false},"excerpt":{"rendered":"<ul>\n<li>Clap! Base verticale<\/li>\n<li>Display personalizzabile per i gioielli da body piercing<\/li>\n<li>Solo base<\/li>\n<li>Il coperchio \u00e8 venduto separatamente<\/li>\n<li>\u00c8 possibile posizionare fino a due coperchi sulla parte superiore<\/li>\n<\/ul>","protected":false},"featured_media":8977,"comment_status":"closed","ping_status":"closed","template":"","meta":{"_acf_changed":false},"product_brand":[],"product_cat":[328,415,450],"product_tag":[],"class_list":{"0":"post-8823","1":"product","2":"type-product","3":"status-publish","4":"has-post-thumbnail","6":"product_cat-supplies","7":"product_cat-clap","8":"product_cat-clap-classic","10":"first","11":"instock","12":"taxable","13":"shipping-taxable","14":"purchasable","15":"product-type-simple"},"acf":[],"gallery_images":[8976,8973,8825,8829,8826,8827,8828,8972,8974,8975,9100,9101,9102],"_links":{"self":[{"href":"https:\/\/tremunpiercing.com\/it\/wp-json\/wp\/v2\/product\/8823","targetHints":{"allow":["GET"]}}],"collection":[{"href":"https:\/\/tremunpiercing.com\/it\/wp-json\/wp\/v2\/product"}],"about":[{"href":"https:\/\/tremunpiercing.com\/it\/wp-json\/wp\/v2\/types\/product"}],"replies":[{"embeddable":true,"href":"https:\/\/tremunpiercing.com\/it\/wp-json\/wp\/v2\/comments?post=8823"}],"version-history":[{"count":1,"href":"https:\/\/tremunpiercing.com\/it\/wp-json\/wp\/v2\/product\/8823\/revisions"}],"predecessor-version":[{"id":28510,"href":"https:\/\/tremunpiercing.com\/it\/wp-json\/wp\/v2\/product\/8823\/revisions\/28510"}],"wp:featuredmedia":[{"embeddable":true,"href":"https:\/\/tremunpiercing.com\/it\/wp-json\/wp\/v2\/media\/8977"}],"wp:attachment":[{"href":"https:\/\/tremunpiercing.com\/it\/wp-json\/wp\/v2\/media?parent=8823"}],"wp:term":[{"taxonomy":"product_brand","embeddable":true,"href":"https:\/\/tremunpiercing.com\/it\/wp-json\/wp\/v2\/product_brand?post=8823"},{"taxonomy":"product_cat","embeddable":true,"href":"https:\/\/tremunpiercing.com\/it\/wp-json\/wp\/v2\/product_cat?post=8823"},{"taxonomy":"product_tag","embeddable":true,"href":"https:\/\/tremunpiercing.com\/it\/wp-json\/wp\/v2\/product_tag?post=8823"}],"curies":[{"name":"wp","href":"https:\/\/api.w.org\/{rel}","templated":true}]}}