{"id":16219,"date":"2025-04-22T19:19:26","date_gmt":"2025-04-22T18:19:26","guid":{"rendered":"https:\/\/tremunpiercing.com\/?post_type=product&#038;p=16219"},"modified":"2026-04-13T15:26:07","modified_gmt":"2026-04-13T14:26:07","slug":"circular-barbell-big-gauge","status":"publish","type":"product","link":"https:\/\/tremunpiercing.com\/nl\/product\/circular-barbell-big-gauge\/","title":{"rendered":"Circulaire Barbell Grote Maat"},"content":{"rendered":"<p data-pm-slice=\"1 1 []\">De Circular Barbell Big Gauge is gemaakt van Implant Grade Titanium F-136, dat de beste sterkte, de beste veiligheid en de beste hypoallergene eigenschappen biedt voor professionals die onze industrie over de hele wereld vormgeven. Elk stuk is gemaakt met behulp van interne schroefdraad, wat zorgt voor soepele inbrengingen. Joyer\u00eda de acero inoxidable verkrijgbaar in 10G - 8G - 6G - 4G met 14 mm - 16 mm - 18 mm de di\u00e1metro en tama\u00f1os de bola de 5 mm - 8 mm. Perfect voor uitgerekte piercings en gedurfde looks. De barbell wordt vertrouwd door piercingstudio's, tattooshops en professionele leveranciers van lichaamssieraden in Europa.<\/p>","protected":false},"excerpt":{"rendered":"<ul>\n<li>Inwendige schroefdraad<\/li>\n<li>Materiaal: Titanium F-136 voor implantaten<\/li>\n<li>Maat: 10G - 8G - 6G - 4G<\/li>\n<li>Diameter: 14mm - 16mm - 18mm<\/li>\n<li>Balgrootte: 5mm - 6mm - 8mm<\/li>\n<\/ul>","protected":false},"featured_media":16296,"comment_status":"open","ping_status":"closed","template":"","meta":{"_acf_changed":false},"product_brand":[],"product_cat":[340,448],"product_tag":[224,194,188,189,210,211,190,183,184,197,198],"class_list":{"0":"post-16219","1":"product","2":"type-product","3":"status-publish","4":"has-post-thumbnail","6":"product_cat-titanium-jewelry","7":"product_cat-big-gauges","8":"product_tag-captive-ring","9":"product_tag-daith","10":"product_tag-ear","11":"product_tag-helix","12":"product_tag-labret","13":"product_tag-lip","14":"product_tag-oreja","15":"product_tag-perforacion","16":"product_tag-piercing","17":"product_tag-ring","18":"product_tag-septum","20":"first","21":"instock","22":"taxable","23":"shipping-taxable","24":"purchasable","25":"product-type-variable"},"acf":[],"gallery_images":[27733,27734],"_links":{"self":[{"href":"https:\/\/tremunpiercing.com\/nl\/wp-json\/wp\/v2\/product\/16219","targetHints":{"allow":["GET"]}}],"collection":[{"href":"https:\/\/tremunpiercing.com\/nl\/wp-json\/wp\/v2\/product"}],"about":[{"href":"https:\/\/tremunpiercing.com\/nl\/wp-json\/wp\/v2\/types\/product"}],"replies":[{"embeddable":true,"href":"https:\/\/tremunpiercing.com\/nl\/wp-json\/wp\/v2\/comments?post=16219"}],"version-history":[{"count":1,"href":"https:\/\/tremunpiercing.com\/nl\/wp-json\/wp\/v2\/product\/16219\/revisions"}],"predecessor-version":[{"id":27735,"href":"https:\/\/tremunpiercing.com\/nl\/wp-json\/wp\/v2\/product\/16219\/revisions\/27735"}],"wp:featuredmedia":[{"embeddable":true,"href":"https:\/\/tremunpiercing.com\/nl\/wp-json\/wp\/v2\/media\/16296"}],"wp:attachment":[{"href":"https:\/\/tremunpiercing.com\/nl\/wp-json\/wp\/v2\/media?parent=16219"}],"wp:term":[{"taxonomy":"product_brand","embeddable":true,"href":"https:\/\/tremunpiercing.com\/nl\/wp-json\/wp\/v2\/product_brand?post=16219"},{"taxonomy":"product_cat","embeddable":true,"href":"https:\/\/tremunpiercing.com\/nl\/wp-json\/wp\/v2\/product_cat?post=16219"},{"taxonomy":"product_tag","embeddable":true,"href":"https:\/\/tremunpiercing.com\/nl\/wp-json\/wp\/v2\/product_tag?post=16219"}],"curies":[{"name":"wp","href":"https:\/\/api.w.org\/{rel}","templated":true}]}}