{"id":10119,"date":"2024-08-21T19:10:34","date_gmt":"2024-08-21T18:10:34","guid":{"rendered":"https:\/\/tremunpiercing.com\/?post_type=product&#038;p=10119"},"modified":"2025-12-04T14:10:24","modified_gmt":"2025-12-04T13:10:24","slug":"square-alisea-1","status":"publish","type":"product","link":"https:\/\/tremunpiercing.com\/pl\/product\/square-alisea-1\/","title":{"rendered":"Square Alisea 1"},"content":{"rendered":"<p>Square Alisea 1 od Shanga Jewellery to idealne po\u0142\u0105czenie luksusu i praktyczno\u015bci dla Twoich ulubionych profesjonalist\u00f3w od piercingu. Wykonana z litego 18-karatowego \u017c\u00f3\u0142tego z\u0142ota, ta bezgwintowa szpilka jest ozdobiona b\u0142yszcz\u0105cym sze\u015bciennym kamieniem cyrkoniowym w \u015brodku, co zapewnia czyste, dyskretne wyko\u0144czenie. Kompatybilny z bezgwintowymi sztyftami 16G i 14G, Square Alisea 1 oferuje przek\u0142uwaczom \u0142atw\u0105 kompatybilno\u015b\u0107 i wygodne dopasowanie, jednocze\u015bnie zabezpieczaj\u0105c bi\u017cuteri\u0119 na miejscu.<\/p>\n<p>Kwadratowa Alisea 1 jest dost\u0119pna w du\u017cych i ma\u0142ych rozmiarach dla klient\u00f3w, kt\u00f3rzy lubi\u0105 opcj\u0119 po\u0142\u0105czenia niedopowiedzianego i bardziej wszystkiego z wyrazistym wygl\u0105dem, aby zaoferowa\u0107 naszym klientom. Bi\u017cuteria ta mo\u017ce by\u0107 u\u017cywana zar\u00f3wno do pierwszych przek\u0142u\u0107, jak i do codziennego noszenia. Ma zalety jako bi\u017cuteria do piercingu, poniewa\u017c jest lekka, ale tak\u017ce trwa\u0142a do d\u0142ugotrwa\u0142ego noszenia i zosta\u0142a zaprojektowana z ponadczasowym kwadratowym wygl\u0105dem dla klient\u00f3w poszukuj\u0105cych minimalistycznego luksusu.<\/p>\n<p>Square Alisea 1 to \u015bwietny produkt dla studia piercingu, sklepu tatua\u017cu lub dostawcy hurtowego. Square Alisea 1 to \u015bwietna reprezentacja jako\u015bci i kunsztu, a tak\u017ce nowoczesnego wzornictwa w linii Shanga. Zaopatruj\u0105c si\u0119 w Square Alisea 1, zagwarantujesz swoim klientom dost\u0119p do najwy\u017cszej jako\u015bci bi\u017cuterii do piercingu do codziennego noszenia i okazjonalnego stylu.<\/p>","protected":false},"excerpt":{"rendered":"<ul>\n<li>Bezgwintowy - g\u00f3rny trzpie\u0144<\/li>\n<li>Materia\u0142: \u017b\u00f3\u0142te z\u0142oto 18k, szpilka nierdzewna<\/li>\n<li>Klejnot: Cyrkonia sze\u015bcienna<\/li>\n<li>Kompatybilny z bezgwintowymi sztyftami 16G i 14G<\/li>\n<li>Rozmiar: Du\u017cy - Ma\u0142y<\/li>\n<li>Marka: Shanga Jewellery<\/li>\n<\/ul>","protected":false},"featured_media":10122,"comment_status":"closed","ping_status":"closed","template":"","meta":{"_acf_changed":false},"product_brand":[],"product_cat":[337,398],"product_tag":[187,188,189,205,206,212,190,183,213,184,207],"class_list":{"0":"post-10119","1":"product","2":"type-product","3":"status-publish","4":"has-post-thumbnail","6":"product_cat-gold-jewelry","7":"product_cat-shanga","8":"product_tag-conch","9":"product_tag-ear","10":"product_tag-helix","11":"product_tag-lobe","12":"product_tag-lobulo","13":"product_tag-medusa","14":"product_tag-oreja","15":"product_tag-perforacion","16":"product_tag-philtrum","17":"product_tag-piercing","18":"product_tag-tragus","20":"first","21":"instock","22":"taxable","23":"shipping-taxable","24":"product-type-variable"},"acf":[],"gallery_images":[],"_links":{"self":[{"href":"https:\/\/tremunpiercing.com\/pl\/wp-json\/wp\/v2\/product\/10119","targetHints":{"allow":["GET"]}}],"collection":[{"href":"https:\/\/tremunpiercing.com\/pl\/wp-json\/wp\/v2\/product"}],"about":[{"href":"https:\/\/tremunpiercing.com\/pl\/wp-json\/wp\/v2\/types\/product"}],"replies":[{"embeddable":true,"href":"https:\/\/tremunpiercing.com\/pl\/wp-json\/wp\/v2\/comments?post=10119"}],"version-history":[{"count":0,"href":"https:\/\/tremunpiercing.com\/pl\/wp-json\/wp\/v2\/product\/10119\/revisions"}],"wp:featuredmedia":[{"embeddable":true,"href":"https:\/\/tremunpiercing.com\/pl\/wp-json\/wp\/v2\/media\/10122"}],"wp:attachment":[{"href":"https:\/\/tremunpiercing.com\/pl\/wp-json\/wp\/v2\/media?parent=10119"}],"wp:term":[{"taxonomy":"product_brand","embeddable":true,"href":"https:\/\/tremunpiercing.com\/pl\/wp-json\/wp\/v2\/product_brand?post=10119"},{"taxonomy":"product_cat","embeddable":true,"href":"https:\/\/tremunpiercing.com\/pl\/wp-json\/wp\/v2\/product_cat?post=10119"},{"taxonomy":"product_tag","embeddable":true,"href":"https:\/\/tremunpiercing.com\/pl\/wp-json\/wp\/v2\/product_tag?post=10119"}],"curies":[{"name":"wp","href":"https:\/\/api.w.org\/{rel}","templated":true}]}}