{"id":10123,"date":"2024-08-21T19:15:40","date_gmt":"2024-08-21T18:15:40","guid":{"rendered":"https:\/\/tremunpiercing.com\/?post_type=product&#038;p=10123"},"modified":"2025-12-04T14:14:35","modified_gmt":"2025-12-04T13:14:35","slug":"square-alisea-2","status":"publish","type":"product","link":"https:\/\/tremunpiercing.com\/pl\/product\/square-alisea-2\/","title":{"rendered":"Square Alisea 2"},"content":{"rendered":"<p>Shanga Jewellery Square Alisea 2 to elegancki wyb\u00f3r, aby poszerzy\u0107 swoj\u0105 profesjonaln\u0105 kolekcj\u0119 piercingu. Ta bezgwintowa nak\u0142adka na szpilk\u0119 jest wykonana z 18-karatowego \u017c\u00f3\u0142tego z\u0142ota, dzi\u0119ki czemu wiesz, \u017ce korzystasz z najlepszej jako\u015bci w wysokiej klasy studiach piercingu i sklepach. Kwadratowy szlif cyrkonii dobrze odbija \u015bwiat\u0142o, zapewniaj\u0105c ponadczasowy blask klientom, kt\u00f3rzy pragn\u0105 szlachetnej bi\u017cuterii. Square Alisea 2 pasuje r\u00f3wnie\u017c do bezgwintowych sztyft\u00f3w 16G i 14G, dzi\u0119ki czemu mo\u017cna go u\u017cywa\u0107 do szerokiej gamy przek\u0142u\u0107, takich jak helisa, tragus i usta.<\/p>\n<p>Top jest dostarczany w du\u017cych i ma\u0142ych rozmiarach, umo\u017cliwiaj\u0105c piercerowi dodatkowe dostosowanie podczas tworzenia ostatecznego wygl\u0105du dla klienta. Shanga Jewellery to zaufana marka w bran\u017cy bi\u017cuterii do cia\u0142a i profesjonalnego piercingu, a ich produkty s\u0105 nie tylko pi\u0119kne, ale tak\u017ce bezpieczne i wystarczaj\u0105co wygodne do codziennego noszenia. Ten projekt jest idealny dla studi\u00f3w piercingu i dostawc\u00f3w bi\u017cuterii do cia\u0142a, kt\u00f3rzy chc\u0105 rozszerzy\u0107 swoje z\u0142ote linie premium o niezawodny i modny z\u0142oty top, kt\u00f3ry mo\u017cna \u0142atwo dopasowa\u0107.<\/p>","protected":false},"excerpt":{"rendered":"<ul>\n<li>Bezgwintowy - g\u00f3rny trzpie\u0144<\/li>\n<li>Materia\u0142: \u017b\u00f3\u0142te z\u0142oto 18k g\u00f3ra, nierdzewna szpilka<\/li>\n<li>Klejnot: Cyrkonia sze\u015bcienna<\/li>\n<li>Kompatybilny z bezgwintowymi sztyftami 16G i 14G<\/li>\n<li>Rozmiar: Du\u017cy - Ma\u0142y<\/li>\n<li>Marka: Shanga Jewellery<\/li>\n<\/ul>","protected":false},"featured_media":10126,"comment_status":"closed","ping_status":"closed","template":"","meta":{"_acf_changed":false},"product_brand":[],"product_cat":[337,398],"product_tag":[187,188,189,205,206,212,190,183,213,184,207],"class_list":{"0":"post-10123","1":"product","2":"type-product","3":"status-publish","4":"has-post-thumbnail","6":"product_cat-gold-jewelry","7":"product_cat-shanga","8":"product_tag-conch","9":"product_tag-ear","10":"product_tag-helix","11":"product_tag-lobe","12":"product_tag-lobulo","13":"product_tag-medusa","14":"product_tag-oreja","15":"product_tag-perforacion","16":"product_tag-philtrum","17":"product_tag-piercing","18":"product_tag-tragus","20":"first","21":"instock","22":"taxable","23":"shipping-taxable","24":"product-type-variable"},"acf":[],"gallery_images":[],"_links":{"self":[{"href":"https:\/\/tremunpiercing.com\/pl\/wp-json\/wp\/v2\/product\/10123","targetHints":{"allow":["GET"]}}],"collection":[{"href":"https:\/\/tremunpiercing.com\/pl\/wp-json\/wp\/v2\/product"}],"about":[{"href":"https:\/\/tremunpiercing.com\/pl\/wp-json\/wp\/v2\/types\/product"}],"replies":[{"embeddable":true,"href":"https:\/\/tremunpiercing.com\/pl\/wp-json\/wp\/v2\/comments?post=10123"}],"version-history":[{"count":0,"href":"https:\/\/tremunpiercing.com\/pl\/wp-json\/wp\/v2\/product\/10123\/revisions"}],"wp:featuredmedia":[{"embeddable":true,"href":"https:\/\/tremunpiercing.com\/pl\/wp-json\/wp\/v2\/media\/10126"}],"wp:attachment":[{"href":"https:\/\/tremunpiercing.com\/pl\/wp-json\/wp\/v2\/media?parent=10123"}],"wp:term":[{"taxonomy":"product_brand","embeddable":true,"href":"https:\/\/tremunpiercing.com\/pl\/wp-json\/wp\/v2\/product_brand?post=10123"},{"taxonomy":"product_cat","embeddable":true,"href":"https:\/\/tremunpiercing.com\/pl\/wp-json\/wp\/v2\/product_cat?post=10123"},{"taxonomy":"product_tag","embeddable":true,"href":"https:\/\/tremunpiercing.com\/pl\/wp-json\/wp\/v2\/product_tag?post=10123"}],"curies":[{"name":"wp","href":"https:\/\/api.w.org\/{rel}","templated":true}]}}