{"id":10154,"date":"2024-08-22T14:41:04","date_gmt":"2024-08-22T13:41:04","guid":{"rendered":"https:\/\/tremunpiercing.com\/?post_type=product&#038;p=10154"},"modified":"2026-04-14T11:14:29","modified_gmt":"2026-04-14T10:14:29","slug":"firenze","status":"publish","type":"product","link":"https:\/\/tremunpiercing.com\/pl\/product\/firenze\/","title":{"rendered":"Firenze"},"content":{"rendered":"<p>Odkryj ponadczasowy luksus dla swojej kolekcji piercing\u00f3w w gwintowanym topie Firenze od Shanga Jewellery. Wykonany w ca\u0142o\u015bci z 18-karatowego \u017c\u00f3\u0142tego z\u0142ota, top Firenze ma wymiary 6,7 mm x 4,1 mm i zawiera wykwintne cyrkonie sze\u015bcienne zapewniaj\u0105ce wyj\u0105tkowy blask. Wierzcho\u0142ek ma gwintowan\u0105 konstrukcj\u0119 14G, co zapewnia bezpieczne i niezawodne dopasowanie zar\u00f3wno dla piercer\u00f3w, jak i klient\u00f3w. Gwintowany top Firenze jest kompatybilny ze sztyftami wargowymi 14G i wyj\u0105tkowo nadaje si\u0119 do chrz\u0105stki, wargi i innych kompatybilnych i trwa\u0142ych kolczyk\u00f3w.<\/p>\n<p>Po\u0142\u0105czenie z\u0142ota i b\u0142yszcz\u0105cych cyrkonii sprawia, \u017ce ta bi\u017cuteria nie wymaga wysi\u0142ku - jest wystarczaj\u0105co subtelna, aby nosi\u0107 j\u0105 na co dzie\u0144, ale jednocze\u015bnie ol\u015bniewa, gdy jest w\u0142\u0105czona do wi\u0119kszych ekspozycji. Zaprojektowany do u\u017cytku profesjonalnego, gwintowany top Firenze jest hipoalergiczny i wykonany z my\u015bl\u0105 o wra\u017cliwej sk\u00f3rze, co zapewnia dodatkowy komfort i bezpiecze\u0144stwo. Niezale\u017cnie od tego, czy jeste\u015b studiem piercingu, czy sprzedawc\u0105 bi\u017cuterii, top Firenze jest niezb\u0119dny do obecno\u015bci wysokiej jako\u015bci z\u0142otych top\u00f3w do piercingu, kt\u00f3re przetrwaj\u0105 pr\u00f3b\u0119 czasu.<\/p>","protected":false},"excerpt":{"rendered":"<ul>\n<li>Gwintowana g\u00f3ra<\/li>\n<li>Materia\u0142: \u017b\u00f3\u0142te z\u0142oto 18k<\/li>\n<li>Grubo\u015b\u0107: 14G<\/li>\n<li>Rozmiar: 6,7 mm x 4,1 mm<\/li>\n<li>Klejnot: Cyrkonia sze\u015bcienna<\/li>\n<li>Kompatybilny ze sztyftami labret 14G<\/li>\n<li>Marka: Shanga Jewellery<\/li>\n<\/ul>","protected":false},"featured_media":12808,"comment_status":"closed","ping_status":"closed","template":"","meta":{"_acf_changed":false},"product_brand":[],"product_cat":[337,398],"product_tag":[187,188,189,205,206,212,190,183,213,184,207],"class_list":{"0":"post-10154","1":"product","2":"type-product","3":"status-publish","4":"has-post-thumbnail","6":"product_cat-gold-jewelry","7":"product_cat-shanga","8":"product_tag-conch","9":"product_tag-ear","10":"product_tag-helix","11":"product_tag-lobe","12":"product_tag-lobulo","13":"product_tag-medusa","14":"product_tag-oreja","15":"product_tag-perforacion","16":"product_tag-philtrum","17":"product_tag-piercing","18":"product_tag-tragus","20":"first","21":"instock","22":"featured","23":"taxable","24":"shipping-taxable","25":"purchasable","26":"product-type-simple"},"acf":[],"gallery_images":[29619,29618],"_links":{"self":[{"href":"https:\/\/tremunpiercing.com\/pl\/wp-json\/wp\/v2\/product\/10154","targetHints":{"allow":["GET"]}}],"collection":[{"href":"https:\/\/tremunpiercing.com\/pl\/wp-json\/wp\/v2\/product"}],"about":[{"href":"https:\/\/tremunpiercing.com\/pl\/wp-json\/wp\/v2\/types\/product"}],"replies":[{"embeddable":true,"href":"https:\/\/tremunpiercing.com\/pl\/wp-json\/wp\/v2\/comments?post=10154"}],"version-history":[{"count":1,"href":"https:\/\/tremunpiercing.com\/pl\/wp-json\/wp\/v2\/product\/10154\/revisions"}],"predecessor-version":[{"id":29620,"href":"https:\/\/tremunpiercing.com\/pl\/wp-json\/wp\/v2\/product\/10154\/revisions\/29620"}],"wp:featuredmedia":[{"embeddable":true,"href":"https:\/\/tremunpiercing.com\/pl\/wp-json\/wp\/v2\/media\/12808"}],"wp:attachment":[{"href":"https:\/\/tremunpiercing.com\/pl\/wp-json\/wp\/v2\/media?parent=10154"}],"wp:term":[{"taxonomy":"product_brand","embeddable":true,"href":"https:\/\/tremunpiercing.com\/pl\/wp-json\/wp\/v2\/product_brand?post=10154"},{"taxonomy":"product_cat","embeddable":true,"href":"https:\/\/tremunpiercing.com\/pl\/wp-json\/wp\/v2\/product_cat?post=10154"},{"taxonomy":"product_tag","embeddable":true,"href":"https:\/\/tremunpiercing.com\/pl\/wp-json\/wp\/v2\/product_tag?post=10154"}],"curies":[{"name":"wp","href":"https:\/\/api.w.org\/{rel}","templated":true}]}}