{"id":10157,"date":"2024-08-22T15:05:05","date_gmt":"2024-08-22T14:05:05","guid":{"rendered":"https:\/\/tremunpiercing.com\/?post_type=product&#038;p=10157"},"modified":"2025-12-04T16:10:04","modified_gmt":"2025-12-04T15:10:04","slug":"venezia","status":"publish","type":"product","link":"https:\/\/tremunpiercing.com\/pl\/product\/venezia\/","title":{"rendered":"Venezia"},"content":{"rendered":"<p>Bezgwintowy top Venezia od Shanga Jewellery jest pi\u0119knym dodatkiem do ka\u017cdego piercingu i z pewno\u015bci\u0105 wniesie inspirowan\u0105 W\u0142ochami elegancj\u0119 do Twojego pude\u0142ka z bi\u017cuteri\u0105. Zawieszka Venezia zosta\u0142a wykonana z 18-karatowego \u017c\u00f3\u0142tego z\u0142ota i ozdobiona ol\u015bniewaj\u0105cymi sze\u015bciennymi cyrkoniami. Venezia jest dost\u0119pna w dw\u00f3ch rozmiarach: du\u017cym (5,4 mm x 4 mm) i ma\u0142ym (3,9 mm x 2,9 mm), co pozwala na dostosowanie jej do w\u0142asnych upodoba\u0144 lub preferowanego umiejscowienia bi\u017cuterii. Bezpieczna gwintowana klauzula zapewnia bezpieczne i wygodne dopasowanie zar\u00f3wno dla piercera, jak i klienta, umo\u017cliwiaj\u0105c jednocze\u015bnie \u0142atw\u0105 zmian\u0119 bi\u017cuterii. Bezgwintowy top Venezia jest kompatybilny zar\u00f3wno z bezgwintowymi sztyftami 16G, jak i 14G i pasuje do szerokiej gamy kolczyk\u00f3w, w tym warg, uszu i nozdrzy.<\/p>\n<p>Klasyczne po\u0142\u0105czenie z\u0142ota i kamieni sprawia, \u017ce jest to solidny element dla studi\u00f3w, kt\u00f3re chc\u0105 zaopatrzy\u0107 si\u0119 w wysokiej jako\u015bci, hipoalergiczn\u0105 bi\u017cuteri\u0119, kt\u00f3ra spe\u0142ni profesjonalne standardy. Luksusowe wyko\u0144czenie Venezii i dobrze wykonany design sprawiaj\u0105, \u017ce jest to pi\u0119kny produkt dla sprzedawc\u00f3w piercingu i profesjonalist\u00f3w poszukuj\u0105cych szlachetnych z\u0142otych blat\u00f3w, kt\u00f3re doceni\u0105 klienci.<\/p>","protected":false},"excerpt":{"rendered":"<ul>\n<li>Bezgwintowy - g\u00f3rny trzpie\u0144<\/li>\n<li>Materia\u0142: \u017b\u00f3\u0142te z\u0142oto 18k g\u00f3ra, nierdzewna szpilka<\/li>\n<li>Klejnot: Cyrkonia sze\u015bcienna<\/li>\n<li>Kompatybilny z bezgwintowymi sztyftami 16G i 14G<\/li>\n<li>Rozmiar: Du\u017cy 5,4 mm x 4 mm - Ma\u0142y 3,9 mm x 2,9 mm<\/li>\n<li>Marka: Shanga Jewellery<\/li>\n<\/ul>","protected":false},"featured_media":10160,"comment_status":"closed","ping_status":"closed","template":"","meta":{"_acf_changed":false},"product_brand":[],"product_cat":[337,398],"product_tag":[187,188,189,205,206,212,190,183,213,184,207],"class_list":{"0":"post-10157","1":"product","2":"type-product","3":"status-publish","4":"has-post-thumbnail","6":"product_cat-gold-jewelry","7":"product_cat-shanga","8":"product_tag-conch","9":"product_tag-ear","10":"product_tag-helix","11":"product_tag-lobe","12":"product_tag-lobulo","13":"product_tag-medusa","14":"product_tag-oreja","15":"product_tag-perforacion","16":"product_tag-philtrum","17":"product_tag-piercing","18":"product_tag-tragus","20":"first","21":"instock","22":"taxable","23":"shipping-taxable","24":"product-type-variable"},"acf":[],"gallery_images":[],"_links":{"self":[{"href":"https:\/\/tremunpiercing.com\/pl\/wp-json\/wp\/v2\/product\/10157","targetHints":{"allow":["GET"]}}],"collection":[{"href":"https:\/\/tremunpiercing.com\/pl\/wp-json\/wp\/v2\/product"}],"about":[{"href":"https:\/\/tremunpiercing.com\/pl\/wp-json\/wp\/v2\/types\/product"}],"replies":[{"embeddable":true,"href":"https:\/\/tremunpiercing.com\/pl\/wp-json\/wp\/v2\/comments?post=10157"}],"version-history":[{"count":0,"href":"https:\/\/tremunpiercing.com\/pl\/wp-json\/wp\/v2\/product\/10157\/revisions"}],"wp:featuredmedia":[{"embeddable":true,"href":"https:\/\/tremunpiercing.com\/pl\/wp-json\/wp\/v2\/media\/10160"}],"wp:attachment":[{"href":"https:\/\/tremunpiercing.com\/pl\/wp-json\/wp\/v2\/media?parent=10157"}],"wp:term":[{"taxonomy":"product_brand","embeddable":true,"href":"https:\/\/tremunpiercing.com\/pl\/wp-json\/wp\/v2\/product_brand?post=10157"},{"taxonomy":"product_cat","embeddable":true,"href":"https:\/\/tremunpiercing.com\/pl\/wp-json\/wp\/v2\/product_cat?post=10157"},{"taxonomy":"product_tag","embeddable":true,"href":"https:\/\/tremunpiercing.com\/pl\/wp-json\/wp\/v2\/product_tag?post=10157"}],"curies":[{"name":"wp","href":"https:\/\/api.w.org\/{rel}","templated":true}]}}