{"id":10168,"date":"2024-08-22T16:17:26","date_gmt":"2024-08-22T15:17:26","guid":{"rendered":"https:\/\/tremunpiercing.com\/?post_type=product&#038;p=10168"},"modified":"2025-12-04T13:22:32","modified_gmt":"2025-12-04T12:22:32","slug":"pear-chevron-2","status":"publish","type":"product","link":"https:\/\/tremunpiercing.com\/pl\/product\/pear-chevron-2\/","title":{"rendered":"Gruszka Chevron"},"content":{"rendered":"<p>Pear Chevron to pi\u0119kny i elastyczny top bi\u017cuteryjny marki Shanga Jewellery dla profesjonalnych piercer\u00f3w. Wykonana z 18-karatowego \u017c\u00f3\u0142tego z\u0142ota, bezgwintowa szpilka zawiera cyrkoni\u0119 w kszta\u0142cie gruszki. Jest sprzedawany w 2 rozmiarach, du\u017cym 3,3 mm x 5,5 mm i ma\u0142ym 2,2 mm x 4,5 mm, aby zapewni\u0107 elastyczno\u015b\u0107 w umieszczaniu w spirali, tragusie, nozdrzu i kolczykach p\u0142atkowych. Szewronowy styl g\u00f3rnej cz\u0119\u015bci bi\u017cuterii wydobywa blask klejnotu, zapewniaj\u0105c jednocze\u015bnie ostry, nowoczesny, kanciasty styl. Jest wszechstronny dla bezgwintowych sztyft\u00f3w 16G i 14G, zapewniaj\u0105c profesjonalistom wygodne i bezpieczne dopasowanie.<\/p>\n<p>Jego stylowy, a jednocze\u015bnie praktyczny charakter zapewnia wystarczaj\u0105c\u0105 elastyczno\u015b\u0107, aby spodoba\u0107 si\u0119 zar\u00f3wno minimalistycznym, jak i odwa\u017cnym klientom, dlatego profesjonali\u015bci go uwielbiaj\u0105. Ten element jest szczeg\u00f3lnie przydatny dla klient\u00f3w hurtowych i sklep\u00f3w jubilerskich ze wzgl\u0119du na swoj\u0105 unikaln\u0105 sylwetk\u0119, kt\u00f3ra dodaje r\u00f3\u017cnorodno\u015bci wysokiej jako\u015bci bi\u017cuterii w kolekcji piercingu.<\/p>","protected":false},"excerpt":{"rendered":"<ul>\n<li>G\u00f3ra bez gwintu - trzpie\u0144 ze stali nierdzewnej 25 ga<\/li>\n<li>Materia\u0142: \u017b\u00f3\u0142te z\u0142oto 18k<\/li>\n<li>Klejnot: Cyrkonia sze\u015bcienna<\/li>\n<li>Kompatybilny z bezgwintowymi sztyftami 16G i 14G<\/li>\n<li>Rozmiar: Du\u017cy 3,3mm x 5,5mm - Ma\u0142y 2,2mm x 4,5mm<\/li>\n<li>Marka: Shanga Jewellery<\/li>\n<\/ul>","protected":false},"featured_media":10171,"comment_status":"closed","ping_status":"closed","template":"","meta":{"_acf_changed":false},"product_brand":[],"product_cat":[337,398],"product_tag":[187,188,189,205,206,212,190,183,213,184,207],"class_list":{"0":"post-10168","1":"product","2":"type-product","3":"status-publish","4":"has-post-thumbnail","6":"product_cat-gold-jewelry","7":"product_cat-shanga","8":"product_tag-conch","9":"product_tag-ear","10":"product_tag-helix","11":"product_tag-lobe","12":"product_tag-lobulo","13":"product_tag-medusa","14":"product_tag-oreja","15":"product_tag-perforacion","16":"product_tag-philtrum","17":"product_tag-piercing","18":"product_tag-tragus","20":"first","21":"instock","22":"featured","23":"taxable","24":"shipping-taxable","25":"product-type-variable"},"acf":[],"gallery_images":[10172],"_links":{"self":[{"href":"https:\/\/tremunpiercing.com\/pl\/wp-json\/wp\/v2\/product\/10168","targetHints":{"allow":["GET"]}}],"collection":[{"href":"https:\/\/tremunpiercing.com\/pl\/wp-json\/wp\/v2\/product"}],"about":[{"href":"https:\/\/tremunpiercing.com\/pl\/wp-json\/wp\/v2\/types\/product"}],"replies":[{"embeddable":true,"href":"https:\/\/tremunpiercing.com\/pl\/wp-json\/wp\/v2\/comments?post=10168"}],"version-history":[{"count":0,"href":"https:\/\/tremunpiercing.com\/pl\/wp-json\/wp\/v2\/product\/10168\/revisions"}],"wp:featuredmedia":[{"embeddable":true,"href":"https:\/\/tremunpiercing.com\/pl\/wp-json\/wp\/v2\/media\/10171"}],"wp:attachment":[{"href":"https:\/\/tremunpiercing.com\/pl\/wp-json\/wp\/v2\/media?parent=10168"}],"wp:term":[{"taxonomy":"product_brand","embeddable":true,"href":"https:\/\/tremunpiercing.com\/pl\/wp-json\/wp\/v2\/product_brand?post=10168"},{"taxonomy":"product_cat","embeddable":true,"href":"https:\/\/tremunpiercing.com\/pl\/wp-json\/wp\/v2\/product_cat?post=10168"},{"taxonomy":"product_tag","embeddable":true,"href":"https:\/\/tremunpiercing.com\/pl\/wp-json\/wp\/v2\/product_tag?post=10168"}],"curies":[{"name":"wp","href":"https:\/\/api.w.org\/{rel}","templated":true}]}}