{"id":10179,"date":"2024-08-22T20:38:18","date_gmt":"2024-08-22T19:38:18","guid":{"rendered":"https:\/\/tremunpiercing.com\/?post_type=product&#038;p=10179"},"modified":"2026-04-14T10:55:03","modified_gmt":"2026-04-14T09:55:03","slug":"baguette-double-point","status":"publish","type":"product","link":"https:\/\/tremunpiercing.com\/pl\/product\/baguette-double-point\/","title":{"rendered":"Baguette Double Point"},"content":{"rendered":"<p>Shanga Jewelry's Baguette Double Point to stylowy, bezgwintowy top bi\u017cuterii zaprojektowany dla Twojego piercera lub piercera Twojego klienta! Wykonany z 18-karatowego \u017c\u00f3\u0142tego z\u0142ota top w stylu push-pin ma wymiary 2,9 mm x 5,5 mm i zawiera pi\u0119kny sze\u015bcienny kamie\u0144 baguette z cyrkoniami osadzony w podw\u00f3jnej oprawie. Precyzja nowoczesnego designu podniesie ka\u017cdy piercing dzi\u0119ki ostremu stylowi.<\/p>\n<p>Minimalistyczny i luksusowy, baguette double point jest jednym z najpopularniejszych styl\u00f3w w\u015br\u00f3d klient\u00f3w, kt\u00f3rzy preferuj\u0105 czysty i nowoczesny wygl\u0105d. Top nadaje si\u0119 do bezgwintowych wk\u0142adek wargowych 16G i 14G i mo\u017ce by\u0107 noszony w miejscach takich jak nozdrza, tragus, helisa i p\u0142aty z wygod\u0105 i \u0142atwo\u015bci\u0105. Dla nabywc\u00f3w hurtowych i studyjnych, baguette double point jest produktem premium, kt\u00f3ry jest funkcjonalny, zwi\u0119ksza zapasy i jest najlepszym wyborem w\u015br\u00f3d piercer\u00f3w i klient\u00f3w.<\/p>","protected":false},"excerpt":{"rendered":"<ul>\n<li>Threadless Top<\/li>\n<li>Materia\u0142: \u017b\u00f3\u0142te z\u0142oto 18k<\/li>\n<li>Rozmiar: 2,9 mm x 5,5 mm<\/li>\n<li>Klejnot: Cyrkonia sze\u015bcienna<\/li>\n<li>Kompatybilny z bezgwintowymi sztyftami 16G i 14G<\/li>\n<li>Marka: Shanga Jewellery<\/li>\n<\/ul>","protected":false},"featured_media":12792,"comment_status":"closed","ping_status":"closed","template":"","meta":{"_acf_changed":false},"product_brand":[],"product_cat":[337,398],"product_tag":[187,188,189,205,206,212,190,183,213,184,207],"class_list":{"0":"post-10179","1":"product","2":"type-product","3":"status-publish","4":"has-post-thumbnail","6":"product_cat-gold-jewelry","7":"product_cat-shanga","8":"product_tag-conch","9":"product_tag-ear","10":"product_tag-helix","11":"product_tag-lobe","12":"product_tag-lobulo","13":"product_tag-medusa","14":"product_tag-oreja","15":"product_tag-perforacion","16":"product_tag-philtrum","17":"product_tag-piercing","18":"product_tag-tragus","20":"first","21":"instock","22":"featured","23":"taxable","24":"shipping-taxable","25":"purchasable","26":"product-type-simple"},"acf":[],"gallery_images":[29615,29614],"_links":{"self":[{"href":"https:\/\/tremunpiercing.com\/pl\/wp-json\/wp\/v2\/product\/10179","targetHints":{"allow":["GET"]}}],"collection":[{"href":"https:\/\/tremunpiercing.com\/pl\/wp-json\/wp\/v2\/product"}],"about":[{"href":"https:\/\/tremunpiercing.com\/pl\/wp-json\/wp\/v2\/types\/product"}],"replies":[{"embeddable":true,"href":"https:\/\/tremunpiercing.com\/pl\/wp-json\/wp\/v2\/comments?post=10179"}],"version-history":[{"count":1,"href":"https:\/\/tremunpiercing.com\/pl\/wp-json\/wp\/v2\/product\/10179\/revisions"}],"predecessor-version":[{"id":28960,"href":"https:\/\/tremunpiercing.com\/pl\/wp-json\/wp\/v2\/product\/10179\/revisions\/28960"}],"wp:featuredmedia":[{"embeddable":true,"href":"https:\/\/tremunpiercing.com\/pl\/wp-json\/wp\/v2\/media\/12792"}],"wp:attachment":[{"href":"https:\/\/tremunpiercing.com\/pl\/wp-json\/wp\/v2\/media?parent=10179"}],"wp:term":[{"taxonomy":"product_brand","embeddable":true,"href":"https:\/\/tremunpiercing.com\/pl\/wp-json\/wp\/v2\/product_brand?post=10179"},{"taxonomy":"product_cat","embeddable":true,"href":"https:\/\/tremunpiercing.com\/pl\/wp-json\/wp\/v2\/product_cat?post=10179"},{"taxonomy":"product_tag","embeddable":true,"href":"https:\/\/tremunpiercing.com\/pl\/wp-json\/wp\/v2\/product_tag?post=10179"}],"curies":[{"name":"wp","href":"https:\/\/api.w.org\/{rel}","templated":true}]}}