{"id":10187,"date":"2024-08-22T20:59:17","date_gmt":"2024-08-22T19:59:17","guid":{"rendered":"https:\/\/tremunpiercing.com\/?post_type=product&#038;p=10187"},"modified":"2026-04-14T10:42:56","modified_gmt":"2026-04-14T09:42:56","slug":"timanfaya-with-beads","status":"publish","type":"product","link":"https:\/\/tremunpiercing.com\/pl\/product\/timanfaya-with-beads\/","title":{"rendered":"Timanfaya z koralikami"},"content":{"rendered":"<p>Timanfaya z koralikami od Shanga Jewellery to wyj\u0105tkowy top bez nici stworzony dla tych, kt\u00f3rzy lubi\u0105 bi\u017cuteri\u0119 z osobowo\u015bci\u0105 i elegancj\u0105. Wykonany z luksusowego 18-karatowego \u017c\u00f3\u0142tego z\u0142ota, ten top o wymiarach 5,1 mm x 5,9 mm ma osza\u0142amiaj\u0105ce cyrkonie osadzone w delikatnym uk\u0142adzie pasuj\u0105cych z\u0142otych akcent\u00f3w. Ta konstrukcja tworzy unikalny teksturowany wygl\u0105d, kt\u00f3ry zapewnia w\u0142a\u015bciw\u0105 r\u00f3wnowag\u0119 mi\u0119dzy blaskiem a elegancj\u0105.<\/p>\n<p>Zaprojektowany tak, aby pasowa\u0142 do sztyft\u00f3w warg sromowych 16G i 14G, ten element mo\u017ce by\u0107 u\u017cywany profesjonalnie z pewno\u015bci\u0105. Top Timanfaya With Beads, b\u0119d\u0105cy wszechstronnym elementem, nadaje si\u0119 do tragusa, helisy, p\u0142ata i chrz\u0105stki i z pewno\u015bci\u0105 spodoba si\u0119 klientowi poszukuj\u0105cemu odwa\u017cnego projektu i pi\u0119knej jako\u015bci. Nabywcy hurtowi i studia mog\u0105 oferowa\u0107 Timanfaya With Beads swoim klientom jako kolekcj\u0119 w wyr\u00f3\u017cniaj\u0105cy si\u0119 spos\u00f3b, staj\u0105c si\u0119 bardziej atrakcyjnymi w ekspozycjach piercingu. Szczeg\u00f3\u0142owo\u015b\u0107 i czysty kunszt wykonania tego elementu odzwierciedlaj\u0105 luksus i kreatywno\u015b\u0107 potrzebne do tego, aby by\u0107 godnym uwagi przedmiotem sprzeda\u017cy detalicznej bi\u017cuterii do cia\u0142a i zaimponowa\u0107 swoim klientom.<\/p>","protected":false},"excerpt":{"rendered":"<ul>\n<li>Bezgwintowy top<\/li>\n<li>Materia\u0142: \u017b\u00f3\u0142te z\u0142oto 18k<\/li>\n<li>Rozmiar: 5,1 mm x 5,9 mm<\/li>\n<li>Klejnot: Cyrkonia sze\u015bcienna<\/li>\n<li>Kompatybilny z trzpieniami 16G i 14G<\/li>\n<li>Marka: Shanga Jewellery<\/li>\n<\/ul>","protected":false},"featured_media":10188,"comment_status":"closed","ping_status":"closed","template":"","meta":{"_acf_changed":false},"product_brand":[],"product_cat":[337,398],"product_tag":[187,188,189,205,206,212,190,183,213,184,207],"class_list":{"0":"post-10187","1":"product","2":"type-product","3":"status-publish","4":"has-post-thumbnail","6":"product_cat-gold-jewelry","7":"product_cat-shanga","8":"product_tag-conch","9":"product_tag-ear","10":"product_tag-helix","11":"product_tag-lobe","12":"product_tag-lobulo","13":"product_tag-medusa","14":"product_tag-oreja","15":"product_tag-perforacion","16":"product_tag-philtrum","17":"product_tag-piercing","18":"product_tag-tragus","20":"first","21":"instock","22":"taxable","23":"shipping-taxable","24":"purchasable","25":"product-type-simple"},"acf":[],"gallery_images":[29612,29611],"_links":{"self":[{"href":"https:\/\/tremunpiercing.com\/pl\/wp-json\/wp\/v2\/product\/10187","targetHints":{"allow":["GET"]}}],"collection":[{"href":"https:\/\/tremunpiercing.com\/pl\/wp-json\/wp\/v2\/product"}],"about":[{"href":"https:\/\/tremunpiercing.com\/pl\/wp-json\/wp\/v2\/types\/product"}],"replies":[{"embeddable":true,"href":"https:\/\/tremunpiercing.com\/pl\/wp-json\/wp\/v2\/comments?post=10187"}],"version-history":[{"count":1,"href":"https:\/\/tremunpiercing.com\/pl\/wp-json\/wp\/v2\/product\/10187\/revisions"}],"predecessor-version":[{"id":29613,"href":"https:\/\/tremunpiercing.com\/pl\/wp-json\/wp\/v2\/product\/10187\/revisions\/29613"}],"wp:featuredmedia":[{"embeddable":true,"href":"https:\/\/tremunpiercing.com\/pl\/wp-json\/wp\/v2\/media\/10188"}],"wp:attachment":[{"href":"https:\/\/tremunpiercing.com\/pl\/wp-json\/wp\/v2\/media?parent=10187"}],"wp:term":[{"taxonomy":"product_brand","embeddable":true,"href":"https:\/\/tremunpiercing.com\/pl\/wp-json\/wp\/v2\/product_brand?post=10187"},{"taxonomy":"product_cat","embeddable":true,"href":"https:\/\/tremunpiercing.com\/pl\/wp-json\/wp\/v2\/product_cat?post=10187"},{"taxonomy":"product_tag","embeddable":true,"href":"https:\/\/tremunpiercing.com\/pl\/wp-json\/wp\/v2\/product_tag?post=10187"}],"curies":[{"name":"wp","href":"https:\/\/api.w.org\/{rel}","templated":true}]}}