{"id":11444,"date":"2024-10-09T20:58:15","date_gmt":"2024-10-09T19:58:15","guid":{"rendered":"https:\/\/tremunpiercing.com\/?post_type=product&#038;p=11444"},"modified":"2026-04-13T14:30:49","modified_gmt":"2026-04-13T13:30:49","slug":"kathy","status":"publish","type":"product","link":"https:\/\/tremunpiercing.com\/pl\/product\/kathy\/","title":{"rendered":"Kathy"},"content":{"rendered":"<p>Sztyft Kathy z gwintem wewn\u0119trznym to wysokiej jako\u015bci ulepszenie dla tych, kt\u00f3rzy przek\u0142uwaj\u0105 si\u0119 profesjonalnie. Wykonany z litego 14-karatowego \u017c\u00f3\u0142tego z\u0142ota, ten sztyft jest doskona\u0142ym po\u0142\u0105czeniem luksusu i bezpiecze\u0144stwa. Wykonany z 14-karatowego \u017c\u00f3\u0142tego z\u0142ota i mierz\u0105cy 7 mm, ten sztyft jest ozdobiony sze\u015bcienn\u0105 cyrkoni\u0105, kt\u00f3ra ol\u015bni ka\u017cdego. Wewn\u0119trznie gwintowany dla \u0142atwiejszego wk\u0142adania i lepszego bezpiecze\u0144stwa, ten sztyft zosta\u0142 zaprojektowany w celu ochrony delikatnej tkanki podczas wk\u0142adania. Wykonany z hipoalergicznych materia\u0142\u00f3w i odporny na matowienie, ten sztyft jest trwa\u0142y i b\u0119dzie wygl\u0105da\u0142 \u015bwietnie przez d\u0142ugi czas, pozostaj\u0105c jednocze\u015bnie wygodnym. Ten kolczyk jest idealny do przek\u0142uwania warg sromowych, tragusa lub chrz\u0105stki. Dodaj Kathy Stud do swojej oferty, aby zaoferowa\u0107 swoim klientom ekskluzywn\u0105 i bezpieczn\u0105 bi\u017cuteri\u0119 do cia\u0142a.<\/p>","protected":false},"excerpt":{"rendered":"<ul>\n<li>Gwint wewn\u0119trzny<\/li>\n<li>Materia\u0142: \u017b\u00f3\u0142te z\u0142oto 14k<\/li>\n<li>Klejnot: Cyrkonia sze\u015bcienna<\/li>\n<li>Grubo\u015b\u0107: 14G<\/li>\n<li>Rozmiar: 7 mm<\/li>\n<\/ul>","protected":false},"featured_media":18608,"comment_status":"closed","ping_status":"closed","template":"","meta":{"_acf_changed":false},"product_brand":[],"product_cat":[337,463,400],"product_tag":[187,188,189,205,206,212,190,183,213,184,207],"class_list":{"0":"post-11444","1":"product","2":"type-product","3":"status-publish","4":"has-post-thumbnail","6":"product_cat-gold-jewelry","7":"product_cat-tops-gold-tremun","8":"product_cat-tremun","9":"product_tag-conch","10":"product_tag-ear","11":"product_tag-helix","12":"product_tag-lobe","13":"product_tag-lobulo","14":"product_tag-medusa","15":"product_tag-oreja","16":"product_tag-perforacion","17":"product_tag-philtrum","18":"product_tag-piercing","19":"product_tag-tragus","21":"first","22":"instock","23":"taxable","24":"shipping-taxable","25":"purchasable","26":"product-type-simple"},"acf":[],"gallery_images":[29579,29578],"_links":{"self":[{"href":"https:\/\/tremunpiercing.com\/pl\/wp-json\/wp\/v2\/product\/11444","targetHints":{"allow":["GET"]}}],"collection":[{"href":"https:\/\/tremunpiercing.com\/pl\/wp-json\/wp\/v2\/product"}],"about":[{"href":"https:\/\/tremunpiercing.com\/pl\/wp-json\/wp\/v2\/types\/product"}],"replies":[{"embeddable":true,"href":"https:\/\/tremunpiercing.com\/pl\/wp-json\/wp\/v2\/comments?post=11444"}],"version-history":[{"count":1,"href":"https:\/\/tremunpiercing.com\/pl\/wp-json\/wp\/v2\/product\/11444\/revisions"}],"predecessor-version":[{"id":29580,"href":"https:\/\/tremunpiercing.com\/pl\/wp-json\/wp\/v2\/product\/11444\/revisions\/29580"}],"wp:featuredmedia":[{"embeddable":true,"href":"https:\/\/tremunpiercing.com\/pl\/wp-json\/wp\/v2\/media\/18608"}],"wp:attachment":[{"href":"https:\/\/tremunpiercing.com\/pl\/wp-json\/wp\/v2\/media?parent=11444"}],"wp:term":[{"taxonomy":"product_brand","embeddable":true,"href":"https:\/\/tremunpiercing.com\/pl\/wp-json\/wp\/v2\/product_brand?post=11444"},{"taxonomy":"product_cat","embeddable":true,"href":"https:\/\/tremunpiercing.com\/pl\/wp-json\/wp\/v2\/product_cat?post=11444"},{"taxonomy":"product_tag","embeddable":true,"href":"https:\/\/tremunpiercing.com\/pl\/wp-json\/wp\/v2\/product_tag?post=11444"}],"curies":[{"name":"wp","href":"https:\/\/api.w.org\/{rel}","templated":true}]}}