{"id":12464,"date":"2024-12-06T19:56:04","date_gmt":"2024-12-06T18:56:04","guid":{"rendered":"https:\/\/tremunpiercing.com\/?post_type=product&#038;p=12464"},"modified":"2026-04-13T14:29:42","modified_gmt":"2026-04-13T13:29:42","slug":"maria-yellow-gold-with-rubies","status":"publish","type":"product","link":"https:\/\/tremunpiercing.com\/pl\/product\/maria-yellow-gold-with-rubies\/","title":{"rendered":"Maria \u017c\u00f3\u0142te z\u0142oto z rubinami"},"content":{"rendered":"<p>Pier\u015bcionek Gold Ruby Clicker Ring z laboratoryjnymi rubinami to osza\u0142amiaj\u0105ca opcja dla studi\u00f3w piercingu i butik\u00f3w z bi\u017cuteri\u0105. Ten 16-gramowy zatrzask wykonany jest z 14-karatowego \u017c\u00f3\u0142tego z\u0142ota o \u015brednicy 8 mm, co czyni go doskona\u0142ym wyborem do przek\u0142uwania przegrody, ko\u015bci strza\u0142kowej i chrz\u0105stki. \u017bywe czerwone rubiny stworzone w laboratorium dodaj\u0105 wyra\u017anego popu koloru reprezentuj\u0105cego pasj\u0119 i wyrafinowanie. Zamkni\u0119cie na zatrzask jest bezpieczne, zapewniaj\u0105c jednocze\u015bnie funkcjonalny towar dla piercer\u00f3w i trwa\u0142y komfort dla klient\u00f3w. Ka\u017cdy z pier\u015bcionk\u00f3w Maria Ruby Clicker Rings jest wspania\u0142\u0105 opcj\u0105 dla tych, kt\u00f3rzy chc\u0105 bi\u017cuterii o odwa\u017cnym stylu bez po\u015bwi\u0119cania ponadczasowej jako\u015bci. Jest to imponuj\u0105cy element, kt\u00f3ry powinien by\u0107 cz\u0119\u015bci\u0105 ka\u017cdej kolekcji piercingu premium. Pier\u015bcionek Maria Ruby Clicker Ring zapewni sukces jako produkt hurtowy i wzbudzi zainteresowanie w\u015br\u00f3d klient\u00f3w poszukuj\u0105cych bi\u017cuterii z kamieniami szlachetnymi, kt\u00f3ra prezentuje autentyczno\u015b\u0107 tradycji i nowoczesny design.<\/p>","protected":false},"excerpt":{"rendered":"<ul>\n<li>Pier\u015bcie\u0144 zatrzaskowy<\/li>\n<li>Materia\u0142: 14-karatowe \u017c\u00f3\u0142te z\u0142oto<\/li>\n<li>\u015arednica: 8 mm<\/li>\n<li>Grubo\u015b\u0107: 16G<\/li>\n<li>Klejnot: Rubiny laboratoryjne<\/li>\n<\/ul>","protected":false},"featured_media":12466,"comment_status":"closed","ping_status":"closed","template":"","meta":{"_acf_changed":false},"product_brand":[],"product_cat":[337,464,400],"product_tag":[192,193,202,179,180,194,188,189,195,196,226,190,183,184,197,198],"class_list":{"0":"post-12464","1":"product","2":"type-product","3":"status-publish","4":"has-post-thumbnail","6":"product_cat-gold-jewelry","7":"product_cat-rings-gold-tremun","8":"product_cat-tremun","9":"product_tag-anillo","10":"product_tag-argolla","11":"product_tag-clicker","12":"product_tag-cristal","13":"product_tag-cz","14":"product_tag-daith","15":"product_tag-ear","16":"product_tag-helix","17":"product_tag-hinged-ring","18":"product_tag-nariz","19":"product_tag-opal","20":"product_tag-oreja","21":"product_tag-perforacion","22":"product_tag-piercing","23":"product_tag-ring","24":"product_tag-septum","26":"first","27":"instock","28":"taxable","29":"shipping-taxable","30":"purchasable","31":"product-type-simple"},"acf":[],"gallery_images":[29575,29576],"_links":{"self":[{"href":"https:\/\/tremunpiercing.com\/pl\/wp-json\/wp\/v2\/product\/12464","targetHints":{"allow":["GET"]}}],"collection":[{"href":"https:\/\/tremunpiercing.com\/pl\/wp-json\/wp\/v2\/product"}],"about":[{"href":"https:\/\/tremunpiercing.com\/pl\/wp-json\/wp\/v2\/types\/product"}],"replies":[{"embeddable":true,"href":"https:\/\/tremunpiercing.com\/pl\/wp-json\/wp\/v2\/comments?post=12464"}],"version-history":[{"count":1,"href":"https:\/\/tremunpiercing.com\/pl\/wp-json\/wp\/v2\/product\/12464\/revisions"}],"predecessor-version":[{"id":29577,"href":"https:\/\/tremunpiercing.com\/pl\/wp-json\/wp\/v2\/product\/12464\/revisions\/29577"}],"wp:featuredmedia":[{"embeddable":true,"href":"https:\/\/tremunpiercing.com\/pl\/wp-json\/wp\/v2\/media\/12466"}],"wp:attachment":[{"href":"https:\/\/tremunpiercing.com\/pl\/wp-json\/wp\/v2\/media?parent=12464"}],"wp:term":[{"taxonomy":"product_brand","embeddable":true,"href":"https:\/\/tremunpiercing.com\/pl\/wp-json\/wp\/v2\/product_brand?post=12464"},{"taxonomy":"product_cat","embeddable":true,"href":"https:\/\/tremunpiercing.com\/pl\/wp-json\/wp\/v2\/product_cat?post=12464"},{"taxonomy":"product_tag","embeddable":true,"href":"https:\/\/tremunpiercing.com\/pl\/wp-json\/wp\/v2\/product_tag?post=12464"}],"curies":[{"name":"wp","href":"https:\/\/api.w.org\/{rel}","templated":true}]}}