{"id":12467,"date":"2024-12-06T20:02:01","date_gmt":"2024-12-06T19:02:01","guid":{"rendered":"https:\/\/tremunpiercing.com\/?post_type=product&#038;p=12467"},"modified":"2026-04-13T14:26:32","modified_gmt":"2026-04-13T13:26:32","slug":"maria-yellow-gold-with-sapphires","status":"publish","type":"product","link":"https:\/\/tremunpiercing.com\/pl\/product\/maria-yellow-gold-with-sapphires\/","title":{"rendered":"Maria \u017c\u00f3\u0142te z\u0142oto z szafirami"},"content":{"rendered":"<h2>Sapphire Clicker Ring<\/h2>\n<p>Laboratory Sapphire Maria Yellow Gold Clicker Ring jest przeznaczony dla pracowni i sklep\u00f3w, kt\u00f3re ceni\u0105 sobie wysokiej jako\u015bci bi\u017cuteri\u0119 z kamieniami szlachetnymi. Kliker 16G wykonany z litego 14-karatowego \u017c\u00f3\u0142tego z\u0142ota ma \u015brednic\u0119 8 mm, dzi\u0119ki czemu jest wystarczaj\u0105co wszechstronny, aby mo\u017cna go by\u0142o nosi\u0107 w r\u00f3\u017cnych kolczykach, takich jak przegroda, daith i chrz\u0105stka. Rz\u0105d laboratoryjnie wyhodowanych szafir\u00f3w nadaje ca\u0142o\u015bci wspania\u0142y niebieski kolor, dodaj\u0105c zar\u00f3wno estetyki, jak i etycznego pozyskiwania do projektu.<\/p>\n<p>Bezpieczny zatrzask jest \u0142atwy do zak\u0142adania i zdejmowania przez profesjonalist\u00f3w bez uszczerbku dla komfortu klient\u00f3w. Ten pier\u015bcionek dodaje now\u0105 klasyczn\u0105 opcj\u0119 kamieni szlachetnych do kolekcji hurtowych, kt\u00f3re klienci mog\u0105 kupi\u0107 bez po\u015bwi\u0119cania jako\u015bci. Laboratory Sapphire Maria Clicker Ring z \u017c\u00f3\u0142tego z\u0142ota jest trwa\u0142y, stylowy i ponadczasowy dla wymagaj\u0105cego studia piercingu poszukuj\u0105cego czego\u015b wysokiej klasy, aby zaoferowa\u0107 klientom, kt\u00f3rzy mogli by\u0107 rozczarowani centrami oferuj\u0105cymi tylko bi\u017cuteri\u0119 ni\u017cszej jako\u015bci.<\/p>","protected":false},"excerpt":{"rendered":"<ul>\n<li>Pier\u015bcie\u0144 zatrzaskowy<\/li>\n<li>Materia\u0142: 14-karatowe \u017c\u00f3\u0142te z\u0142oto<\/li>\n<li>\u015arednica: 8 mm<\/li>\n<li>Grubo\u015b\u0107: 16G<\/li>\n<li>Klejnot: Szafiry laboratoryjne<\/li>\n<\/ul>","protected":false},"featured_media":12469,"comment_status":"closed","ping_status":"closed","template":"","meta":{"_acf_changed":false},"product_brand":[],"product_cat":[337,464,400],"product_tag":[192,193,202,179,180,194,188,189,195,196,226,190,183,184,197,198],"class_list":{"0":"post-12467","1":"product","2":"type-product","3":"status-publish","4":"has-post-thumbnail","6":"product_cat-gold-jewelry","7":"product_cat-rings-gold-tremun","8":"product_cat-tremun","9":"product_tag-anillo","10":"product_tag-argolla","11":"product_tag-clicker","12":"product_tag-cristal","13":"product_tag-cz","14":"product_tag-daith","15":"product_tag-ear","16":"product_tag-helix","17":"product_tag-hinged-ring","18":"product_tag-nariz","19":"product_tag-opal","20":"product_tag-oreja","21":"product_tag-perforacion","22":"product_tag-piercing","23":"product_tag-ring","24":"product_tag-septum","26":"first","27":"instock","28":"taxable","29":"shipping-taxable","30":"purchasable","31":"product-type-simple"},"acf":[],"gallery_images":[29572,29573],"_links":{"self":[{"href":"https:\/\/tremunpiercing.com\/pl\/wp-json\/wp\/v2\/product\/12467","targetHints":{"allow":["GET"]}}],"collection":[{"href":"https:\/\/tremunpiercing.com\/pl\/wp-json\/wp\/v2\/product"}],"about":[{"href":"https:\/\/tremunpiercing.com\/pl\/wp-json\/wp\/v2\/types\/product"}],"replies":[{"embeddable":true,"href":"https:\/\/tremunpiercing.com\/pl\/wp-json\/wp\/v2\/comments?post=12467"}],"version-history":[{"count":1,"href":"https:\/\/tremunpiercing.com\/pl\/wp-json\/wp\/v2\/product\/12467\/revisions"}],"predecessor-version":[{"id":29574,"href":"https:\/\/tremunpiercing.com\/pl\/wp-json\/wp\/v2\/product\/12467\/revisions\/29574"}],"wp:featuredmedia":[{"embeddable":true,"href":"https:\/\/tremunpiercing.com\/pl\/wp-json\/wp\/v2\/media\/12469"}],"wp:attachment":[{"href":"https:\/\/tremunpiercing.com\/pl\/wp-json\/wp\/v2\/media?parent=12467"}],"wp:term":[{"taxonomy":"product_brand","embeddable":true,"href":"https:\/\/tremunpiercing.com\/pl\/wp-json\/wp\/v2\/product_brand?post=12467"},{"taxonomy":"product_cat","embeddable":true,"href":"https:\/\/tremunpiercing.com\/pl\/wp-json\/wp\/v2\/product_cat?post=12467"},{"taxonomy":"product_tag","embeddable":true,"href":"https:\/\/tremunpiercing.com\/pl\/wp-json\/wp\/v2\/product_tag?post=12467"}],"curies":[{"name":"wp","href":"https:\/\/api.w.org\/{rel}","templated":true}]}}