{"id":12668,"date":"2024-12-19T01:38:03","date_gmt":"2024-12-19T00:38:03","guid":{"rendered":"https:\/\/tremunpiercing.com\/?post_type=product&#038;p=12668"},"modified":"2026-04-18T10:25:47","modified_gmt":"2026-04-18T09:25:47","slug":"micro-labret-push-pin-post-only-base-3mm","status":"publish","type":"product","link":"https:\/\/tremunpiercing.com\/pl\/product\/micro-labret-push-pin-post-only-base-3mm\/","title":{"rendered":"Ko\u0142ek rozporowy Micro Labret (TYLKO POST) (podstawa 3 mm)"},"content":{"rendered":"<p>Sztyft Micro Labret Push Pin jest niezb\u0119dnym dodatkiem dla wszystkich profesjonalnych studi\u00f3w piercingu. Przeznaczony specjalnie do nak\u0142adek na szpilki, ten s\u0142upek jest produkowany z najwy\u017cszej jako\u015bci tytanu implantacyjnego (F-136), kt\u00f3ry zapewnia bezpiecze\u0144stwo, trwa\u0142o\u015b\u0107 i biokompatybilno\u015b\u0107 dla ka\u017cdego rodzaju sk\u00f3ry. Oferowany w cienkiej szeroko\u015bci 20G i d\u0142ugo\u015bci 5 mm, 6 mm lub 7 mm, mo\u017cna dowolnie miesza\u0107 i dopasowywa\u0107 w zale\u017cno\u015bci od preferowanego przez klienta umiejscowienia kolczyka. Sztyft Micro Labret Push Pin jest uniwersalny dla prawie ka\u017cdego klienta, a jego dodatkow\u0105 zalet\u0105 jest wyj\u0105tkowy komfort podczas procesu gojenia. Dzi\u0119ki 3 mm p\u0142askiej podstawie, Micro Labret Push Pin pozostaje wygodnie umiejscowiony na sk\u00f3rze, jednocze\u015bnie oferuj\u0105c przyjemne, stabilne trzymanie przy niewielkim podra\u017cnieniu.<\/p>\n<p>Micro Labret Push Pin jest dost\u0119pny tylko w wersji post-only, co pozwala piercerowi na mieszanie i dopasowywanie do katalogu dost\u0119pnych akcesori\u00f3w push pin, co jest tym, czego ka\u017cdy piercer szuka w kolekcji bi\u017cuterii. Labret wykonany z lekkiego, ale wytrzyma\u0142ego tytanu to kolejny pow\u00f3d, dla kt\u00f3rego eksperci od piercingu na ca\u0142ym \u015bwiecie ufaj\u0105 ich mikro labretom ze wzgl\u0119du na ich hipoalergiczne w\u0142a\u015bciwo\u015bci i trwa\u0142o\u015b\u0107. S\u0105 one kolejn\u0105 \u015bwietn\u0105 opcj\u0105 hurtow\u0105 dla studia, salonu tatua\u017cu lub sprzedawcy detalicznego, kt\u00f3ry chce rozszerzy\u0107 sw\u00f3j asortyment wysokiej jako\u015bci piercing\u00f3w z profesjonalnymi wynikami.<\/p>","protected":false},"excerpt":{"rendered":"<ul>\n<li>Zawleczka<\/li>\n<li>Kompatybilny tylko z akcesoriami typu push pin<\/li>\n<li>Materia\u0142: Tytan F-136 do implant\u00f3w<\/li>\n<li>Gauge: 20G<\/li>\n<li>D\u0142ugo\u015b\u0107: 5 mm, 6 mm, 7 mm<\/li>\n<li>\u015arednica podstawy: 3 mm<\/li>\n<\/ul>","protected":false},"featured_media":15054,"comment_status":"closed","ping_status":"closed","template":"","meta":{"_acf_changed":false},"product_brand":[],"product_cat":[340,344],"product_tag":[187,188,189,210,211,205,206,212,190,183,213,184,293,207],"class_list":{"0":"post-12668","1":"product","2":"type-product","3":"status-publish","4":"has-post-thumbnail","6":"product_cat-titanium-jewelry","7":"product_cat-labret-titanium-jeawelry","8":"product_tag-conch","9":"product_tag-ear","10":"product_tag-helix","11":"product_tag-labret","12":"product_tag-lip","13":"product_tag-lobe","14":"product_tag-lobulo","15":"product_tag-medusa","16":"product_tag-oreja","17":"product_tag-perforacion","18":"product_tag-philtrum","19":"product_tag-piercing","20":"product_tag-push-pin","21":"product_tag-tragus","23":"first","24":"instock","25":"taxable","26":"shipping-taxable","27":"purchasable","28":"product-type-variable"},"acf":[],"gallery_images":[15055,15053,15052],"_links":{"self":[{"href":"https:\/\/tremunpiercing.com\/pl\/wp-json\/wp\/v2\/product\/12668","targetHints":{"allow":["GET"]}}],"collection":[{"href":"https:\/\/tremunpiercing.com\/pl\/wp-json\/wp\/v2\/product"}],"about":[{"href":"https:\/\/tremunpiercing.com\/pl\/wp-json\/wp\/v2\/types\/product"}],"replies":[{"embeddable":true,"href":"https:\/\/tremunpiercing.com\/pl\/wp-json\/wp\/v2\/comments?post=12668"}],"version-history":[{"count":0,"href":"https:\/\/tremunpiercing.com\/pl\/wp-json\/wp\/v2\/product\/12668\/revisions"}],"wp:featuredmedia":[{"embeddable":true,"href":"https:\/\/tremunpiercing.com\/pl\/wp-json\/wp\/v2\/media\/15054"}],"wp:attachment":[{"href":"https:\/\/tremunpiercing.com\/pl\/wp-json\/wp\/v2\/media?parent=12668"}],"wp:term":[{"taxonomy":"product_brand","embeddable":true,"href":"https:\/\/tremunpiercing.com\/pl\/wp-json\/wp\/v2\/product_brand?post=12668"},{"taxonomy":"product_cat","embeddable":true,"href":"https:\/\/tremunpiercing.com\/pl\/wp-json\/wp\/v2\/product_cat?post=12668"},{"taxonomy":"product_tag","embeddable":true,"href":"https:\/\/tremunpiercing.com\/pl\/wp-json\/wp\/v2\/product_tag?post=12668"}],"curies":[{"name":"wp","href":"https:\/\/api.w.org\/{rel}","templated":true}]}}