{"id":13240,"date":"2025-01-14T21:16:32","date_gmt":"2025-01-14T20:16:32","guid":{"rendered":"https:\/\/tremunpiercing.com\/?post_type=product&#038;p=13240"},"modified":"2026-04-10T22:54:09","modified_gmt":"2026-04-10T21:54:09","slug":"heartweb","status":"publish","type":"product","link":"https:\/\/tremunpiercing.com\/pl\/product\/heartweb\/","title":{"rendered":"Heartweb"},"content":{"rendered":"<h2 data-start=\"1393\" data-end=\"1442\">Heartweb - tytanowa bi\u017cuteria do przek\u0142uwania serca<\/h2>\n<p>Nasza bi\u017cuteria do piercingu Heartweb to unikalny wz\u00f3r w kszta\u0142cie serca wykonany z tytanu F-136 klasy implantologicznej. HeartWebTiny jest tak lekki i biokompatybilny, \u017ce wa\u017cy zaledwie 7 mm x 6,5 mm. Ta bi\u017cuteria jest tak elegancka i odwa\u017cna i nadaje si\u0119 do ka\u017cdej kolekcji piercingu. Nasz model ma wewn\u0119trznie gwintowany s\u0142upek 16G, dzi\u0119ki czemu Ty i klienci mo\u017cecie zaufa\u0107 dopasowaniu od piercera. Ta pi\u0119kna tekstura dzia\u0142a fantastycznie jako bi\u017cuteria do przek\u0142uwania r\u00f3\u017cnych kolczyk\u00f3w, w tym helisy, konchy, p\u0142ata itp.<\/p>\n<p>Heartweb dla wszystkich studi\u00f3w i sprzedawc\u00f3w detalicznych to wspania\u0142y dodatek dla sklep\u00f3w, kt\u00f3re szukaj\u0105 wszechstronno\u015bci w swojej kolekcji bi\u017cuterii. Polerowane tytanowe wyko\u0144czenie zapewnia, \u017ce Heartweb zachowa sw\u00f3j l\u015bni\u0105cy po\u0142ysk, nie matowiej\u0105c przez d\u0142ugi czas. Studia lubi\u0105 to, poniewa\u017c tworzymy nasze elementy z my\u015bl\u0105 o profesjonalistach zajmuj\u0105cych si\u0119 piercingiem, zapewniaj\u0105c klientom unikalny wyb\u00f3r bi\u017cuterii do piercingu poza \u201czwyk\u0142ymi\u201d szablonami. Heart web wygl\u0105da \u015bwietnie razem lub jako osobne.<\/p>","protected":false},"excerpt":{"rendered":"<ul>\n<li>Gwint wewn\u0119trzny<\/li>\n<li>Materia\u0142: Tytan F-136 do implant\u00f3w<\/li>\n<li>Grubo\u015b\u0107: 16G<\/li>\n<li>Rozmiar: 7 mm x 6,5 mm<\/li>\n<\/ul>","protected":false},"featured_media":18201,"comment_status":"closed","ping_status":"closed","template":"","meta":{"_acf_changed":false},"product_brand":[],"product_cat":[340,343],"product_tag":[187,188,189,205,206,212,190,183,213,184,207],"class_list":{"0":"post-13240","1":"product","2":"type-product","3":"status-publish","4":"has-post-thumbnail","6":"product_cat-titanium-jewelry","7":"product_cat-tops-titanium-jewelry","8":"product_tag-conch","9":"product_tag-ear","10":"product_tag-helix","11":"product_tag-lobe","12":"product_tag-lobulo","13":"product_tag-medusa","14":"product_tag-oreja","15":"product_tag-perforacion","16":"product_tag-philtrum","17":"product_tag-piercing","18":"product_tag-tragus","20":"first","21":"instock","22":"taxable","23":"shipping-taxable","24":"purchasable","25":"product-type-simple"},"acf":[],"gallery_images":[27987,27988],"_links":{"self":[{"href":"https:\/\/tremunpiercing.com\/pl\/wp-json\/wp\/v2\/product\/13240","targetHints":{"allow":["GET"]}}],"collection":[{"href":"https:\/\/tremunpiercing.com\/pl\/wp-json\/wp\/v2\/product"}],"about":[{"href":"https:\/\/tremunpiercing.com\/pl\/wp-json\/wp\/v2\/types\/product"}],"replies":[{"embeddable":true,"href":"https:\/\/tremunpiercing.com\/pl\/wp-json\/wp\/v2\/comments?post=13240"}],"version-history":[{"count":1,"href":"https:\/\/tremunpiercing.com\/pl\/wp-json\/wp\/v2\/product\/13240\/revisions"}],"predecessor-version":[{"id":27990,"href":"https:\/\/tremunpiercing.com\/pl\/wp-json\/wp\/v2\/product\/13240\/revisions\/27990"}],"wp:featuredmedia":[{"embeddable":true,"href":"https:\/\/tremunpiercing.com\/pl\/wp-json\/wp\/v2\/media\/18201"}],"wp:attachment":[{"href":"https:\/\/tremunpiercing.com\/pl\/wp-json\/wp\/v2\/media?parent=13240"}],"wp:term":[{"taxonomy":"product_brand","embeddable":true,"href":"https:\/\/tremunpiercing.com\/pl\/wp-json\/wp\/v2\/product_brand?post=13240"},{"taxonomy":"product_cat","embeddable":true,"href":"https:\/\/tremunpiercing.com\/pl\/wp-json\/wp\/v2\/product_cat?post=13240"},{"taxonomy":"product_tag","embeddable":true,"href":"https:\/\/tremunpiercing.com\/pl\/wp-json\/wp\/v2\/product_tag?post=13240"}],"curies":[{"name":"wp","href":"https:\/\/api.w.org\/{rel}","templated":true}]}}