{"id":13622,"date":"2025-02-07T18:19:08","date_gmt":"2025-02-07T17:19:08","guid":{"rendered":"https:\/\/tremunpiercing.com\/?post_type=product&#038;p=13622"},"modified":"2025-09-03T07:57:06","modified_gmt":"2025-09-03T06:57:06","slug":"threadless-insertion-pin-titanium","status":"publish","type":"product","link":"https:\/\/tremunpiercing.com\/pl\/product\/threadless-insertion-pin-titanium\/","title":{"rendered":"Bezgwintowy trzpie\u0144 wsuwany Tytan"},"content":{"rendered":"<p>Tytanowy bezgwintowy trzpie\u0144 wprowadzaj\u0105cy jest niezb\u0119dnym profesjonalnym narz\u0119dziem dla piercer\u00f3w, zaprojektowanym w celu p\u0142ynnego i bezpiecznego wprowadzania bi\u017cuterii. Threadless Insertion Pin jest wykonany z tytanu F-136 klasy implantologicznej i jest biokompatybilny, lekki i odporny na korozj\u0119, dzi\u0119ki czemu jest preferowanym materia\u0142em do ka\u017cdego zabiegu przek\u0142uwania, w kt\u00f3rym bezpiecze\u0144stwo jest najwa\u017cniejsze. Przy d\u0142ugo\u015bci 30 mm i grubo\u015bci 18G (1 mm), ten bezgwintowy trzpie\u0144 wprowadzaj\u0105cy jest bardzo \u0142atwy w obs\u0142udze do prowadzenia bi\u017cuterii bezgwintowej przez otwarte \u015bwie\u017ce i \/ lub zagojone kolczyki, powoduj\u0105c jak najmniejszy dyskomfort dla klienta. G\u0142adkie i wypolerowane wyko\u0144czenie tytanu nie ci\u0105gnie si\u0119 i pozwala na g\u0142adk\u0105 trajektori\u0119, minimalizuj\u0105c jednocze\u015bnie urazy lub dyskomfort podczas zmiany lub inicjowania nowego umieszczenia bi\u017cuterii.<\/p>\n<p>Dodatkowo, tytan jest hipoalergiczny, dzi\u0119ki czemu Threadless Insertion Pin jest odpowiedni dla wra\u017cliwych klient\u00f3w i zapewnia bezpiecze\u0144stwo w profesjonalnych studiach piercingu. Threadless Insertion Pin jest r\u00f3wnie\u017c \u0142atwy do czyszczenia, trwa\u0142y i godny zaufania. Je\u015bli jeste\u015b studiem lub profesjonalist\u0105 dbaj\u0105cym o precyzj\u0119 i komfort swoich klient\u00f3w, Titanium Threadless Insertion Pin jest niezawodn\u0105, najwy\u017cszej jako\u015bci opcj\u0105.<\/p>","protected":false},"excerpt":{"rendered":"<ul>\n<li>Bezgwintowy trzpie\u0144 wsuwany<\/li>\n<li>Materia\u0142: Tytan F-136 do implant\u00f3w<\/li>\n<li>Grubo\u015b\u0107: 18G - 1mm<\/li>\n<li>D\u0142ugo\u015b\u0107: 30 mm<\/li>\n<\/ul>","protected":false},"featured_media":7187,"comment_status":"closed","ping_status":"closed","template":"","meta":{"_acf_changed":false},"product_brand":[],"product_cat":[328,374],"product_tag":[313,314,311,279,312],"class_list":{"0":"post-13622","1":"product","2":"type-product","3":"status-publish","4":"has-post-thumbnail","6":"product_cat-supplies","7":"product_cat-tools","8":"product_tag-herramientas","9":"product_tag-insercion","10":"product_tag-insertion-pin","11":"product_tag-supplies","12":"product_tag-supply","14":"first","15":"instock","16":"taxable","17":"shipping-taxable","18":"purchasable","19":"product-type-simple"},"acf":[],"gallery_images":[7185,7186],"_links":{"self":[{"href":"https:\/\/tremunpiercing.com\/pl\/wp-json\/wp\/v2\/product\/13622","targetHints":{"allow":["GET"]}}],"collection":[{"href":"https:\/\/tremunpiercing.com\/pl\/wp-json\/wp\/v2\/product"}],"about":[{"href":"https:\/\/tremunpiercing.com\/pl\/wp-json\/wp\/v2\/types\/product"}],"replies":[{"embeddable":true,"href":"https:\/\/tremunpiercing.com\/pl\/wp-json\/wp\/v2\/comments?post=13622"}],"version-history":[{"count":0,"href":"https:\/\/tremunpiercing.com\/pl\/wp-json\/wp\/v2\/product\/13622\/revisions"}],"wp:featuredmedia":[{"embeddable":true,"href":"https:\/\/tremunpiercing.com\/pl\/wp-json\/wp\/v2\/media\/7187"}],"wp:attachment":[{"href":"https:\/\/tremunpiercing.com\/pl\/wp-json\/wp\/v2\/media?parent=13622"}],"wp:term":[{"taxonomy":"product_brand","embeddable":true,"href":"https:\/\/tremunpiercing.com\/pl\/wp-json\/wp\/v2\/product_brand?post=13622"},{"taxonomy":"product_cat","embeddable":true,"href":"https:\/\/tremunpiercing.com\/pl\/wp-json\/wp\/v2\/product_cat?post=13622"},{"taxonomy":"product_tag","embeddable":true,"href":"https:\/\/tremunpiercing.com\/pl\/wp-json\/wp\/v2\/product_tag?post=13622"}],"curies":[{"name":"wp","href":"https:\/\/api.w.org\/{rel}","templated":true}]}}