{"id":15607,"date":"2025-04-14T16:55:18","date_gmt":"2025-04-14T15:55:18","guid":{"rendered":"https:\/\/tremunpiercing.com\/?post_type=product&#038;p=15607"},"modified":"2026-03-23T12:17:17","modified_gmt":"2026-03-23T11:17:17","slug":"septum-clicker-tina-emerald","status":"publish","type":"product","link":"https:\/\/tremunpiercing.com\/pl\/product\/septum-clicker-tina-emerald\/","title":{"rendered":"Septum Clicker Tina Emerald"},"content":{"rendered":"<p>Tina Emerald Septum Clicker to stylowy pier\u015bcionek z zatrzaskiem stworzony dla profesjonalist\u00f3w zajmuj\u0105cych si\u0119 piercingiem, studi\u00f3w i dystrybutor\u00f3w hurtowych. Wykonany z tytanu F-136 o jako\u015bci implantu, jest hipoalergiczny dla bezpiecze\u0144stwa przez ca\u0142y okres u\u017cytkowania piercingu i b\u0119dzie trwa\u0142 d\u0142u\u017cej bez ryzyka korozji, co czyni go idealn\u0105 opcj\u0105 dla klient\u00f3w o wra\u017cliwej sk\u00f3rze. Tina Emerald ma \u015brednic\u0119 10 mm, grubo\u015b\u0107 16G, d\u0142ugo\u015b\u0107 zatrzasku 7 mm i jest wyposa\u017cony w 4 mm szmaragdow\u0105 cyrkoni\u0119.<\/p>\n<p>Kszta\u0142t przypomina dwie p\u00f3\u0142okr\u0105g\u0142e ga\u0142\u0119zie tworz\u0105ce ogniwo. Jest to podstawa profesjonalnego noszenia, ma renomowany system zamykania i b\u0119dzie dobrym codziennym elementem. \u017bywio\u0142owo\u015b\u0107 szmaragdowej cyrkonii nie pozostanie niezauwa\u017cona, tworz\u0105c \u0142adny kolor, kt\u00f3ry przyci\u0105ga wzrok. Septum Clicker jest faworytem w\u015br\u00f3d klient\u00f3w, kt\u00f3rzy preferuj\u0105 g\u0142o\u015bniejsze, stylowe opcje i nie zawiedzie.<\/p>","protected":false},"excerpt":{"rendered":"<ul>\n<li>Pier\u015bcie\u0144 zatrzaskowy<\/li>\n<li>Materia\u0142: Tytan F-136 do implant\u00f3w<\/li>\n<li>\u015arednica: 10 mm<\/li>\n<li>Grubo\u015b\u0107: 16G<\/li>\n<li>D\u0142ugo\u015b\u0107 zatrzasku: 7 mm<\/li>\n<li>Klejnot: Cyrkonia sze\u015bcienna<\/li>\n<\/ul>","protected":false},"featured_media":16177,"comment_status":"closed","ping_status":"closed","template":"","meta":{"_acf_changed":false},"product_brand":[],"product_cat":[341,340],"product_tag":[192,193,202,179,180,194,188,189,195,196,226,190,183,184,197,198],"class_list":{"0":"post-15607","1":"product","2":"type-product","3":"status-publish","4":"has-post-thumbnail","6":"product_cat-rings-titanium-jewelry","7":"product_cat-titanium-jewelry","8":"product_tag-anillo","9":"product_tag-argolla","10":"product_tag-clicker","11":"product_tag-cristal","12":"product_tag-cz","13":"product_tag-daith","14":"product_tag-ear","15":"product_tag-helix","16":"product_tag-hinged-ring","17":"product_tag-nariz","18":"product_tag-opal","19":"product_tag-oreja","20":"product_tag-perforacion","21":"product_tag-piercing","22":"product_tag-ring","23":"product_tag-septum","25":"first","26":"instock","27":"taxable","28":"shipping-taxable","29":"purchasable","30":"product-type-simple"},"acf":[],"gallery_images":[27787,27788],"_links":{"self":[{"href":"https:\/\/tremunpiercing.com\/pl\/wp-json\/wp\/v2\/product\/15607","targetHints":{"allow":["GET"]}}],"collection":[{"href":"https:\/\/tremunpiercing.com\/pl\/wp-json\/wp\/v2\/product"}],"about":[{"href":"https:\/\/tremunpiercing.com\/pl\/wp-json\/wp\/v2\/types\/product"}],"replies":[{"embeddable":true,"href":"https:\/\/tremunpiercing.com\/pl\/wp-json\/wp\/v2\/comments?post=15607"}],"version-history":[{"count":1,"href":"https:\/\/tremunpiercing.com\/pl\/wp-json\/wp\/v2\/product\/15607\/revisions"}],"predecessor-version":[{"id":27789,"href":"https:\/\/tremunpiercing.com\/pl\/wp-json\/wp\/v2\/product\/15607\/revisions\/27789"}],"wp:featuredmedia":[{"embeddable":true,"href":"https:\/\/tremunpiercing.com\/pl\/wp-json\/wp\/v2\/media\/16177"}],"wp:attachment":[{"href":"https:\/\/tremunpiercing.com\/pl\/wp-json\/wp\/v2\/media?parent=15607"}],"wp:term":[{"taxonomy":"product_brand","embeddable":true,"href":"https:\/\/tremunpiercing.com\/pl\/wp-json\/wp\/v2\/product_brand?post=15607"},{"taxonomy":"product_cat","embeddable":true,"href":"https:\/\/tremunpiercing.com\/pl\/wp-json\/wp\/v2\/product_cat?post=15607"},{"taxonomy":"product_tag","embeddable":true,"href":"https:\/\/tremunpiercing.com\/pl\/wp-json\/wp\/v2\/product_tag?post=15607"}],"curies":[{"name":"wp","href":"https:\/\/api.w.org\/{rel}","templated":true}]}}