{"id":15617,"date":"2025-04-14T17:35:45","date_gmt":"2025-04-14T16:35:45","guid":{"rendered":"https:\/\/tremunpiercing.com\/?post_type=product&#038;p=15617"},"modified":"2026-03-29T20:29:19","modified_gmt":"2026-03-29T19:29:19","slug":"athena-sapphire-blue-cz","status":"publish","type":"product","link":"https:\/\/tremunpiercing.com\/pl\/product\/athena-sapphire-blue-cz\/","title":{"rendered":"Athena Sapphire Blue CZ"},"content":{"rendered":"<p>The Athena Sapphire Blue CZ is an internally threaded piece of piercing jewelry made with premium materials for professional use. This jewelry is made from implant-grade titanium F-136 and is hypoallergenic, safe for sensitive skin, and provides extreme durability and comfort for the long term. The sapphire blue cubic zirconia jewel has an incredible deep sparkle and is a long-time favorite for clients who enjoy bold but classy designs. At a 16G gauge and 16.12 mm in length, it provides a secure, professional fit for a professional-level service in piercing shops or tattoo studios or retailers.<\/p>","protected":false},"excerpt":{"rendered":"<ul>\n<li>Gwint wewn\u0119trzny<\/li>\n<li>Materia\u0142: Tytan F-136 do implant\u00f3w<\/li>\n<li>Grubo\u015b\u0107: 16G<\/li>\n<li>Klejnot: Cyrkonia sze\u015bcienna<\/li>\n<li>D\u0142ugo\u015b\u0107: 16,12 mm<\/li>\n<\/ul>","protected":false},"featured_media":15618,"comment_status":"closed","ping_status":"closed","template":"","meta":{"_acf_changed":false},"product_brand":[],"product_cat":[340,343],"product_tag":[187,188,209,189,205,206,190,183,184,207],"class_list":{"0":"post-15617","1":"product","2":"type-product","3":"status-publish","4":"has-post-thumbnail","6":"product_cat-titanium-jewelry","7":"product_cat-tops-titanium-jewelry","8":"product_tag-conch","9":"product_tag-ear","10":"product_tag-faux-rook","11":"product_tag-helix","12":"product_tag-lobe","13":"product_tag-lobulo","14":"product_tag-oreja","15":"product_tag-perforacion","16":"product_tag-piercing","17":"product_tag-tragus","19":"first","20":"instock","21":"taxable","22":"shipping-taxable","23":"purchasable","24":"product-type-simple"},"acf":[],"gallery_images":[27654,27655],"_links":{"self":[{"href":"https:\/\/tremunpiercing.com\/pl\/wp-json\/wp\/v2\/product\/15617","targetHints":{"allow":["GET"]}}],"collection":[{"href":"https:\/\/tremunpiercing.com\/pl\/wp-json\/wp\/v2\/product"}],"about":[{"href":"https:\/\/tremunpiercing.com\/pl\/wp-json\/wp\/v2\/types\/product"}],"replies":[{"embeddable":true,"href":"https:\/\/tremunpiercing.com\/pl\/wp-json\/wp\/v2\/comments?post=15617"}],"version-history":[{"count":1,"href":"https:\/\/tremunpiercing.com\/pl\/wp-json\/wp\/v2\/product\/15617\/revisions"}],"predecessor-version":[{"id":27653,"href":"https:\/\/tremunpiercing.com\/pl\/wp-json\/wp\/v2\/product\/15617\/revisions\/27653"}],"wp:featuredmedia":[{"embeddable":true,"href":"https:\/\/tremunpiercing.com\/pl\/wp-json\/wp\/v2\/media\/15618"}],"wp:attachment":[{"href":"https:\/\/tremunpiercing.com\/pl\/wp-json\/wp\/v2\/media?parent=15617"}],"wp:term":[{"taxonomy":"product_brand","embeddable":true,"href":"https:\/\/tremunpiercing.com\/pl\/wp-json\/wp\/v2\/product_brand?post=15617"},{"taxonomy":"product_cat","embeddable":true,"href":"https:\/\/tremunpiercing.com\/pl\/wp-json\/wp\/v2\/product_cat?post=15617"},{"taxonomy":"product_tag","embeddable":true,"href":"https:\/\/tremunpiercing.com\/pl\/wp-json\/wp\/v2\/product_tag?post=15617"}],"curies":[{"name":"wp","href":"https:\/\/api.w.org\/{rel}","templated":true}]}}