{"id":15643,"date":"2025-04-14T18:02:20","date_gmt":"2025-04-14T17:02:20","guid":{"rendered":"https:\/\/tremunpiercing.com\/?post_type=product&#038;p=15643"},"modified":"2026-04-13T09:11:58","modified_gmt":"2026-04-13T08:11:58","slug":"lilbit-push-pin-topaz-blue","status":"publish","type":"product","link":"https:\/\/tremunpiercing.com\/pl\/product\/lilbit-push-pin-topaz-blue\/","title":{"rendered":"Lilbit Push Pin Topaz Blue"},"content":{"rendered":"<p>Lilbit Topaz Blue Push Pin rozja\u015bni twoj\u0105 kolekcj\u0119 bi\u017cuterii do piercingu popem koloru. Ta szpilka wykonana z tytanu klasy implantologicznej F-136 zosta\u0142a zaprojektowana z my\u015bl\u0105 o komforcie, bezpiecze\u0144stwie i jasnym, d\u0142ugotrwa\u0142ym po\u0142ysku. Ol\u015bniewaj\u0105cy niebieski topaz z cyrkoniami dodaje \u015bwie\u017cego koloru i widocznego akcentu, kt\u00f3ry pokochaj\u0105 Twoi klienci.<\/p>\n<p>Ten produkt jest dost\u0119pny w \u015brednicach od 1,5 mm do 3 mm i jest kompatybilny tylko z ko\u0142kami wciskanymi. <a href=\"https:\/\/tremunpiercing.com\/product-category\/titanium-jewelry\/labret-titanium-jeawelry\/\">labrety<\/a>. Dzi\u0119ki temu klienci mog\u0105 nosi\u0107 go bezpiecznie i profesjonalnie. Lilbit Push Pin Topaz Blue jest idealny dla dostawc\u00f3w bi\u017cuterii do piercingu, studi\u00f3w tatua\u017cu i hurtowych dystrybutor\u00f3w bi\u017cuterii do cia\u0142a. Sprzedawcy b\u0119d\u0105 zachwyceni mo\u017cliwo\u015bci\u0105 oferowania swoim klientom wysokiej jako\u015bci, hipoalergicznej bi\u017cuterii.<\/p>","protected":false},"excerpt":{"rendered":"<ul>\n<li>Akcesoria do zawleczek<\/li>\n<li>Kompatybilny tylko z labretami wciskanymi<\/li>\n<li>Materia\u0142: Tytan F-136 do implant\u00f3w<\/li>\n<li>Gauge: 25G<\/li>\n<li>\u015arednice: 1,5mm - 2mm - 2,5mm - 3mm<\/li>\n<li>Klejnot: Cyrkonia sze\u015bcienna<\/li>\n<\/ul>","protected":false},"featured_media":15648,"comment_status":"closed","ping_status":"closed","template":"","meta":{"_acf_changed":false},"product_brand":[],"product_cat":[340,343],"product_tag":[218,295,296,187,188,189,205,206,212,190,183,213,184,297,294,207],"class_list":{"0":"post-15643","1":"product","2":"type-product","3":"status-publish","4":"has-post-thumbnail","6":"product_cat-titanium-jewelry","7":"product_cat-tops-titanium-jewelry","8":"product_tag-ball","9":"product_tag-bola","10":"product_tag-bolita","11":"product_tag-conch","12":"product_tag-ear","13":"product_tag-helix","14":"product_tag-lobe","15":"product_tag-lobulo","16":"product_tag-medusa","17":"product_tag-oreja","18":"product_tag-perforacion","19":"product_tag-philtrum","20":"product_tag-piercing","21":"product_tag-repuesto","22":"product_tag-spare","23":"product_tag-tragus","25":"first","26":"instock","27":"taxable","28":"shipping-taxable","29":"purchasable","30":"product-type-variable"},"acf":[],"gallery_images":[27767,27768],"_links":{"self":[{"href":"https:\/\/tremunpiercing.com\/pl\/wp-json\/wp\/v2\/product\/15643","targetHints":{"allow":["GET"]}}],"collection":[{"href":"https:\/\/tremunpiercing.com\/pl\/wp-json\/wp\/v2\/product"}],"about":[{"href":"https:\/\/tremunpiercing.com\/pl\/wp-json\/wp\/v2\/types\/product"}],"replies":[{"embeddable":true,"href":"https:\/\/tremunpiercing.com\/pl\/wp-json\/wp\/v2\/comments?post=15643"}],"version-history":[{"count":1,"href":"https:\/\/tremunpiercing.com\/pl\/wp-json\/wp\/v2\/product\/15643\/revisions"}],"predecessor-version":[{"id":27773,"href":"https:\/\/tremunpiercing.com\/pl\/wp-json\/wp\/v2\/product\/15643\/revisions\/27773"}],"wp:featuredmedia":[{"embeddable":true,"href":"https:\/\/tremunpiercing.com\/pl\/wp-json\/wp\/v2\/media\/15648"}],"wp:attachment":[{"href":"https:\/\/tremunpiercing.com\/pl\/wp-json\/wp\/v2\/media?parent=15643"}],"wp:term":[{"taxonomy":"product_brand","embeddable":true,"href":"https:\/\/tremunpiercing.com\/pl\/wp-json\/wp\/v2\/product_brand?post=15643"},{"taxonomy":"product_cat","embeddable":true,"href":"https:\/\/tremunpiercing.com\/pl\/wp-json\/wp\/v2\/product_cat?post=15643"},{"taxonomy":"product_tag","embeddable":true,"href":"https:\/\/tremunpiercing.com\/pl\/wp-json\/wp\/v2\/product_tag?post=15643"}],"curies":[{"name":"wp","href":"https:\/\/api.w.org\/{rel}","templated":true}]}}