{"id":15667,"date":"2025-04-14T18:17:57","date_gmt":"2025-04-14T17:17:57","guid":{"rendered":"https:\/\/tremunpiercing.com\/?post_type=product&#038;p=15667"},"modified":"2026-04-13T09:11:58","modified_gmt":"2026-04-13T08:11:58","slug":"lilbit-push-pin-emerald","status":"publish","type":"product","link":"https:\/\/tremunpiercing.com\/pl\/product\/lilbit-push-pin-emerald\/","title":{"rendered":"Lilbit Push Pin Emerald"},"content":{"rendered":"<h2>Szmaragdowozielona tytanowa przypinka z klejnotem CZ<\/h2>\n<p>Lilbit Push Pin Emerald zapewnia luksusowe wyko\u0144czenie z kamieniami szlachetnymi w najwy\u017cszej jako\u015bci bezgwintowej bi\u017cuterii do piercingu. Wykonany z tytanu klasy implantologicznej F-136, gwarantuje hipoalergiczno\u015b\u0107, bezpiecze\u0144stwo i trwa\u0142o\u015b\u0107, dzi\u0119ki czemu jest godny zaufania dla piercer\u00f3w i profesjonalist\u00f3w zajmuj\u0105cych si\u0119 piercingiem. Zaprojektowany i wyprodukowany specjalnie dla badanych labret\u00f3w push pin 25G, dost\u0119pne rozmiary to 1,5 mm, 2 mm, 2,5 mm i 3 mm, dzi\u0119ki czemu jest niezwykle elastyczny dla wielu rodzaj\u00f3w kolczyk\u00f3w.<\/p>\n<p>Szmaragdowozielona cyrkonia nadaje jej wyj\u0105tkowy, luksusowy wygl\u0105d dla klient\u00f3w, kt\u00f3rzy chc\u0105 przebi\u0107 wysokiej jako\u015bci bi\u017cuteri\u0119 z kamieniami szlachetnymi. Upewnij si\u0119, \u017ce Tw\u00f3j sklep ma t\u0119 osza\u0142amiaj\u0105c\u0105 szpilk\u0119, poniewa\u017c szmaragdowa szpilka spe\u0142nia wszystkie potrzeby profesjonalnego bezpiecze\u0144stwa, zapewniaj\u0105c jednocze\u015bnie klientom osza\u0142amiaj\u0105c\u0105 estetyk\u0119.<\/p>","protected":false},"excerpt":{"rendered":"<ul>\n<li>Akcesoria do zawleczek<\/li>\n<li>Kompatybilny tylko z labretami wciskanymi<\/li>\n<li>Materia\u0142: Tytan F-136 do implant\u00f3w<\/li>\n<li>Gauge: 25G<\/li>\n<li>\u015arednice: 1,5mm - 2mm - 2,5mm - 3mm<\/li>\n<li>Klejnot: Cyrkonia sze\u015bcienna<\/li>\n<\/ul>","protected":false},"featured_media":15672,"comment_status":"closed","ping_status":"closed","template":"","meta":{"_acf_changed":false},"product_brand":[],"product_cat":[340,343],"product_tag":[218,295,296,187,188,189,205,206,212,190,183,213,184,297,294,207],"class_list":{"0":"post-15667","1":"product","2":"type-product","3":"status-publish","4":"has-post-thumbnail","6":"product_cat-titanium-jewelry","7":"product_cat-tops-titanium-jewelry","8":"product_tag-ball","9":"product_tag-bola","10":"product_tag-bolita","11":"product_tag-conch","12":"product_tag-ear","13":"product_tag-helix","14":"product_tag-lobe","15":"product_tag-lobulo","16":"product_tag-medusa","17":"product_tag-oreja","18":"product_tag-perforacion","19":"product_tag-philtrum","20":"product_tag-piercing","21":"product_tag-repuesto","22":"product_tag-spare","23":"product_tag-tragus","25":"first","26":"instock","27":"taxable","28":"shipping-taxable","29":"purchasable","30":"product-type-variable"},"acf":[],"gallery_images":[27761,27760],"_links":{"self":[{"href":"https:\/\/tremunpiercing.com\/pl\/wp-json\/wp\/v2\/product\/15667","targetHints":{"allow":["GET"]}}],"collection":[{"href":"https:\/\/tremunpiercing.com\/pl\/wp-json\/wp\/v2\/product"}],"about":[{"href":"https:\/\/tremunpiercing.com\/pl\/wp-json\/wp\/v2\/types\/product"}],"replies":[{"embeddable":true,"href":"https:\/\/tremunpiercing.com\/pl\/wp-json\/wp\/v2\/comments?post=15667"}],"version-history":[{"count":1,"href":"https:\/\/tremunpiercing.com\/pl\/wp-json\/wp\/v2\/product\/15667\/revisions"}],"predecessor-version":[{"id":27765,"href":"https:\/\/tremunpiercing.com\/pl\/wp-json\/wp\/v2\/product\/15667\/revisions\/27765"}],"wp:featuredmedia":[{"embeddable":true,"href":"https:\/\/tremunpiercing.com\/pl\/wp-json\/wp\/v2\/media\/15672"}],"wp:attachment":[{"href":"https:\/\/tremunpiercing.com\/pl\/wp-json\/wp\/v2\/media?parent=15667"}],"wp:term":[{"taxonomy":"product_brand","embeddable":true,"href":"https:\/\/tremunpiercing.com\/pl\/wp-json\/wp\/v2\/product_brand?post=15667"},{"taxonomy":"product_cat","embeddable":true,"href":"https:\/\/tremunpiercing.com\/pl\/wp-json\/wp\/v2\/product_cat?post=15667"},{"taxonomy":"product_tag","embeddable":true,"href":"https:\/\/tremunpiercing.com\/pl\/wp-json\/wp\/v2\/product_tag?post=15667"}],"curies":[{"name":"wp","href":"https:\/\/api.w.org\/{rel}","templated":true}]}}