{"id":15853,"date":"2025-04-15T21:21:21","date_gmt":"2025-04-15T20:21:21","guid":{"rendered":"https:\/\/tremunpiercing.com\/?post_type=product&#038;p=15853"},"modified":"2026-04-17T17:06:28","modified_gmt":"2026-04-17T16:06:28","slug":"dermal-top-sw-crystal-sapphire","status":"publish","type":"product","link":"https:\/\/tremunpiercing.com\/pl\/product\/dermal-top-sw-crystal-sapphire\/","title":{"rendered":"Dermal Top - SW Crystal Sapphire"},"content":{"rendered":"<p data-pm-slice=\"1 1 []\">Dermal Top - SW Crystal Sapphire to profesjonalne akcesorium do sk\u00f3ry w\u0142a\u015bciwej, u\u017cywane na ca\u0142ym \u015bwiecie przez profesjonalist\u00f3w zajmuj\u0105cych si\u0119 piercingiem. Wykonany jest z tytanu klasy implantacyjnej F-136, zapewniaj\u0105cego bezpiecze\u0144stwo i trwa\u0142o\u015b\u0107, i jest tytanowym trzpieniem z wewn\u0119trznym (\u017ce\u0144skim) gwintem, zapewniaj\u0105cym g\u0142adk\u0105 aplikacj\u0119 i bezpieczne dopasowanie. Dermal Top mo\u017ce by\u0107 r\u00f3wnie\u017c stosowany do wielu miejsc w sk\u00f3rze; jest dost\u0119pny w \u015brednicach 2,5 mm, 3 mm, 4 mm i 5 mm oraz \u015brednicach 16G i 14G (wi\u0119c s\u0105 opcje dla wszystkich r\u00f3\u017cnych lokalizacji). Bogaty niebieski szafirowy kryszta\u0142 \/ kamie\u0144 SW naprawd\u0119 wyskakuje i zapewnia ekskluzywne podej\u015bcie i jest ulubie\u0144cem klient\u00f3w, kt\u00f3rzy po prostu chc\u0105 si\u0119 wyr\u00f3\u017cnia\u0107 w bi\u017cuterii na ciele.<\/p>","protected":false},"excerpt":{"rendered":"<ul>\n<li>Gwint wewn\u0119trzny<\/li>\n<li>Materia\u0142: Tytan F-136 do implant\u00f3w<\/li>\n<li>\u015arednica: 2,5 mm - 3 mm - 4 mm - 5 mm<\/li>\n<li>Grubo\u015b\u0107: 16G - 14G<\/li>\n<\/ul>","protected":false},"featured_media":15860,"comment_status":"closed","ping_status":"closed","template":"","meta":{"_acf_changed":false},"product_brand":[],"product_cat":[442,340,343],"product_tag":[187,215,216,188,189,210,211,212,190,183,213,184,207],"class_list":{"0":"post-15853","1":"product","2":"type-product","3":"status-publish","4":"has-post-thumbnail","6":"product_cat-sw","7":"product_cat-titanium-jewelry","8":"product_cat-tops-titanium-jewelry","9":"product_tag-conch","10":"product_tag-dermal-top","11":"product_tag-disc","12":"product_tag-ear","13":"product_tag-helix","14":"product_tag-labret","15":"product_tag-lip","16":"product_tag-medusa","17":"product_tag-oreja","18":"product_tag-perforacion","19":"product_tag-philtrum","20":"product_tag-piercing","21":"product_tag-tragus","23":"first","24":"instock","25":"taxable","26":"shipping-taxable","27":"purchasable","28":"product-type-variable"},"acf":[],"gallery_images":[27712,27711],"_links":{"self":[{"href":"https:\/\/tremunpiercing.com\/pl\/wp-json\/wp\/v2\/product\/15853","targetHints":{"allow":["GET"]}}],"collection":[{"href":"https:\/\/tremunpiercing.com\/pl\/wp-json\/wp\/v2\/product"}],"about":[{"href":"https:\/\/tremunpiercing.com\/pl\/wp-json\/wp\/v2\/types\/product"}],"replies":[{"embeddable":true,"href":"https:\/\/tremunpiercing.com\/pl\/wp-json\/wp\/v2\/comments?post=15853"}],"version-history":[{"count":1,"href":"https:\/\/tremunpiercing.com\/pl\/wp-json\/wp\/v2\/product\/15853\/revisions"}],"predecessor-version":[{"id":27713,"href":"https:\/\/tremunpiercing.com\/pl\/wp-json\/wp\/v2\/product\/15853\/revisions\/27713"}],"wp:featuredmedia":[{"embeddable":true,"href":"https:\/\/tremunpiercing.com\/pl\/wp-json\/wp\/v2\/media\/15860"}],"wp:attachment":[{"href":"https:\/\/tremunpiercing.com\/pl\/wp-json\/wp\/v2\/media?parent=15853"}],"wp:term":[{"taxonomy":"product_brand","embeddable":true,"href":"https:\/\/tremunpiercing.com\/pl\/wp-json\/wp\/v2\/product_brand?post=15853"},{"taxonomy":"product_cat","embeddable":true,"href":"https:\/\/tremunpiercing.com\/pl\/wp-json\/wp\/v2\/product_cat?post=15853"},{"taxonomy":"product_tag","embeddable":true,"href":"https:\/\/tremunpiercing.com\/pl\/wp-json\/wp\/v2\/product_tag?post=15853"}],"curies":[{"name":"wp","href":"https:\/\/api.w.org\/{rel}","templated":true}]}}