{"id":15862,"date":"2025-04-15T22:09:47","date_gmt":"2025-04-15T21:09:47","guid":{"rendered":"https:\/\/tremunpiercing.com\/?post_type=product&#038;p=15862"},"modified":"2026-04-17T17:06:28","modified_gmt":"2026-04-17T16:06:28","slug":"dermal-top-sw-crystal-light-peach","status":"publish","type":"product","link":"https:\/\/tremunpiercing.com\/pl\/product\/dermal-top-sw-crystal-light-peach\/","title":{"rendered":"Dermal Top - SW Crystal Light Peach"},"content":{"rendered":"<p>Dermal Top SW Crystal Light Peach dodaje odrobin\u0119 wyrafinowania i mi\u0119kko\u015bci do profesjonalnych linii bi\u017cuterii do piercingu. Wykonany z tytanu F-136 klasy implantacyjnej, ten top do sk\u00f3ry w\u0142a\u015bciwej jest wewn\u0119trznie gwintowany i zbudowany tak, aby by\u0142 bezpieczny, hipoalergiczny i noszony przez d\u0142ugi czas. Ten top do sk\u00f3ry w\u0142a\u015bciwej jest dost\u0119pny w \u015brednicach 2,5 mm, 3 mm, 4 mm lub 5 mm i rozmiarach 16G - 14G, dzi\u0119ki czemu mo\u017cna go wygodnie i bezpiecznie nosi\u0107 w wielu miejscach. Jasnobrzoskwiniowy kryszta\u0142 SW oferuje delikatny po\u0142ysk, kt\u00f3ry jest elegancki, ale dyskretny, co jest cz\u0119st\u0105 pro\u015bb\u0105 naszych klient\u00f3w, kt\u00f3rzy preferuj\u0105 mniej oczywiste odcienie kamieni szlachetnych. Dodanie tak pi\u0119knego <a href=\"https:\/\/tremunpiercing.com\/product-category\/titanium-jewelry\/tops-titanium-jewelry\/\">top<\/a> do hurtowni bi\u017cuterii do cia\u0142a zapewni klientom dodatkowy poziom bezpiecze\u0144stwa i pi\u0119kna, po\u0142\u0105czony w jeden element profesjonalnej bi\u017cuterii.<\/p>\n<p>&nbsp;<\/p>","protected":false},"excerpt":{"rendered":"<ul>\n<li>Gwint wewn\u0119trzny<\/li>\n<li>Materia\u0142: Tytan F-136 do implant\u00f3w<\/li>\n<li>\u015arednica: 2,5 mm - 3 mm - 4 mm - 5 mm<\/li>\n<li>Grubo\u015b\u0107: 16G - 14G<\/li>\n<\/ul>","protected":false},"featured_media":15870,"comment_status":"closed","ping_status":"closed","template":"","meta":{"_acf_changed":false},"product_brand":[],"product_cat":[442,340,343],"product_tag":[187,215,216,188,189,210,211,212,190,183,213,184,207],"class_list":{"0":"post-15862","1":"product","2":"type-product","3":"status-publish","4":"has-post-thumbnail","6":"product_cat-sw","7":"product_cat-titanium-jewelry","8":"product_cat-tops-titanium-jewelry","9":"product_tag-conch","10":"product_tag-dermal-top","11":"product_tag-disc","12":"product_tag-ear","13":"product_tag-helix","14":"product_tag-labret","15":"product_tag-lip","16":"product_tag-medusa","17":"product_tag-oreja","18":"product_tag-perforacion","19":"product_tag-philtrum","20":"product_tag-piercing","21":"product_tag-tragus","23":"first","24":"instock","25":"taxable","26":"shipping-taxable","27":"purchasable","28":"product-type-variable"},"acf":[],"gallery_images":[27706,27705],"_links":{"self":[{"href":"https:\/\/tremunpiercing.com\/pl\/wp-json\/wp\/v2\/product\/15862","targetHints":{"allow":["GET"]}}],"collection":[{"href":"https:\/\/tremunpiercing.com\/pl\/wp-json\/wp\/v2\/product"}],"about":[{"href":"https:\/\/tremunpiercing.com\/pl\/wp-json\/wp\/v2\/types\/product"}],"replies":[{"embeddable":true,"href":"https:\/\/tremunpiercing.com\/pl\/wp-json\/wp\/v2\/comments?post=15862"}],"version-history":[{"count":1,"href":"https:\/\/tremunpiercing.com\/pl\/wp-json\/wp\/v2\/product\/15862\/revisions"}],"predecessor-version":[{"id":27709,"href":"https:\/\/tremunpiercing.com\/pl\/wp-json\/wp\/v2\/product\/15862\/revisions\/27709"}],"wp:featuredmedia":[{"embeddable":true,"href":"https:\/\/tremunpiercing.com\/pl\/wp-json\/wp\/v2\/media\/15870"}],"wp:attachment":[{"href":"https:\/\/tremunpiercing.com\/pl\/wp-json\/wp\/v2\/media?parent=15862"}],"wp:term":[{"taxonomy":"product_brand","embeddable":true,"href":"https:\/\/tremunpiercing.com\/pl\/wp-json\/wp\/v2\/product_brand?post=15862"},{"taxonomy":"product_cat","embeddable":true,"href":"https:\/\/tremunpiercing.com\/pl\/wp-json\/wp\/v2\/product_cat?post=15862"},{"taxonomy":"product_tag","embeddable":true,"href":"https:\/\/tremunpiercing.com\/pl\/wp-json\/wp\/v2\/product_tag?post=15862"}],"curies":[{"name":"wp","href":"https:\/\/api.w.org\/{rel}","templated":true}]}}