{"id":15886,"date":"2025-04-16T16:00:42","date_gmt":"2025-04-16T15:00:42","guid":{"rendered":"https:\/\/tremunpiercing.com\/?post_type=product&#038;p=15886"},"modified":"2026-03-19T15:55:55","modified_gmt":"2026-03-19T14:55:55","slug":"athena-emerald-cz","status":"publish","type":"product","link":"https:\/\/tremunpiercing.com\/pl\/product\/athena-emerald-cz\/","title":{"rendered":"Athena Emerald CZ"},"content":{"rendered":"<p data-pm-slice=\"1 1 []\">The Athena Emerald CZ is a beautiful, internally threaded titanium piercing jewelry piece made for piercing professionals who prioritize safety and durability.Made from Implant Grade Titanium F-136 (hypoallergenic), this product is built to last. This piece is available as a 16G, either 16 mm or 12 mm in length, and comes with a stunning emerald green <strong>cubic zirconia<\/strong> for that extra touch of sparkle. Internal threading means faster, easier, and safer insertion\u2014for your client; this makes it a perfect <strong>piercing for cartilage<\/strong>, lip, and ear.<\/p>","protected":false},"excerpt":{"rendered":"<ul>\n<li>Gwint wewn\u0119trzny<\/li>\n<li>Materia\u0142: Tytan F-136 do implant\u00f3w<\/li>\n<li>Grubo\u015b\u0107: 16G<\/li>\n<li>Klejnot: Cyrkonia sze\u015bcienna<\/li>\n<li>D\u0142ugo\u015b\u0107: 16,12 mm<\/li>\n<\/ul>","protected":false},"featured_media":15887,"comment_status":"closed","ping_status":"closed","template":"","meta":{"_acf_changed":false},"product_brand":[],"product_cat":[340,343],"product_tag":[187,188,209,189,205,206,190,183,184,207],"class_list":{"0":"post-15886","1":"product","2":"type-product","3":"status-publish","4":"has-post-thumbnail","6":"product_cat-titanium-jewelry","7":"product_cat-tops-titanium-jewelry","8":"product_tag-conch","9":"product_tag-ear","10":"product_tag-faux-rook","11":"product_tag-helix","12":"product_tag-lobe","13":"product_tag-lobulo","14":"product_tag-oreja","15":"product_tag-perforacion","16":"product_tag-piercing","17":"product_tag-tragus","19":"first","20":"instock","21":"taxable","22":"shipping-taxable","23":"purchasable","24":"product-type-simple"},"acf":[],"gallery_images":[27662,27663],"_links":{"self":[{"href":"https:\/\/tremunpiercing.com\/pl\/wp-json\/wp\/v2\/product\/15886","targetHints":{"allow":["GET"]}}],"collection":[{"href":"https:\/\/tremunpiercing.com\/pl\/wp-json\/wp\/v2\/product"}],"about":[{"href":"https:\/\/tremunpiercing.com\/pl\/wp-json\/wp\/v2\/types\/product"}],"replies":[{"embeddable":true,"href":"https:\/\/tremunpiercing.com\/pl\/wp-json\/wp\/v2\/comments?post=15886"}],"version-history":[{"count":1,"href":"https:\/\/tremunpiercing.com\/pl\/wp-json\/wp\/v2\/product\/15886\/revisions"}],"predecessor-version":[{"id":27664,"href":"https:\/\/tremunpiercing.com\/pl\/wp-json\/wp\/v2\/product\/15886\/revisions\/27664"}],"wp:featuredmedia":[{"embeddable":true,"href":"https:\/\/tremunpiercing.com\/pl\/wp-json\/wp\/v2\/media\/15887"}],"wp:attachment":[{"href":"https:\/\/tremunpiercing.com\/pl\/wp-json\/wp\/v2\/media?parent=15886"}],"wp:term":[{"taxonomy":"product_brand","embeddable":true,"href":"https:\/\/tremunpiercing.com\/pl\/wp-json\/wp\/v2\/product_brand?post=15886"},{"taxonomy":"product_cat","embeddable":true,"href":"https:\/\/tremunpiercing.com\/pl\/wp-json\/wp\/v2\/product_cat?post=15886"},{"taxonomy":"product_tag","embeddable":true,"href":"https:\/\/tremunpiercing.com\/pl\/wp-json\/wp\/v2\/product_tag?post=15886"}],"curies":[{"name":"wp","href":"https:\/\/api.w.org\/{rel}","templated":true}]}}