{"id":20544,"date":"2025-08-29T20:22:06","date_gmt":"2025-08-29T19:22:06","guid":{"rendered":"https:\/\/tremunpiercing.com\/?post_type=product&#038;p=20544"},"modified":"2026-04-09T15:53:22","modified_gmt":"2026-04-09T14:53:22","slug":"becky-lab-emerald","status":"publish","type":"product","link":"https:\/\/tremunpiercing.com\/pl\/product\/becky-lab-emerald\/","title":{"rendered":"Becky Lab Emerald"},"content":{"rendered":"<p>Ponadczasowy i osza\u0142amiaj\u0105cy Becky Lab Emerald dodaje odrobin\u0119 luksusu do ka\u017cdej profesjonalnej bi\u017cuterii do piercingu. Wykonany z 14-karatowego \u017c\u00f3\u0142tego z\u0142ota i wyposa\u017cony w osza\u0142amiaj\u0105cy, stworzony w laboratorium kamie\u0144 w kolorze szmaragdu, kt\u00f3ry \u015bwieci w g\u0142\u0119bokim zielonym odcieniu, ta bi\u017cuteria typu push-pin jest uwa\u017cana za z\u0142oty standard (25G) do przek\u0142uwania nozdrzy, tragusa i helisy, \u0142\u0105cz\u0105c wyrafinowanie z funkcjonalno\u015bci\u0105. Niezwykle bezpieczny system push pin jest \u0142atwy do zainstalowania przez piercer\u00f3w i zapewnia wygodne noszenie przez wiele lat. Prawdziwy niezb\u0119dnik dla studi\u00f3w i sprzedawc\u00f3w detalicznych, kt\u00f3rzy chc\u0105 przenie\u015b\u0107 swoj\u0105 wysokiej klasy z\u0142ot\u0105 bi\u017cuteri\u0119 na wy\u017cszy poziom.<\/p>\n<p>&nbsp;<\/p>","protected":false},"excerpt":{"rendered":"<ul>\n<li>Akcesoria do zawleczek<\/li>\n<li>Gauge: 25G<\/li>\n<li>Materia\u0142: \u017b\u00f3\u0142te z\u0142oto 14k<\/li>\n<li>Klejnot: Lab Emerald<\/li>\n<\/ul>","protected":false},"featured_media":20565,"comment_status":"closed","ping_status":"closed","template":"","meta":{"_acf_changed":false},"product_brand":[],"product_cat":[400,337,463],"product_tag":[187,188,189,205,206,190,183,184,207],"class_list":{"0":"post-20544","1":"product","2":"type-product","3":"status-publish","4":"has-post-thumbnail","6":"product_cat-tremun","7":"product_cat-gold-jewelry","8":"product_cat-tops-gold-tremun","9":"product_tag-conch","10":"product_tag-ear","11":"product_tag-helix","12":"product_tag-lobe","13":"product_tag-lobulo","14":"product_tag-oreja","15":"product_tag-perforacion","16":"product_tag-piercing","17":"product_tag-tragus","19":"first","20":"instock","21":"taxable","22":"shipping-taxable","23":"purchasable","24":"product-type-simple"},"acf":[],"gallery_images":[29320,29319],"_links":{"self":[{"href":"https:\/\/tremunpiercing.com\/pl\/wp-json\/wp\/v2\/product\/20544","targetHints":{"allow":["GET"]}}],"collection":[{"href":"https:\/\/tremunpiercing.com\/pl\/wp-json\/wp\/v2\/product"}],"about":[{"href":"https:\/\/tremunpiercing.com\/pl\/wp-json\/wp\/v2\/types\/product"}],"replies":[{"embeddable":true,"href":"https:\/\/tremunpiercing.com\/pl\/wp-json\/wp\/v2\/comments?post=20544"}],"version-history":[{"count":1,"href":"https:\/\/tremunpiercing.com\/pl\/wp-json\/wp\/v2\/product\/20544\/revisions"}],"predecessor-version":[{"id":29321,"href":"https:\/\/tremunpiercing.com\/pl\/wp-json\/wp\/v2\/product\/20544\/revisions\/29321"}],"wp:featuredmedia":[{"embeddable":true,"href":"https:\/\/tremunpiercing.com\/pl\/wp-json\/wp\/v2\/media\/20565"}],"wp:attachment":[{"href":"https:\/\/tremunpiercing.com\/pl\/wp-json\/wp\/v2\/media?parent=20544"}],"wp:term":[{"taxonomy":"product_brand","embeddable":true,"href":"https:\/\/tremunpiercing.com\/pl\/wp-json\/wp\/v2\/product_brand?post=20544"},{"taxonomy":"product_cat","embeddable":true,"href":"https:\/\/tremunpiercing.com\/pl\/wp-json\/wp\/v2\/product_cat?post=20544"},{"taxonomy":"product_tag","embeddable":true,"href":"https:\/\/tremunpiercing.com\/pl\/wp-json\/wp\/v2\/product_tag?post=20544"}],"curies":[{"name":"wp","href":"https:\/\/api.w.org\/{rel}","templated":true}]}}