{"id":20578,"date":"2025-08-29T22:40:24","date_gmt":"2025-08-29T21:40:24","guid":{"rendered":"https:\/\/tremunpiercing.com\/?post_type=product&#038;p=20578"},"modified":"2026-04-09T14:57:54","modified_gmt":"2026-04-09T13:57:54","slug":"katia-moissanite-sapphire-blue","status":"publish","type":"product","link":"https:\/\/tremunpiercing.com\/pl\/product\/katia-moissanite-sapphire-blue\/","title":{"rendered":"Katia Moissanite Sapphire Blue"},"content":{"rendered":"<p>Katia Moissanite Sapphire Blue oferuje g\u0142\u0119boki oceaniczny blask w wyrafinowanym surowym wyko\u0144czeniu z 14-karatowego \u017c\u00f3\u0142tego z\u0142ota. Ten wewn\u0119trznie gwintowany element 14G zawiera \u017cywy szafirowo-niebieski kamie\u0144 moissanitowy, kt\u00f3ry za\u0142amuje \u015bwiat\u0142o z czaruj\u0105cym blaskiem. Kszta\u0142t pier\u015bcionka zosta\u0142 zaprojektowany z my\u015bl\u0105 o kolczykach typu helix, conch lub p\u0142askich, oferuj\u0105c \u0142atwy spos\u00f3b mocowania i wk\u0142adania, a jednocze\u015bnie jest r\u00f3wnie osza\u0142amiaj\u0105cy i wygodny podczas noszenia.<\/p>\n<p>\u015arednica 7 mm zapewnia idealn\u0105 r\u00f3wnowag\u0119 mi\u0119dzy elegancj\u0105 a u\u017cyteczno\u015bci\u0105 dla profesjonalnych piercer\u00f3w. Pier\u015bcionek jest trwa\u0142y dla klient\u00f3w, kt\u00f3rzy pragn\u0105 bogatego odcienia z wyrafinowaniem i z pewno\u015bci\u0105 b\u0119dzie si\u0119 wyr\u00f3\u017cnia\u0142. Idealny dla studi\u00f3w piercingu premium i sprzedawc\u00f3w bi\u017cuterii, Katia Moissanite Sapphire Blue oferuje unikalne po\u0142\u0105czenie rzemie\u015blniczego pi\u0119kna i nowoczesnego luksusu, kt\u00f3ry dobrze si\u0119 \u0142\u0105czy i wyr\u00f3\u017cnia w ka\u017cdej wyselekcjonowanej kolekcji.<\/p>","protected":false},"excerpt":{"rendered":"<ul>\n<li>Gwint wewn\u0119trzny<\/li>\n<li>Grubo\u015b\u0107: 14G<\/li>\n<li>\u015arednica: 7 mm<\/li>\n<li>Materia\u0142: \u017b\u00f3\u0142te z\u0142oto 14k<\/li>\n<li>Klejnot: Moissanite Sapphire Blue<\/li>\n<\/ul>","protected":false},"featured_media":20579,"comment_status":"closed","ping_status":"closed","template":"","meta":{"_acf_changed":false},"product_brand":[],"product_cat":[400,337,463],"product_tag":[187,188,189,205,206,190,183,184,207],"class_list":{"0":"post-20578","1":"product","2":"type-product","3":"status-publish","4":"has-post-thumbnail","6":"product_cat-tremun","7":"product_cat-gold-jewelry","8":"product_cat-tops-gold-tremun","9":"product_tag-conch","10":"product_tag-ear","11":"product_tag-helix","12":"product_tag-lobe","13":"product_tag-lobulo","14":"product_tag-oreja","15":"product_tag-perforacion","16":"product_tag-piercing","17":"product_tag-tragus","19":"first","20":"instock","21":"taxable","22":"shipping-taxable","23":"purchasable","24":"product-type-simple"},"acf":[],"gallery_images":[29298,29297],"_links":{"self":[{"href":"https:\/\/tremunpiercing.com\/pl\/wp-json\/wp\/v2\/product\/20578","targetHints":{"allow":["GET"]}}],"collection":[{"href":"https:\/\/tremunpiercing.com\/pl\/wp-json\/wp\/v2\/product"}],"about":[{"href":"https:\/\/tremunpiercing.com\/pl\/wp-json\/wp\/v2\/types\/product"}],"replies":[{"embeddable":true,"href":"https:\/\/tremunpiercing.com\/pl\/wp-json\/wp\/v2\/comments?post=20578"}],"version-history":[{"count":1,"href":"https:\/\/tremunpiercing.com\/pl\/wp-json\/wp\/v2\/product\/20578\/revisions"}],"predecessor-version":[{"id":29300,"href":"https:\/\/tremunpiercing.com\/pl\/wp-json\/wp\/v2\/product\/20578\/revisions\/29300"}],"wp:featuredmedia":[{"embeddable":true,"href":"https:\/\/tremunpiercing.com\/pl\/wp-json\/wp\/v2\/media\/20579"}],"wp:attachment":[{"href":"https:\/\/tremunpiercing.com\/pl\/wp-json\/wp\/v2\/media?parent=20578"}],"wp:term":[{"taxonomy":"product_brand","embeddable":true,"href":"https:\/\/tremunpiercing.com\/pl\/wp-json\/wp\/v2\/product_brand?post=20578"},{"taxonomy":"product_cat","embeddable":true,"href":"https:\/\/tremunpiercing.com\/pl\/wp-json\/wp\/v2\/product_cat?post=20578"},{"taxonomy":"product_tag","embeddable":true,"href":"https:\/\/tremunpiercing.com\/pl\/wp-json\/wp\/v2\/product_tag?post=20578"}],"curies":[{"name":"wp","href":"https:\/\/api.w.org\/{rel}","templated":true}]}}