{"id":20798,"date":"2025-09-01T16:28:10","date_gmt":"2025-09-01T15:28:10","guid":{"rendered":"https:\/\/tremunpiercing.com\/?post_type=product&#038;p=20798"},"modified":"2026-04-09T13:28:06","modified_gmt":"2026-04-09T12:28:06","slug":"brianna-sky-blue-topaz","status":"publish","type":"product","link":"https:\/\/tremunpiercing.com\/pl\/product\/brianna-sky-blue-topaz\/","title":{"rendered":"Brianna Sky Blue Topaz"},"content":{"rendered":"<p>Brianna Sky Blue Topaz to spokojny wyraz wyrafinowania. Wykonany z 14-karatowego \u017c\u00f3\u0142tego z\u0142ota, posiada promienny b\u0142\u0119kitny topaz, kt\u00f3ry zapewnia spokojny, ale urzekaj\u0105cy blask. Wewn\u0119trznie gwintowana bi\u017cuteria 14G o \u015brednicy 7 mm zapewnia p\u0142ynn\u0105 instalacj\u0119 i trwa\u0142y komfort, idealny do przek\u0142uwania konchy, p\u0142ata lub helisy. Uwielbiany przez profesjonalist\u00f3w od piercingu za czyst\u0105, nowoczesn\u0105 estetyk\u0119, ten element uzupe\u0142nia ka\u017cd\u0105 wysokiej klasy ekspozycj\u0119 bi\u017cuterii.<\/p>\n<p>Delikatny odcie\u0144 i luksusowe wyko\u0144czenie sprawiaj\u0105, \u017ce jest to idealny wyb\u00f3r dla klient\u00f3w poszukuj\u0105cych dyskretnej elegancji. Idealny dla studi\u00f3w i sprzedawc\u00f3w detalicznych, kt\u00f3rzy ceni\u0105 sobie zar\u00f3wno styl, jak i jako\u015b\u0107 wykonania.<\/p>","protected":false},"excerpt":{"rendered":"<ul>\n<li>Gwint wewn\u0119trzny<\/li>\n<li>Grubo\u015b\u0107: 14G<\/li>\n<li>\u015arednica: 7 mm<\/li>\n<li>Materia\u0142: \u017b\u00f3\u0142te z\u0142oto 14k<\/li>\n<li>Klejnot: Sky Blue Topaz<\/li>\n<\/ul>","protected":false},"featured_media":20799,"comment_status":"closed","ping_status":"closed","template":"","meta":{"_acf_changed":false},"product_brand":[],"product_cat":[400,337,463],"product_tag":[187,188,189,205,206,190,183,184,207],"class_list":{"0":"post-20798","1":"product","2":"type-product","3":"status-publish","4":"has-post-thumbnail","6":"product_cat-tremun","7":"product_cat-gold-jewelry","8":"product_cat-tops-gold-tremun","9":"product_tag-conch","10":"product_tag-ear","11":"product_tag-helix","12":"product_tag-lobe","13":"product_tag-lobulo","14":"product_tag-oreja","15":"product_tag-perforacion","16":"product_tag-piercing","17":"product_tag-tragus","19":"first","20":"instock","21":"taxable","22":"shipping-taxable","23":"purchasable","24":"product-type-simple"},"acf":[],"gallery_images":[29267,29266],"_links":{"self":[{"href":"https:\/\/tremunpiercing.com\/pl\/wp-json\/wp\/v2\/product\/20798","targetHints":{"allow":["GET"]}}],"collection":[{"href":"https:\/\/tremunpiercing.com\/pl\/wp-json\/wp\/v2\/product"}],"about":[{"href":"https:\/\/tremunpiercing.com\/pl\/wp-json\/wp\/v2\/types\/product"}],"replies":[{"embeddable":true,"href":"https:\/\/tremunpiercing.com\/pl\/wp-json\/wp\/v2\/comments?post=20798"}],"version-history":[{"count":1,"href":"https:\/\/tremunpiercing.com\/pl\/wp-json\/wp\/v2\/product\/20798\/revisions"}],"predecessor-version":[{"id":29273,"href":"https:\/\/tremunpiercing.com\/pl\/wp-json\/wp\/v2\/product\/20798\/revisions\/29273"}],"wp:featuredmedia":[{"embeddable":true,"href":"https:\/\/tremunpiercing.com\/pl\/wp-json\/wp\/v2\/media\/20799"}],"wp:attachment":[{"href":"https:\/\/tremunpiercing.com\/pl\/wp-json\/wp\/v2\/media?parent=20798"}],"wp:term":[{"taxonomy":"product_brand","embeddable":true,"href":"https:\/\/tremunpiercing.com\/pl\/wp-json\/wp\/v2\/product_brand?post=20798"},{"taxonomy":"product_cat","embeddable":true,"href":"https:\/\/tremunpiercing.com\/pl\/wp-json\/wp\/v2\/product_cat?post=20798"},{"taxonomy":"product_tag","embeddable":true,"href":"https:\/\/tremunpiercing.com\/pl\/wp-json\/wp\/v2\/product_tag?post=20798"}],"curies":[{"name":"wp","href":"https:\/\/api.w.org\/{rel}","templated":true}]}}