{"id":21985,"date":"2025-09-17T19:12:55","date_gmt":"2025-09-17T18:12:55","guid":{"rendered":"https:\/\/tremunpiercing.com\/?post_type=product&#038;p=21985"},"modified":"2026-04-18T11:37:35","modified_gmt":"2026-04-18T10:37:35","slug":"lena-sw-white","status":"publish","type":"product","link":"https:\/\/tremunpiercing.com\/pl\/product\/lena-sw-white\/","title":{"rendered":"Lena - SW White"},"content":{"rendered":"<p>Lena - SW White wprowadza czysty blask do minimalistycznego designu. Wykonany z tytanu F-136 klasy implantacyjnej, ten gwintowany wewn\u0119trznie sztyft 16G, 3 mm posiada pi\u0119kny bia\u0142y kryszta\u0142 Swarovskiego, kt\u00f3ry mieni si\u0119 w ka\u017cdym kierunku. Hipoalergiczny tytan zapewnia d\u0142ugotrwa\u0142y komfort noszenia i jest idealny do kolczyk\u00f3w labret, helix i tragus.<\/p>\n<p>Stworzony z my\u015bl\u0105 o profesjonalnej instalacji, jest \u0142atwy w monta\u017cu w ciasnych przestrzeniach, jednocze\u015bnie zapobiegaj\u0105c zgubieniu kolczyka. Ponadczasowy blask bia\u0142ego kryszta\u0142u pasuje do ka\u017cdego odcienia sk\u00f3ry i stylu - jest to niezb\u0119dny \u0107wiek w studiach piercingu i wysokiej jako\u015bci rafineriach.<\/p>","protected":false},"excerpt":{"rendered":"<ul>\n<li>Gwint wewn\u0119trzny<\/li>\n<li>Materia\u0142: Tytan F-136 do implant\u00f3w<\/li>\n<li>Rozmiar: 3 mm<\/li>\n<li>Klejnot: Kryszta\u0142 Swarovskiego<\/li>\n<li>Grubo\u015b\u0107: 16G<\/li>\n<\/ul>","protected":false},"featured_media":22379,"comment_status":"closed","ping_status":"closed","template":"","meta":{"_acf_changed":false},"product_brand":[],"product_cat":[442,340,343],"product_tag":[187,188,189,210,211,199,190,183,184],"class_list":{"0":"post-21985","1":"product","2":"type-product","3":"status-publish","4":"has-post-thumbnail","6":"product_cat-sw","7":"product_cat-titanium-jewelry","8":"product_cat-tops-titanium-jewelry","9":"product_tag-conch","10":"product_tag-ear","11":"product_tag-helix","12":"product_tag-labret","13":"product_tag-lip","14":"product_tag-nostril","15":"product_tag-oreja","16":"product_tag-perforacion","17":"product_tag-piercing","19":"first","20":"instock","21":"taxable","22":"shipping-taxable","23":"purchasable","24":"product-type-simple"},"acf":[],"gallery_images":[27511,27512],"_links":{"self":[{"href":"https:\/\/tremunpiercing.com\/pl\/wp-json\/wp\/v2\/product\/21985","targetHints":{"allow":["GET"]}}],"collection":[{"href":"https:\/\/tremunpiercing.com\/pl\/wp-json\/wp\/v2\/product"}],"about":[{"href":"https:\/\/tremunpiercing.com\/pl\/wp-json\/wp\/v2\/types\/product"}],"replies":[{"embeddable":true,"href":"https:\/\/tremunpiercing.com\/pl\/wp-json\/wp\/v2\/comments?post=21985"}],"version-history":[{"count":1,"href":"https:\/\/tremunpiercing.com\/pl\/wp-json\/wp\/v2\/product\/21985\/revisions"}],"predecessor-version":[{"id":27516,"href":"https:\/\/tremunpiercing.com\/pl\/wp-json\/wp\/v2\/product\/21985\/revisions\/27516"}],"wp:featuredmedia":[{"embeddable":true,"href":"https:\/\/tremunpiercing.com\/pl\/wp-json\/wp\/v2\/media\/22379"}],"wp:attachment":[{"href":"https:\/\/tremunpiercing.com\/pl\/wp-json\/wp\/v2\/media?parent=21985"}],"wp:term":[{"taxonomy":"product_brand","embeddable":true,"href":"https:\/\/tremunpiercing.com\/pl\/wp-json\/wp\/v2\/product_brand?post=21985"},{"taxonomy":"product_cat","embeddable":true,"href":"https:\/\/tremunpiercing.com\/pl\/wp-json\/wp\/v2\/product_cat?post=21985"},{"taxonomy":"product_tag","embeddable":true,"href":"https:\/\/tremunpiercing.com\/pl\/wp-json\/wp\/v2\/product_tag?post=21985"}],"curies":[{"name":"wp","href":"https:\/\/api.w.org\/{rel}","templated":true}]}}