{"id":21988,"date":"2025-09-17T19:20:38","date_gmt":"2025-09-17T18:20:38","guid":{"rendered":"https:\/\/tremunpiercing.com\/?post_type=product&#038;p=21988"},"modified":"2026-03-18T17:08:43","modified_gmt":"2026-03-18T16:08:43","slug":"lena-sw-lavender","status":"publish","type":"product","link":"https:\/\/tremunpiercing.com\/pl\/product\/lena-sw-lavender\/","title":{"rendered":"Lena - SW Lavender"},"content":{"rendered":"<p>Lena SW Lavender zapewnia niewymuszony styl i subtelne wyrafinowanie. Ten 3 mm kolczyk sztyft z gwintem wewn\u0119trznym 16G, wykonany z tytanu F-136 klasy implantacyjnej, prezentuje delikatny kryszta\u0142 Swarovski Lavender, kt\u00f3ry emituje delikatne pastelowe odcienie. Osza\u0142amiaj\u0105cy w kolczykach labret, tragus, helix i p\u0142atkach.<\/p>\n<p>Ciesz si\u0119 \u0142atw\u0105 instalacj\u0105, zapewniaj\u0105c jednocze\u015bnie najwy\u017cszy komfort i bezpiecze\u0144stwo sk\u00f3ry. Jest idealny dla precyzyjnych piercer\u00f3w, zapewniaj\u0105c niezawodny i wyrafinowany element dekoracyjny. Uspokajaj\u0105cy blask lawendowego koloru jest idealnym wyborem dla klient\u00f3w poszukuj\u0105cych pi\u0119kna w subtelnym luksusie w codziennej bi\u017cuterii.<\/p>","protected":false},"excerpt":{"rendered":"<ul>\n<li>Gwint wewn\u0119trzny<\/li>\n<li>Materia\u0142: Tytan F-136 do implant\u00f3w<\/li>\n<li>Rozmiar: 3 mm<\/li>\n<li>Klejnot: Kryszta\u0142 Swarovskiego<\/li>\n<li>Grubo\u015b\u0107: 16G<\/li>\n<\/ul>","protected":false},"featured_media":21989,"comment_status":"closed","ping_status":"closed","template":"","meta":{"_acf_changed":false},"product_brand":[],"product_cat":[442,340,343],"product_tag":[187,188,189,210,211,199,190,183,184],"class_list":{"0":"post-21988","1":"product","2":"type-product","3":"status-publish","4":"has-post-thumbnail","6":"product_cat-sw","7":"product_cat-titanium-jewelry","8":"product_cat-tops-titanium-jewelry","9":"product_tag-conch","10":"product_tag-ear","11":"product_tag-helix","12":"product_tag-labret","13":"product_tag-lip","14":"product_tag-nostril","15":"product_tag-oreja","16":"product_tag-perforacion","17":"product_tag-piercing","19":"first","20":"instock","21":"taxable","22":"shipping-taxable","23":"purchasable","24":"product-type-simple"},"acf":[],"gallery_images":[27515,27514],"_links":{"self":[{"href":"https:\/\/tremunpiercing.com\/pl\/wp-json\/wp\/v2\/product\/21988","targetHints":{"allow":["GET"]}}],"collection":[{"href":"https:\/\/tremunpiercing.com\/pl\/wp-json\/wp\/v2\/product"}],"about":[{"href":"https:\/\/tremunpiercing.com\/pl\/wp-json\/wp\/v2\/types\/product"}],"replies":[{"embeddable":true,"href":"https:\/\/tremunpiercing.com\/pl\/wp-json\/wp\/v2\/comments?post=21988"}],"version-history":[{"count":1,"href":"https:\/\/tremunpiercing.com\/pl\/wp-json\/wp\/v2\/product\/21988\/revisions"}],"predecessor-version":[{"id":27517,"href":"https:\/\/tremunpiercing.com\/pl\/wp-json\/wp\/v2\/product\/21988\/revisions\/27517"}],"wp:featuredmedia":[{"embeddable":true,"href":"https:\/\/tremunpiercing.com\/pl\/wp-json\/wp\/v2\/media\/21989"}],"wp:attachment":[{"href":"https:\/\/tremunpiercing.com\/pl\/wp-json\/wp\/v2\/media?parent=21988"}],"wp:term":[{"taxonomy":"product_brand","embeddable":true,"href":"https:\/\/tremunpiercing.com\/pl\/wp-json\/wp\/v2\/product_brand?post=21988"},{"taxonomy":"product_cat","embeddable":true,"href":"https:\/\/tremunpiercing.com\/pl\/wp-json\/wp\/v2\/product_cat?post=21988"},{"taxonomy":"product_tag","embeddable":true,"href":"https:\/\/tremunpiercing.com\/pl\/wp-json\/wp\/v2\/product_tag?post=21988"}],"curies":[{"name":"wp","href":"https:\/\/api.w.org\/{rel}","templated":true}]}}