{"id":21991,"date":"2025-09-17T19:36:05","date_gmt":"2025-09-17T18:36:05","guid":{"rendered":"https:\/\/tremunpiercing.com\/?post_type=product&#038;p=21991"},"modified":"2026-03-22T15:52:25","modified_gmt":"2026-03-22T14:52:25","slug":"lena-sw-purplish-pink","status":"publish","type":"product","link":"https:\/\/tremunpiercing.com\/pl\/product\/lena-sw-purplish-pink\/","title":{"rendered":"Lena - SW Purplish Pink"},"content":{"rendered":"<p>Model Lena SW Purplish Pink stanowi idealne po\u0142\u0105czenie elegancji i nowoczesnego wyrafinowania. Wykonany z tytanu klasy implantologicznej F-136, jest wewn\u0119trznie gwintowanym elementem 16G, 3 mm, z pi\u0119knym fioletowo-r\u00f3\u017cowym kryszta\u0142em Swarovskiego, kt\u00f3ry jest znany z tego, \u017ce mieni si\u0119 wspania\u0142ym ogniem.<\/p>\n<p>Hipoalergiczna tytanowa podstawa zapewnia maksymalny komfort i d\u0142ug\u0105 \u017cywotno\u015b\u0107, dzi\u0119ki czemu idealnie pasuje do przek\u0142uwania tragusa, spirali, warg sromowych i p\u0142askich kolczyk\u00f3w. Wewn\u0119trzne gwintowanie jest bezpieczne i pomaga zminimalizowa\u0107 podra\u017cnienia, gwarantuj\u0105c jednocze\u015bnie idealne dopasowanie, kt\u00f3re pokochaj\u0105 profesjonali\u015bci. Mi\u0119kki, r\u00f3\u017cowawy kolor jest delikatnym, ale inspirowanym pewno\u015bci\u0105 siebie dodatkiem do ka\u017cdej stylizacji i jest ulubie\u0144cem klient\u00f3w w kolekcjach \u201chigh-end studio\u201d.<\/p>","protected":false},"excerpt":{"rendered":"<ul>\n<li>Gwint wewn\u0119trzny<\/li>\n<li>Materia\u0142: Tytan F-136 do implant\u00f3w<\/li>\n<li>Rozmiar: 3 mm<\/li>\n<li>Klejnot: Kryszta\u0142 Swarovskiego<\/li>\n<li>Grubo\u015b\u0107: 16G<\/li>\n<\/ul>","protected":false},"featured_media":22380,"comment_status":"closed","ping_status":"closed","template":"","meta":{"_acf_changed":false},"product_brand":[],"product_cat":[442,340,343],"product_tag":[187,188,189,210,211,199,190,183,184],"class_list":{"0":"post-21991","1":"product","2":"type-product","3":"status-publish","4":"has-post-thumbnail","6":"product_cat-sw","7":"product_cat-titanium-jewelry","8":"product_cat-tops-titanium-jewelry","9":"product_tag-conch","10":"product_tag-ear","11":"product_tag-helix","12":"product_tag-labret","13":"product_tag-lip","14":"product_tag-nostril","15":"product_tag-oreja","16":"product_tag-perforacion","17":"product_tag-piercing","19":"first","20":"instock","21":"taxable","22":"shipping-taxable","23":"purchasable","24":"product-type-simple"},"acf":[],"gallery_images":[27505,27506],"_links":{"self":[{"href":"https:\/\/tremunpiercing.com\/pl\/wp-json\/wp\/v2\/product\/21991","targetHints":{"allow":["GET"]}}],"collection":[{"href":"https:\/\/tremunpiercing.com\/pl\/wp-json\/wp\/v2\/product"}],"about":[{"href":"https:\/\/tremunpiercing.com\/pl\/wp-json\/wp\/v2\/types\/product"}],"replies":[{"embeddable":true,"href":"https:\/\/tremunpiercing.com\/pl\/wp-json\/wp\/v2\/comments?post=21991"}],"version-history":[{"count":1,"href":"https:\/\/tremunpiercing.com\/pl\/wp-json\/wp\/v2\/product\/21991\/revisions"}],"predecessor-version":[{"id":27507,"href":"https:\/\/tremunpiercing.com\/pl\/wp-json\/wp\/v2\/product\/21991\/revisions\/27507"}],"wp:featuredmedia":[{"embeddable":true,"href":"https:\/\/tremunpiercing.com\/pl\/wp-json\/wp\/v2\/media\/22380"}],"wp:attachment":[{"href":"https:\/\/tremunpiercing.com\/pl\/wp-json\/wp\/v2\/media?parent=21991"}],"wp:term":[{"taxonomy":"product_brand","embeddable":true,"href":"https:\/\/tremunpiercing.com\/pl\/wp-json\/wp\/v2\/product_brand?post=21991"},{"taxonomy":"product_cat","embeddable":true,"href":"https:\/\/tremunpiercing.com\/pl\/wp-json\/wp\/v2\/product_cat?post=21991"},{"taxonomy":"product_tag","embeddable":true,"href":"https:\/\/tremunpiercing.com\/pl\/wp-json\/wp\/v2\/product_tag?post=21991"}],"curies":[{"name":"wp","href":"https:\/\/api.w.org\/{rel}","templated":true}]}}