{"id":22001,"date":"2025-09-17T19:44:16","date_gmt":"2025-09-17T18:44:16","guid":{"rendered":"https:\/\/tremunpiercing.com\/?post_type=product&#038;p=22001"},"modified":"2026-03-22T15:52:24","modified_gmt":"2026-03-22T14:52:24","slug":"lena-sw-artic-blue","status":"publish","type":"product","link":"https:\/\/tremunpiercing.com\/pl\/product\/lena-sw-artic-blue\/","title":{"rendered":"Lena - SW Artic Blue"},"content":{"rendered":"<p>Lena Arctic Blue oddaje ch\u0142odny blask lodowych odcieni w wyrafinowanym designie. Wykonany z tytanu F-136 klasy implantacyjnej, ten 3 mm, 16G wewn\u0119trznie gwintowany kolczyk posiada kryszta\u0142 Swarovski Arctic Blue, kt\u00f3ry \u015bwieci z wyra\u017an\u0105 klarowno\u015bci\u0105. Zaprojektowany do przek\u0142uwania tragusa, warg sromowych, spirali lub nozdrzy, zapewnia czysty, nowoczesny wygl\u0105d, zapewniaj\u0105c jednocze\u015bnie pe\u0142ne bezpiecze\u0144stwo sk\u00f3ry.<\/p>\n<p>Jego wewn\u0119trzne gwintowanie gwarantuje bezpieczne i wygodne dopasowanie, co czyni go doskona\u0142ym wyborem dla profesjonalnych piercer\u00f3w i sprzedawc\u00f3w detalicznych poszukuj\u0105cych bi\u017cuterii, kt\u00f3ra \u0142\u0105czy precyzj\u0119 z wyrafinowaniem. Odcie\u0144 Arctic Blue wnosi orze\u017awiaj\u0105cy, \u015bwietlisty urok do ka\u017cdej kolekcji.<\/p>","protected":false},"excerpt":{"rendered":"<ul>\n<li>Gwint wewn\u0119trzny<\/li>\n<li>Materia\u0142: Tytan F-136 do implant\u00f3w<\/li>\n<li>Rozmiar: 3 mm<\/li>\n<li>Klejnot: Kryszta\u0142 Swarovskiego<\/li>\n<li>Grubo\u015b\u0107: 16G<\/li>\n<\/ul>","protected":false},"featured_media":22377,"comment_status":"closed","ping_status":"closed","template":"","meta":{"_acf_changed":false},"product_brand":[],"product_cat":[442,340,343],"product_tag":[187,188,189,210,211,199,190,183,184],"class_list":{"0":"post-22001","1":"product","2":"type-product","3":"status-publish","4":"has-post-thumbnail","6":"product_cat-sw","7":"product_cat-titanium-jewelry","8":"product_cat-tops-titanium-jewelry","9":"product_tag-conch","10":"product_tag-ear","11":"product_tag-helix","12":"product_tag-labret","13":"product_tag-lip","14":"product_tag-nostril","15":"product_tag-oreja","16":"product_tag-perforacion","17":"product_tag-piercing","19":"first","20":"instock","21":"taxable","22":"shipping-taxable","23":"purchasable","24":"product-type-simple"},"acf":[],"gallery_images":[27491,27510],"_links":{"self":[{"href":"https:\/\/tremunpiercing.com\/pl\/wp-json\/wp\/v2\/product\/22001","targetHints":{"allow":["GET"]}}],"collection":[{"href":"https:\/\/tremunpiercing.com\/pl\/wp-json\/wp\/v2\/product"}],"about":[{"href":"https:\/\/tremunpiercing.com\/pl\/wp-json\/wp\/v2\/types\/product"}],"replies":[{"embeddable":true,"href":"https:\/\/tremunpiercing.com\/pl\/wp-json\/wp\/v2\/comments?post=22001"}],"version-history":[{"count":1,"href":"https:\/\/tremunpiercing.com\/pl\/wp-json\/wp\/v2\/product\/22001\/revisions"}],"predecessor-version":[{"id":27492,"href":"https:\/\/tremunpiercing.com\/pl\/wp-json\/wp\/v2\/product\/22001\/revisions\/27492"}],"wp:featuredmedia":[{"embeddable":true,"href":"https:\/\/tremunpiercing.com\/pl\/wp-json\/wp\/v2\/media\/22377"}],"wp:attachment":[{"href":"https:\/\/tremunpiercing.com\/pl\/wp-json\/wp\/v2\/media?parent=22001"}],"wp:term":[{"taxonomy":"product_brand","embeddable":true,"href":"https:\/\/tremunpiercing.com\/pl\/wp-json\/wp\/v2\/product_brand?post=22001"},{"taxonomy":"product_cat","embeddable":true,"href":"https:\/\/tremunpiercing.com\/pl\/wp-json\/wp\/v2\/product_cat?post=22001"},{"taxonomy":"product_tag","embeddable":true,"href":"https:\/\/tremunpiercing.com\/pl\/wp-json\/wp\/v2\/product_tag?post=22001"}],"curies":[{"name":"wp","href":"https:\/\/api.w.org\/{rel}","templated":true}]}}