{"id":22165,"date":"2025-09-22T23:13:19","date_gmt":"2025-09-22T22:13:19","guid":{"rendered":"https:\/\/tremunpiercing.com\/?post_type=product&#038;p=22165"},"modified":"2026-04-19T23:03:56","modified_gmt":"2026-04-19T22:03:56","slug":"emily-tourmalated-quartz-black-cz","status":"publish","type":"product","link":"https:\/\/tremunpiercing.com\/pl\/product\/emily-tourmalated-quartz-black-cz\/","title":{"rendered":"Emily &#8211; Tourmalated Quartz &amp; Black CZ"},"content":{"rendered":"<p>Emily Tourmalated Quartz &amp; Black CZ prezentuje \u015bmia\u0142e wyrafinowanie. Wykonany z tytanu klasy implantologicznej F-136, ten wewn\u0119trznie gwintowany element 16G \u0142\u0105czy w sobie tajemnicz\u0105 natur\u0119 kwarcu turmalinowego i eleganckie cechy czarnego CZ.<\/p>\n<p>Ten osza\u0142amiaj\u0105cy i ostry styl jest idealny do kolczyk\u00f3w typu conch, helix lub lobe, z kontrastuj\u0105cymi teksturami i kolorami. Profesjonalny monta\u017c jest niezb\u0119dny; jego gwintowany system sprawia, \u017ce klienci czuj\u0105 si\u0119 komfortowo i wygl\u0105daj\u0105 pi\u0119knie.<\/p>\n<p>Mocne, odporne na matowienie i korozj\u0119, elementy te \u0142\u0105cz\u0105 trwa\u0142o\u015b\u0107 z ciemnym, nowoczesnym stylem, idealnym dla specjalist\u00f3w od piercingu i sprzedawc\u00f3w detalicznych z klientami poszukuj\u0105cymi eleganckich, alternatywnych styl\u00f3w.<\/p>","protected":false},"excerpt":{"rendered":"<ul>\n<li>Gwint wewn\u0119trzny<\/li>\n<li>Materia\u0142: Tytan F-136 do implant\u00f3w<\/li>\n<li>Grubo\u015b\u0107: 16G<\/li>\n<li>Klejnot: Kwarc turmalinowy + Czarna CZ<\/li>\n<\/ul>","protected":false},"featured_media":22166,"comment_status":"closed","ping_status":"closed","template":"","meta":{"_acf_changed":false},"product_brand":[],"product_cat":[340,343],"product_tag":[187,188,189,205,206,190,183,184,207],"class_list":{"0":"post-22165","1":"product","2":"type-product","3":"status-publish","4":"has-post-thumbnail","6":"product_cat-titanium-jewelry","7":"product_cat-tops-titanium-jewelry","8":"product_tag-conch","9":"product_tag-ear","10":"product_tag-helix","11":"product_tag-lobe","12":"product_tag-lobulo","13":"product_tag-oreja","14":"product_tag-perforacion","15":"product_tag-piercing","16":"product_tag-tragus","18":"first","19":"instock","20":"taxable","21":"shipping-taxable","22":"purchasable","23":"product-type-simple"},"acf":[],"gallery_images":[26873,26874],"_links":{"self":[{"href":"https:\/\/tremunpiercing.com\/pl\/wp-json\/wp\/v2\/product\/22165","targetHints":{"allow":["GET"]}}],"collection":[{"href":"https:\/\/tremunpiercing.com\/pl\/wp-json\/wp\/v2\/product"}],"about":[{"href":"https:\/\/tremunpiercing.com\/pl\/wp-json\/wp\/v2\/types\/product"}],"replies":[{"embeddable":true,"href":"https:\/\/tremunpiercing.com\/pl\/wp-json\/wp\/v2\/comments?post=22165"}],"version-history":[{"count":1,"href":"https:\/\/tremunpiercing.com\/pl\/wp-json\/wp\/v2\/product\/22165\/revisions"}],"predecessor-version":[{"id":26875,"href":"https:\/\/tremunpiercing.com\/pl\/wp-json\/wp\/v2\/product\/22165\/revisions\/26875"}],"wp:featuredmedia":[{"embeddable":true,"href":"https:\/\/tremunpiercing.com\/pl\/wp-json\/wp\/v2\/media\/22166"}],"wp:attachment":[{"href":"https:\/\/tremunpiercing.com\/pl\/wp-json\/wp\/v2\/media?parent=22165"}],"wp:term":[{"taxonomy":"product_brand","embeddable":true,"href":"https:\/\/tremunpiercing.com\/pl\/wp-json\/wp\/v2\/product_brand?post=22165"},{"taxonomy":"product_cat","embeddable":true,"href":"https:\/\/tremunpiercing.com\/pl\/wp-json\/wp\/v2\/product_cat?post=22165"},{"taxonomy":"product_tag","embeddable":true,"href":"https:\/\/tremunpiercing.com\/pl\/wp-json\/wp\/v2\/product_tag?post=22165"}],"curies":[{"name":"wp","href":"https:\/\/api.w.org\/{rel}","templated":true}]}}