{"id":22171,"date":"2025-09-22T23:19:25","date_gmt":"2025-09-22T22:19:25","guid":{"rendered":"https:\/\/tremunpiercing.com\/?post_type=product&#038;p=22171"},"modified":"2026-04-20T16:10:05","modified_gmt":"2026-04-20T15:10:05","slug":"oval-cab-amethyst","status":"publish","type":"product","link":"https:\/\/tremunpiercing.com\/pl\/product\/oval-cab-amethyst\/","title":{"rendered":"Owalna kabina - Ametyst"},"content":{"rendered":"<p>Oval Cab - Amethyst podkre\u015bla pi\u0119kno naturalnego kamienia ametystu, osadzonego w tytanie klasy implantologicznej F-136, co oznacza, \u017ce mo\u017cna go bezpiecznie nosi\u0107 przez d\u0142ugi czas. Owalny kaboszon (5,6 mm x 3,3 mm) jest g\u0142adko wypolerowanym elementem o bogatym fioletowym zabarwieniu. Nic dziwnego, \u017ce zrobi\u0142 on natychmiastowe wra\u017cenie na tych, kt\u00f3rzy ceni\u0105 sobie zar\u00f3wno jako\u015b\u0107, jak i estetyk\u0119. Wewn\u0119trznie gwintowany sztyft 16G jest wykonany tak, aby bezpiecznie pasowa\u0142, jednocze\u015bnie zapobiegaj\u0105c podra\u017cnieniom, a tak\u017ce idealnie nadaje si\u0119 do stosowania z kolczykami helix, lobe i tragus.<\/p>\n<p>Ka\u017cdy z nich pokazuje wyj\u0105tkowo\u015b\u0107 kamieni naturalnych, wi\u0119c ka\u017cdy egzemplarz powinien wykazywa\u0107 niewielk\u0105 r\u00f3\u017cnic\u0119. Ten produkt zosta\u0142 stworzony z my\u015bl\u0105 o profesjonalistach, co oznacza, \u017ce jest idealny dla artyst\u00f3w piercingu i dostawc\u00f3w bi\u017cuterii, kt\u00f3rzy chc\u0105 czego\u015b organicznego i eleganckiego w ka\u017cdym szczeg\u00f3le!<\/p>","protected":false},"excerpt":{"rendered":"<ul>\n<li>Gwint wewn\u0119trzny<\/li>\n<li>Materia\u0142: Tytan F-136 do implant\u00f3w<\/li>\n<li>Grubo\u015b\u0107: 16G<\/li>\n<li>Klejnot: Ametyst - kamie\u0144 naturalny<\/li>\n<li>Rozmiar klejnotu: 5,6 mm x 3,3 mm<\/li>\n<\/ul>","protected":false},"featured_media":22172,"comment_status":"closed","ping_status":"closed","template":"","meta":{"_acf_changed":false},"product_brand":[],"product_cat":[340,343],"product_tag":[187,179,180,188,209,189,210,211,212,190,183,184,207],"class_list":{"0":"post-22171","1":"product","2":"type-product","3":"status-publish","4":"has-post-thumbnail","6":"product_cat-titanium-jewelry","7":"product_cat-tops-titanium-jewelry","8":"product_tag-conch","9":"product_tag-cristal","10":"product_tag-cz","11":"product_tag-ear","12":"product_tag-faux-rook","13":"product_tag-helix","14":"product_tag-labret","15":"product_tag-lip","16":"product_tag-medusa","17":"product_tag-oreja","18":"product_tag-perforacion","19":"product_tag-piercing","20":"product_tag-tragus","22":"first","23":"instock","24":"taxable","25":"shipping-taxable","26":"purchasable","27":"product-type-simple"},"acf":[],"gallery_images":[22173,27444,27443],"_links":{"self":[{"href":"https:\/\/tremunpiercing.com\/pl\/wp-json\/wp\/v2\/product\/22171","targetHints":{"allow":["GET"]}}],"collection":[{"href":"https:\/\/tremunpiercing.com\/pl\/wp-json\/wp\/v2\/product"}],"about":[{"href":"https:\/\/tremunpiercing.com\/pl\/wp-json\/wp\/v2\/types\/product"}],"replies":[{"embeddable":true,"href":"https:\/\/tremunpiercing.com\/pl\/wp-json\/wp\/v2\/comments?post=22171"}],"version-history":[{"count":1,"href":"https:\/\/tremunpiercing.com\/pl\/wp-json\/wp\/v2\/product\/22171\/revisions"}],"predecessor-version":[{"id":27445,"href":"https:\/\/tremunpiercing.com\/pl\/wp-json\/wp\/v2\/product\/22171\/revisions\/27445"}],"wp:featuredmedia":[{"embeddable":true,"href":"https:\/\/tremunpiercing.com\/pl\/wp-json\/wp\/v2\/media\/22172"}],"wp:attachment":[{"href":"https:\/\/tremunpiercing.com\/pl\/wp-json\/wp\/v2\/media?parent=22171"}],"wp:term":[{"taxonomy":"product_brand","embeddable":true,"href":"https:\/\/tremunpiercing.com\/pl\/wp-json\/wp\/v2\/product_brand?post=22171"},{"taxonomy":"product_cat","embeddable":true,"href":"https:\/\/tremunpiercing.com\/pl\/wp-json\/wp\/v2\/product_cat?post=22171"},{"taxonomy":"product_tag","embeddable":true,"href":"https:\/\/tremunpiercing.com\/pl\/wp-json\/wp\/v2\/product_tag?post=22171"}],"curies":[{"name":"wp","href":"https:\/\/api.w.org\/{rel}","templated":true}]}}