{"id":22175,"date":"2025-09-22T23:23:19","date_gmt":"2025-09-22T22:23:19","guid":{"rendered":"https:\/\/tremunpiercing.com\/?post_type=product&#038;p=22175"},"modified":"2026-04-20T16:10:05","modified_gmt":"2026-04-20T15:10:05","slug":"oval-cab-labradorite","status":"publish","type":"product","link":"https:\/\/tremunpiercing.com\/pl\/product\/oval-cab-labradorite\/","title":{"rendered":"Owalna kabina - Labradoryt"},"content":{"rendered":"<p>Labradoryt Oval Cab \u0142\u0105czy w sobie organiczne pi\u0119kno z wysoce dopracowan\u0105 estetyk\u0105. Osadzony w nim naturalny kwarc turmalinowy o wymiarach 5,6 mm x 3,3 mm zapewnia osza\u0142amiaj\u0105c\u0105 g\u0142\u0119bi\u0119 koloru. Jako wewn\u0119trznie gwintowana bi\u017cuteria 16G wykonana z tytanu F-136 klasy implantacyjnej, bi\u017cuteria ta jest bezpieczna w noszeniu i wygodna.<\/p>\n<p>Opalizuj\u0105ca jako\u015b\u0107 owalnego szlifu sprawia, \u017ce jest to \u015bwietna opcja do przek\u0142uwania muszli, p\u0142atk\u00f3w lub p\u0142askich kolczyk\u00f3w dla tych, kt\u00f3rzy ceni\u0105 sobie organiczne pi\u0119kno. Oval Cab to doskona\u0142a opcja dla studi\u00f3w z dedykowan\u0105 kolekcj\u0105 kamieni szlachetnych. Jest to dzie\u0142o sztuki, ale jest r\u00f3wnie\u017c funkcjonalne. Polerowana tytanowa podstawa tworzy ostateczny blask, dzi\u0119ki czemu ka\u017cdy element jest wyj\u0105tkowym, jedynym w swoim rodzaju wyko\u0144czeniem.<\/p>","protected":false},"excerpt":{"rendered":"<ul>\n<li>Gwint wewn\u0119trzny<\/li>\n<li>Materia\u0142: Tytan F-136 do implant\u00f3w<\/li>\n<li>Grubo\u015b\u0107: 16G<\/li>\n<li>Klejnot: Labradoryt<\/li>\n<li>Rozmiar klejnotu: 5,6 mm x 3,3 mm<\/li>\n<\/ul>","protected":false},"featured_media":22176,"comment_status":"closed","ping_status":"closed","template":"","meta":{"_acf_changed":false},"product_brand":[],"product_cat":[340,343],"product_tag":[187,179,180,188,209,189,210,211,212,190,183,184,207],"class_list":{"0":"post-22175","1":"product","2":"type-product","3":"status-publish","4":"has-post-thumbnail","6":"product_cat-titanium-jewelry","7":"product_cat-tops-titanium-jewelry","8":"product_tag-conch","9":"product_tag-cristal","10":"product_tag-cz","11":"product_tag-ear","12":"product_tag-faux-rook","13":"product_tag-helix","14":"product_tag-labret","15":"product_tag-lip","16":"product_tag-medusa","17":"product_tag-oreja","18":"product_tag-perforacion","19":"product_tag-piercing","20":"product_tag-tragus","22":"first","23":"instock","24":"taxable","25":"shipping-taxable","26":"purchasable","27":"product-type-simple"},"acf":[],"gallery_images":[22177,27440,27441],"_links":{"self":[{"href":"https:\/\/tremunpiercing.com\/pl\/wp-json\/wp\/v2\/product\/22175","targetHints":{"allow":["GET"]}}],"collection":[{"href":"https:\/\/tremunpiercing.com\/pl\/wp-json\/wp\/v2\/product"}],"about":[{"href":"https:\/\/tremunpiercing.com\/pl\/wp-json\/wp\/v2\/types\/product"}],"replies":[{"embeddable":true,"href":"https:\/\/tremunpiercing.com\/pl\/wp-json\/wp\/v2\/comments?post=22175"}],"version-history":[{"count":1,"href":"https:\/\/tremunpiercing.com\/pl\/wp-json\/wp\/v2\/product\/22175\/revisions"}],"predecessor-version":[{"id":27442,"href":"https:\/\/tremunpiercing.com\/pl\/wp-json\/wp\/v2\/product\/22175\/revisions\/27442"}],"wp:featuredmedia":[{"embeddable":true,"href":"https:\/\/tremunpiercing.com\/pl\/wp-json\/wp\/v2\/media\/22176"}],"wp:attachment":[{"href":"https:\/\/tremunpiercing.com\/pl\/wp-json\/wp\/v2\/media?parent=22175"}],"wp:term":[{"taxonomy":"product_brand","embeddable":true,"href":"https:\/\/tremunpiercing.com\/pl\/wp-json\/wp\/v2\/product_brand?post=22175"},{"taxonomy":"product_cat","embeddable":true,"href":"https:\/\/tremunpiercing.com\/pl\/wp-json\/wp\/v2\/product_cat?post=22175"},{"taxonomy":"product_tag","embeddable":true,"href":"https:\/\/tremunpiercing.com\/pl\/wp-json\/wp\/v2\/product_tag?post=22175"}],"curies":[{"name":"wp","href":"https:\/\/api.w.org\/{rel}","templated":true}]}}