{"id":22210,"date":"2025-09-23T20:04:26","date_gmt":"2025-09-23T19:04:26","guid":{"rendered":"https:\/\/tremunpiercing.com\/?post_type=product&#038;p=22210"},"modified":"2026-04-16T15:33:53","modified_gmt":"2026-04-16T14:33:53","slug":"alessa","status":"publish","type":"product","link":"https:\/\/tremunpiercing.com\/pl\/product\/alessa\/","title":{"rendered":"Alessa"},"content":{"rendered":"<p>Pe\u0142en gracji i nowoczesny model Alessa zosta\u0142 zaprojektowany dla tych, kt\u00f3rzy ceni\u0105 sobie dyskretny luksus. Wykonany z tytanu klasy implantologicznej F-136, jest bezpieczny, hipoalergiczny i stworzony do codziennego noszenia. Klejnot Cubic Zirconia dodaje wyrafinowanego blasku, pi\u0119knie \u0142api\u0105c \u015bwiat\u0142o w uchu, tragusie lub kolczykach do warg.<\/p>\n<p>Jego wewn\u0119trznie gwintowana konstrukcja 16G umo\u017cliwia bezproblemow\u0105 instalacj\u0119 dla profesjonalist\u00f3w poszukuj\u0105cych precyzji i komfortu. Ponadczasowy design Alessy sprawia, \u017ce jest to wszechstronny produkt dla studi\u00f3w piercingu i sprzedawc\u00f3w detalicznych obs\u0142uguj\u0105cych klient\u00f3w, kt\u00f3rzy kochaj\u0105 minimalistyczn\u0105 elegancj\u0119. Lekki, a jednocze\u015bnie wytrzyma\u0142y, jest niezb\u0119dny w ka\u017cdej kolekcji tytanu.<\/p>","protected":false},"excerpt":{"rendered":"<ul>\n<li>Gwint wewn\u0119trzny<\/li>\n<li>Materia\u0142: Tytan F-136 do implant\u00f3w<\/li>\n<li>Grubo\u015b\u0107: 16G<\/li>\n<li>Klejnot: Cyrkonia sze\u015bcienna<\/li>\n<li>Rozmiar: 10 mm x 6,5 mm<\/li>\n<\/ul>","protected":false},"featured_media":22211,"comment_status":"closed","ping_status":"closed","template":"","meta":{"_acf_changed":false},"product_brand":[],"product_cat":[340,343],"product_tag":[187,179,180,188,209,189,210,211,212,190,183,184,207],"class_list":{"0":"post-22210","1":"product","2":"type-product","3":"status-publish","4":"has-post-thumbnail","6":"product_cat-titanium-jewelry","7":"product_cat-tops-titanium-jewelry","8":"product_tag-conch","9":"product_tag-cristal","10":"product_tag-cz","11":"product_tag-ear","12":"product_tag-faux-rook","13":"product_tag-helix","14":"product_tag-labret","15":"product_tag-lip","16":"product_tag-medusa","17":"product_tag-oreja","18":"product_tag-perforacion","19":"product_tag-piercing","20":"product_tag-tragus","22":"first","23":"instock","24":"taxable","25":"shipping-taxable","26":"purchasable","27":"product-type-simple"},"acf":[],"gallery_images":[27410,27411],"_links":{"self":[{"href":"https:\/\/tremunpiercing.com\/pl\/wp-json\/wp\/v2\/product\/22210","targetHints":{"allow":["GET"]}}],"collection":[{"href":"https:\/\/tremunpiercing.com\/pl\/wp-json\/wp\/v2\/product"}],"about":[{"href":"https:\/\/tremunpiercing.com\/pl\/wp-json\/wp\/v2\/types\/product"}],"replies":[{"embeddable":true,"href":"https:\/\/tremunpiercing.com\/pl\/wp-json\/wp\/v2\/comments?post=22210"}],"version-history":[{"count":1,"href":"https:\/\/tremunpiercing.com\/pl\/wp-json\/wp\/v2\/product\/22210\/revisions"}],"predecessor-version":[{"id":27412,"href":"https:\/\/tremunpiercing.com\/pl\/wp-json\/wp\/v2\/product\/22210\/revisions\/27412"}],"wp:featuredmedia":[{"embeddable":true,"href":"https:\/\/tremunpiercing.com\/pl\/wp-json\/wp\/v2\/media\/22211"}],"wp:attachment":[{"href":"https:\/\/tremunpiercing.com\/pl\/wp-json\/wp\/v2\/media?parent=22210"}],"wp:term":[{"taxonomy":"product_brand","embeddable":true,"href":"https:\/\/tremunpiercing.com\/pl\/wp-json\/wp\/v2\/product_brand?post=22210"},{"taxonomy":"product_cat","embeddable":true,"href":"https:\/\/tremunpiercing.com\/pl\/wp-json\/wp\/v2\/product_cat?post=22210"},{"taxonomy":"product_tag","embeddable":true,"href":"https:\/\/tremunpiercing.com\/pl\/wp-json\/wp\/v2\/product_tag?post=22210"}],"curies":[{"name":"wp","href":"https:\/\/api.w.org\/{rel}","templated":true}]}}