{"id":22213,"date":"2025-09-23T20:06:39","date_gmt":"2025-09-23T19:06:39","guid":{"rendered":"https:\/\/tremunpiercing.com\/?post_type=product&#038;p=22213"},"modified":"2026-04-20T12:16:37","modified_gmt":"2026-04-20T11:16:37","slug":"carmen","status":"publish","type":"product","link":"https:\/\/tremunpiercing.com\/pl\/product\/carmen\/","title":{"rendered":"Carmen"},"content":{"rendered":"<p>Ten Carmen ma promienny urok w wytrzyma\u0142ym tytanowym korpusie. Wykonany z tytanu klasy implantologicznej F-136, zapewnia biokompatybilno\u015b\u0107 i zachowuje sw\u00f3j blask. Wewn\u0119trznie gwintowany system 16G jest \u0142atwy w obs\u0142udze dla profesjonalnych piercer\u00f3w i mo\u017cesz mie\u0107 pewno\u015b\u0107, \u017ce jest ciasno dopasowany. Klejnot z cyrkonii mieni si\u0119 urzekaj\u0105cym blaskiem.<\/p>\n<p>Carmen jest idealny do kolczyk\u00f3w takich jak spirala, tragus, nos lub p\u0142atki. Carmen mo\u017ce by\u0107 noszony w profesjonalnym studiu piercingu lub w ulubionej bi\u017cuterii i z pewno\u015bci\u0105 b\u0119dzie l\u015bni\u0142 pi\u0119knem i si\u0142\u0105. Ten element zosta\u0142 zaprojektowany z my\u015bl\u0105 o pewno\u015bci siebie i precyzji. Oferuje idealne po\u0142\u0105czenie mody i funkcjonalno\u015bci.<\/p>","protected":false},"excerpt":{"rendered":"<ul>\n<li>Gwint wewn\u0119trzny<\/li>\n<li>Materia\u0142: Tytan F-136 do implant\u00f3w<\/li>\n<li>Grubo\u015b\u0107: 16G<\/li>\n<li>Klejnot: Cyrkonia sze\u015bcienna<\/li>\n<li>Rozmiar: 11,3 mm<\/li>\n<\/ul>","protected":false},"featured_media":22214,"comment_status":"closed","ping_status":"closed","template":"","meta":{"_acf_changed":false},"product_brand":[],"product_cat":[340,343],"product_tag":[187,179,180,188,209,189,210,211,212,190,183,184,207],"class_list":{"0":"post-22213","1":"product","2":"type-product","3":"status-publish","4":"has-post-thumbnail","6":"product_cat-titanium-jewelry","7":"product_cat-tops-titanium-jewelry","8":"product_tag-conch","9":"product_tag-cristal","10":"product_tag-cz","11":"product_tag-ear","12":"product_tag-faux-rook","13":"product_tag-helix","14":"product_tag-labret","15":"product_tag-lip","16":"product_tag-medusa","17":"product_tag-oreja","18":"product_tag-perforacion","19":"product_tag-piercing","20":"product_tag-tragus","22":"first","23":"instock","24":"taxable","25":"shipping-taxable","26":"purchasable","27":"product-type-simple"},"acf":[],"gallery_images":[27407,27408],"_links":{"self":[{"href":"https:\/\/tremunpiercing.com\/pl\/wp-json\/wp\/v2\/product\/22213","targetHints":{"allow":["GET"]}}],"collection":[{"href":"https:\/\/tremunpiercing.com\/pl\/wp-json\/wp\/v2\/product"}],"about":[{"href":"https:\/\/tremunpiercing.com\/pl\/wp-json\/wp\/v2\/types\/product"}],"replies":[{"embeddable":true,"href":"https:\/\/tremunpiercing.com\/pl\/wp-json\/wp\/v2\/comments?post=22213"}],"version-history":[{"count":1,"href":"https:\/\/tremunpiercing.com\/pl\/wp-json\/wp\/v2\/product\/22213\/revisions"}],"predecessor-version":[{"id":27409,"href":"https:\/\/tremunpiercing.com\/pl\/wp-json\/wp\/v2\/product\/22213\/revisions\/27409"}],"wp:featuredmedia":[{"embeddable":true,"href":"https:\/\/tremunpiercing.com\/pl\/wp-json\/wp\/v2\/media\/22214"}],"wp:attachment":[{"href":"https:\/\/tremunpiercing.com\/pl\/wp-json\/wp\/v2\/media?parent=22213"}],"wp:term":[{"taxonomy":"product_brand","embeddable":true,"href":"https:\/\/tremunpiercing.com\/pl\/wp-json\/wp\/v2\/product_brand?post=22213"},{"taxonomy":"product_cat","embeddable":true,"href":"https:\/\/tremunpiercing.com\/pl\/wp-json\/wp\/v2\/product_cat?post=22213"},{"taxonomy":"product_tag","embeddable":true,"href":"https:\/\/tremunpiercing.com\/pl\/wp-json\/wp\/v2\/product_tag?post=22213"}],"curies":[{"name":"wp","href":"https:\/\/api.w.org\/{rel}","templated":true}]}}