{"id":22232,"date":"2025-09-23T20:25:52","date_gmt":"2025-09-23T19:25:52","guid":{"rendered":"https:\/\/tremunpiercing.com\/?post_type=product&#038;p=22232"},"modified":"2026-03-28T22:02:23","modified_gmt":"2026-03-28T21:02:23","slug":"cecilia-topaz-blue-cz","status":"publish","type":"product","link":"https:\/\/tremunpiercing.com\/pl\/product\/cecilia-topaz-blue-cz\/","title":{"rendered":"Cecilia - Topaz Blue CZ"},"content":{"rendered":"<h2>Brelok Cecilia Topaz Blue CZ<\/h2>\n<p>Labret Cecilia Topaz Blue CZ oferuje ch\u0142odny, wyrafinowany wygl\u0105d. Projekt zawiera pi\u0119kn\u0105, lodowato niebiesk\u0105 cyrkoni\u0119 sze\u015bcienn\u0105, kt\u00f3ra oddaje ca\u0142e pi\u0119kno genialnego topazu w jednym wspania\u0142ym kamieniu osadzonym w stylu Cecilia, zapewniaj\u0105c czysty, nowoczesny wygl\u0105d, kt\u00f3ry podkre\u015bla osza\u0142amiaj\u0105cy kolor niebieskiego kamienia.<\/p>\n<p>Wykonany z tytanu klasy implantacyjnej (F-136) z wewn\u0119trznie gwintowanym s\u0142upkiem 16G, Twoi klienci mog\u0105 liczy\u0107 na wygodne i bezpieczne dopasowanie. Spokojny niebieski kolor jest wszechstronny, szczeg\u00f3lnie dla ka\u017cdego, kto chce czystego, \u015bwie\u017cego koloru w swoim przek\u0142uciu konchy, spirali lub nozdrza. B\u0119dziesz w stanie podnie\u015b\u0107 opcje kolorystyczne swojego studia i przedstawi\u0107 wszystkim swoim klientom ten niezmiennie popularny i wspania\u0142y kolor niebieski.<\/p>","protected":false},"excerpt":{"rendered":"<ul>\n<li>Gwint wewn\u0119trzny<\/li>\n<li>Materia\u0142: Tytan F-136 do implant\u00f3w<\/li>\n<li>Grubo\u015b\u0107: 16G<\/li>\n<li>Klejnot: Cyrkonia sze\u015bcienna<\/li>\n<li>Rozmiar: 4 mm x 6,7 mm<\/li>\n<\/ul>","protected":false},"featured_media":22233,"comment_status":"closed","ping_status":"closed","template":"","meta":{"_acf_changed":false},"product_brand":[],"product_cat":[340,343],"product_tag":[187,179,180,188,209,189,210,211,212,190,183,184,207],"class_list":{"0":"post-22232","1":"product","2":"type-product","3":"status-publish","4":"has-post-thumbnail","6":"product_cat-titanium-jewelry","7":"product_cat-tops-titanium-jewelry","8":"product_tag-conch","9":"product_tag-cristal","10":"product_tag-cz","11":"product_tag-ear","12":"product_tag-faux-rook","13":"product_tag-helix","14":"product_tag-labret","15":"product_tag-lip","16":"product_tag-medusa","17":"product_tag-oreja","18":"product_tag-perforacion","19":"product_tag-piercing","20":"product_tag-tragus","22":"first","23":"instock","24":"taxable","25":"shipping-taxable","26":"purchasable","27":"product-type-simple"},"acf":[],"gallery_images":[27366,27367],"_links":{"self":[{"href":"https:\/\/tremunpiercing.com\/pl\/wp-json\/wp\/v2\/product\/22232","targetHints":{"allow":["GET"]}}],"collection":[{"href":"https:\/\/tremunpiercing.com\/pl\/wp-json\/wp\/v2\/product"}],"about":[{"href":"https:\/\/tremunpiercing.com\/pl\/wp-json\/wp\/v2\/types\/product"}],"replies":[{"embeddable":true,"href":"https:\/\/tremunpiercing.com\/pl\/wp-json\/wp\/v2\/comments?post=22232"}],"version-history":[{"count":1,"href":"https:\/\/tremunpiercing.com\/pl\/wp-json\/wp\/v2\/product\/22232\/revisions"}],"predecessor-version":[{"id":27368,"href":"https:\/\/tremunpiercing.com\/pl\/wp-json\/wp\/v2\/product\/22232\/revisions\/27368"}],"wp:featuredmedia":[{"embeddable":true,"href":"https:\/\/tremunpiercing.com\/pl\/wp-json\/wp\/v2\/media\/22233"}],"wp:attachment":[{"href":"https:\/\/tremunpiercing.com\/pl\/wp-json\/wp\/v2\/media?parent=22232"}],"wp:term":[{"taxonomy":"product_brand","embeddable":true,"href":"https:\/\/tremunpiercing.com\/pl\/wp-json\/wp\/v2\/product_brand?post=22232"},{"taxonomy":"product_cat","embeddable":true,"href":"https:\/\/tremunpiercing.com\/pl\/wp-json\/wp\/v2\/product_cat?post=22232"},{"taxonomy":"product_tag","embeddable":true,"href":"https:\/\/tremunpiercing.com\/pl\/wp-json\/wp\/v2\/product_tag?post=22232"}],"curies":[{"name":"wp","href":"https:\/\/api.w.org\/{rel}","templated":true}]}}