{"id":22235,"date":"2025-09-23T20:32:10","date_gmt":"2025-09-23T19:32:10","guid":{"rendered":"https:\/\/tremunpiercing.com\/?post_type=product&#038;p=22235"},"modified":"2026-04-01T14:53:00","modified_gmt":"2026-04-01T13:53:00","slug":"cecilia-emerald","status":"publish","type":"product","link":"https:\/\/tremunpiercing.com\/pl\/product\/cecilia-emerald\/","title":{"rendered":"Cecilia - Szmaragd"},"content":{"rendered":"<p>Odwa\u017cna i \u017cywa ozdoba z labretem Cecilia Emerald. Ten labret ma bogat\u0105, g\u0142\u0119bok\u0105, zielon\u0105, b\u0142yszcz\u0105c\u0105 cyrkoni\u0119 sze\u015bcienn\u0105, przyci\u0119t\u0105 tak, aby zapewni\u0107 maksymalny blask. Kamie\u0144 jest osadzony w eleganckiej i charakterystycznej oprawie Cecilia, kt\u00f3ra wykorzystuje minimalistyczne z\u0119by pazurowe, pozwalaj\u0105c na maksymalny przep\u0142yw \u015bwiat\u0142a przez kamie\u0144, aby uzyska\u0107 maksymalny ogie\u0144.<\/p>\n<p>Ca\u0142o\u015b\u0107 wykonana jest z tytanu klasy implantologicznej (F-136), co zapewnia bezpieczne i hipoalergiczne noszenie nawet najbardziej wra\u017cliwym klientom. Wewn\u0119trznie gwintowany sztyft 16G jest bezpieczny i \u0142atwy w monta\u017cu. Klasyczny, ale odwa\u017cny zielony klejnot przyci\u0105ga t\u0142umy i jest idealny do dodania odrobiny klasycznego koloru do ka\u017cdego piercingu. Jest to obowi\u0105zkowy element o wysokiej rotacji dla studi\u00f3w z klientami, kt\u00f3rzy lubi\u0105 ponadczasowy kolorowy blask.<\/p>","protected":false},"excerpt":{"rendered":"<ul>\n<li>Gwint wewn\u0119trzny<\/li>\n<li>Materia\u0142: Tytan F-136 do implant\u00f3w<\/li>\n<li>Grubo\u015b\u0107: 16G<\/li>\n<li>Klejnot: Cyrkonia sze\u015bcienna<\/li>\n<li>Rozmiar: 4 mm x 6,7 mm<\/li>\n<\/ul>","protected":false},"featured_media":22236,"comment_status":"closed","ping_status":"closed","template":"","meta":{"_acf_changed":false},"product_brand":[],"product_cat":[340,343],"product_tag":[187,179,180,188,209,189,210,211,212,190,183,184,207],"class_list":{"0":"post-22235","1":"product","2":"type-product","3":"status-publish","4":"has-post-thumbnail","6":"product_cat-titanium-jewelry","7":"product_cat-tops-titanium-jewelry","8":"product_tag-conch","9":"product_tag-cristal","10":"product_tag-cz","11":"product_tag-ear","12":"product_tag-faux-rook","13":"product_tag-helix","14":"product_tag-labret","15":"product_tag-lip","16":"product_tag-medusa","17":"product_tag-oreja","18":"product_tag-perforacion","19":"product_tag-piercing","20":"product_tag-tragus","22":"first","23":"instock","24":"taxable","25":"shipping-taxable","26":"purchasable","27":"product-type-simple"},"acf":[],"gallery_images":[27359,27360],"_links":{"self":[{"href":"https:\/\/tremunpiercing.com\/pl\/wp-json\/wp\/v2\/product\/22235","targetHints":{"allow":["GET"]}}],"collection":[{"href":"https:\/\/tremunpiercing.com\/pl\/wp-json\/wp\/v2\/product"}],"about":[{"href":"https:\/\/tremunpiercing.com\/pl\/wp-json\/wp\/v2\/types\/product"}],"replies":[{"embeddable":true,"href":"https:\/\/tremunpiercing.com\/pl\/wp-json\/wp\/v2\/comments?post=22235"}],"version-history":[{"count":1,"href":"https:\/\/tremunpiercing.com\/pl\/wp-json\/wp\/v2\/product\/22235\/revisions"}],"predecessor-version":[{"id":27362,"href":"https:\/\/tremunpiercing.com\/pl\/wp-json\/wp\/v2\/product\/22235\/revisions\/27362"}],"wp:featuredmedia":[{"embeddable":true,"href":"https:\/\/tremunpiercing.com\/pl\/wp-json\/wp\/v2\/media\/22236"}],"wp:attachment":[{"href":"https:\/\/tremunpiercing.com\/pl\/wp-json\/wp\/v2\/media?parent=22235"}],"wp:term":[{"taxonomy":"product_brand","embeddable":true,"href":"https:\/\/tremunpiercing.com\/pl\/wp-json\/wp\/v2\/product_brand?post=22235"},{"taxonomy":"product_cat","embeddable":true,"href":"https:\/\/tremunpiercing.com\/pl\/wp-json\/wp\/v2\/product_cat?post=22235"},{"taxonomy":"product_tag","embeddable":true,"href":"https:\/\/tremunpiercing.com\/pl\/wp-json\/wp\/v2\/product_tag?post=22235"}],"curies":[{"name":"wp","href":"https:\/\/api.w.org\/{rel}","templated":true}]}}