{"id":22241,"date":"2025-09-23T20:38:48","date_gmt":"2025-09-23T19:38:48","guid":{"rendered":"https:\/\/tremunpiercing.com\/?post_type=product&#038;p=22241"},"modified":"2026-04-20T16:10:04","modified_gmt":"2026-04-20T15:10:04","slug":"cecilia-strawberry-quartz","status":"publish","type":"product","link":"https:\/\/tremunpiercing.com\/pl\/product\/cecilia-strawberry-quartz\/","title":{"rendered":"Cecilia - Strawberry Quartz"},"content":{"rendered":"<p>Dodaj odrobin\u0119 delikatnego, r\u00f3\u017cowego stylu do swojej kolekcji bi\u017cuterii z labretem Cecilia Strawberry Quartz. Ten labret zawiera pi\u0119knie wypolerowany kaboszon kwarcu truskawkowego, znanego z delikatnego r\u00f3\u017cowego koloru i ma\u0142ych, naturalnych inkluzji. Charakterystyczna Cecilia z minimalistycznymi z\u0119bami pazurowymi zabezpiecza kamie\u0144, ale przepuszcza jak najwi\u0119cej \u015bwiat\u0142a, aby wyeksponowa\u0107 delikatny kolor.<\/p>\n<p>Wykonany z tytanu klasy implantologicznej (F-136) z wewn\u0119trznie gwintowanym s\u0142upkiem 16G, ten labret jest hipoalergiczny i bezpieczny. Ten labret to doskona\u0142a opcja dla klientek, kt\u00f3re chc\u0105 doda\u0107 odrobin\u0119 kobiecego koloru. S\u0142odki i wyrafinowany design to \u015bwietny spos\u00f3b na wprowadzenie kolorowych kamieni szlachetnych do swojego studia.<\/p>","protected":false},"excerpt":{"rendered":"<ul>\n<li>Gwint wewn\u0119trzny<\/li>\n<li>Materia\u0142: Tytan F-136 do implant\u00f3w<\/li>\n<li>Grubo\u015b\u0107: 16G<\/li>\n<li>Klejnot: Kwarc Truskawkowy<\/li>\n<li>Rozmiar: 4 mm x 6,7 mm<\/li>\n<\/ul>","protected":false},"featured_media":22242,"comment_status":"closed","ping_status":"closed","template":"","meta":{"_acf_changed":false},"product_brand":[],"product_cat":[340,343],"product_tag":[187,179,180,188,209,189,210,211,212,190,183,184,207],"class_list":{"0":"post-22241","1":"product","2":"type-product","3":"status-publish","4":"has-post-thumbnail","6":"product_cat-titanium-jewelry","7":"product_cat-tops-titanium-jewelry","8":"product_tag-conch","9":"product_tag-cristal","10":"product_tag-cz","11":"product_tag-ear","12":"product_tag-faux-rook","13":"product_tag-helix","14":"product_tag-labret","15":"product_tag-lip","16":"product_tag-medusa","17":"product_tag-oreja","18":"product_tag-perforacion","19":"product_tag-piercing","20":"product_tag-tragus","22":"first","23":"instock","24":"taxable","25":"shipping-taxable","26":"purchasable","27":"product-type-simple"},"acf":[],"gallery_images":[27353,27354],"_links":{"self":[{"href":"https:\/\/tremunpiercing.com\/pl\/wp-json\/wp\/v2\/product\/22241","targetHints":{"allow":["GET"]}}],"collection":[{"href":"https:\/\/tremunpiercing.com\/pl\/wp-json\/wp\/v2\/product"}],"about":[{"href":"https:\/\/tremunpiercing.com\/pl\/wp-json\/wp\/v2\/types\/product"}],"replies":[{"embeddable":true,"href":"https:\/\/tremunpiercing.com\/pl\/wp-json\/wp\/v2\/comments?post=22241"}],"version-history":[{"count":1,"href":"https:\/\/tremunpiercing.com\/pl\/wp-json\/wp\/v2\/product\/22241\/revisions"}],"predecessor-version":[{"id":27356,"href":"https:\/\/tremunpiercing.com\/pl\/wp-json\/wp\/v2\/product\/22241\/revisions\/27356"}],"wp:featuredmedia":[{"embeddable":true,"href":"https:\/\/tremunpiercing.com\/pl\/wp-json\/wp\/v2\/media\/22242"}],"wp:attachment":[{"href":"https:\/\/tremunpiercing.com\/pl\/wp-json\/wp\/v2\/media?parent=22241"}],"wp:term":[{"taxonomy":"product_brand","embeddable":true,"href":"https:\/\/tremunpiercing.com\/pl\/wp-json\/wp\/v2\/product_brand?post=22241"},{"taxonomy":"product_cat","embeddable":true,"href":"https:\/\/tremunpiercing.com\/pl\/wp-json\/wp\/v2\/product_cat?post=22241"},{"taxonomy":"product_tag","embeddable":true,"href":"https:\/\/tremunpiercing.com\/pl\/wp-json\/wp\/v2\/product_tag?post=22241"}],"curies":[{"name":"wp","href":"https:\/\/api.w.org\/{rel}","templated":true}]}}