{"id":22255,"date":"2025-09-23T21:00:52","date_gmt":"2025-09-23T20:00:52","guid":{"rendered":"https:\/\/tremunpiercing.com\/?post_type=product&#038;p=22255"},"modified":"2026-04-15T15:30:56","modified_gmt":"2026-04-15T14:30:56","slug":"prong-sw-ab","status":"publish","type":"product","link":"https:\/\/tremunpiercing.com\/pl\/product\/prong-sw-ab\/","title":{"rendered":"Prong SW - AB"},"content":{"rendered":"<p>Przyci\u0105gnij \u015bwiat\u0142o i uwag\u0119 swoich klient\u00f3w dzi\u0119ki naszemu labretowi Prong SW AB. Wykonany z tytanu klasy implantologicznej (F-136), jest to obowi\u0105zkowy element wyposa\u017cenia studia. Czteroz\u0119bna oprawa bezpiecznie utrzymuje osza\u0142amiaj\u0105ce cyrkonie sze\u015bcienne Aurora Borealis, kt\u00f3re \u0142api\u0105 \u015bwiat\u0142o, tworz\u0105c opalizuj\u0105cy t\u0119czowy ogie\u0144 podczas ruchu. Wewn\u0119trzne gwintowanie pozwala na g\u0142adkie, wolne od podra\u017cnie\u0144 dopasowanie do aktywnie goj\u0105cych si\u0119 kolczyk\u00f3w lub do noszenia na zagojonych.<\/p>\n<p>Dost\u0119pne w rozmiarach od 3 mm do 6 mm i na sztyfcie 16G. Idealny element do konwersacji na temat nozdrzy, ust i nie tylko, zaopatrz si\u0119 w t\u0119 najlepiej sprzedaj\u0105c\u0105 si\u0119, atrakcyjn\u0105 wizualnie bi\u017cuteri\u0119, aby Twoi klienci mogli cieszy\u0107 si\u0119 naprawd\u0119 osza\u0142amiaj\u0105c\u0105 opcj\u0105, kt\u00f3ra jest bezpieczna, hipoalergiczna i pasuje do konkurencyjnej rentowno\u015bci Twojego studia.<\/p>","protected":false},"excerpt":{"rendered":"<ul>\n<li>Gwint wewn\u0119trzny<\/li>\n<li>Materia\u0142: Tytan F-136 do implant\u00f3w<\/li>\n<li>Grubo\u015b\u0107: 16G<\/li>\n<li>Rozmiar: 3 mm - 4 mm - 5 mm - 6 mm<\/li>\n<li>Klejnot: Cyrkonia sze\u015bcienna Aurora Borealis<\/li>\n<\/ul>","protected":false},"featured_media":22257,"comment_status":"closed","ping_status":"closed","template":"","meta":{"_acf_changed":false},"product_brand":[],"product_cat":[442,340,343],"product_tag":[187,179,180,188,209,189,210,211,212,190,183,184,207],"class_list":{"0":"post-22255","1":"product","2":"type-product","3":"status-publish","4":"has-post-thumbnail","6":"product_cat-sw","7":"product_cat-titanium-jewelry","8":"product_cat-tops-titanium-jewelry","9":"product_tag-conch","10":"product_tag-cristal","11":"product_tag-cz","12":"product_tag-ear","13":"product_tag-faux-rook","14":"product_tag-helix","15":"product_tag-labret","16":"product_tag-lip","17":"product_tag-medusa","18":"product_tag-oreja","19":"product_tag-perforacion","20":"product_tag-piercing","21":"product_tag-tragus","23":"first","24":"instock","25":"taxable","26":"shipping-taxable","27":"purchasable","28":"product-type-variable"},"acf":[],"gallery_images":[27402,27401],"_links":{"self":[{"href":"https:\/\/tremunpiercing.com\/pl\/wp-json\/wp\/v2\/product\/22255","targetHints":{"allow":["GET"]}}],"collection":[{"href":"https:\/\/tremunpiercing.com\/pl\/wp-json\/wp\/v2\/product"}],"about":[{"href":"https:\/\/tremunpiercing.com\/pl\/wp-json\/wp\/v2\/types\/product"}],"replies":[{"embeddable":true,"href":"https:\/\/tremunpiercing.com\/pl\/wp-json\/wp\/v2\/comments?post=22255"}],"version-history":[{"count":1,"href":"https:\/\/tremunpiercing.com\/pl\/wp-json\/wp\/v2\/product\/22255\/revisions"}],"predecessor-version":[{"id":27405,"href":"https:\/\/tremunpiercing.com\/pl\/wp-json\/wp\/v2\/product\/22255\/revisions\/27405"}],"wp:featuredmedia":[{"embeddable":true,"href":"https:\/\/tremunpiercing.com\/pl\/wp-json\/wp\/v2\/media\/22257"}],"wp:attachment":[{"href":"https:\/\/tremunpiercing.com\/pl\/wp-json\/wp\/v2\/media?parent=22255"}],"wp:term":[{"taxonomy":"product_brand","embeddable":true,"href":"https:\/\/tremunpiercing.com\/pl\/wp-json\/wp\/v2\/product_brand?post=22255"},{"taxonomy":"product_cat","embeddable":true,"href":"https:\/\/tremunpiercing.com\/pl\/wp-json\/wp\/v2\/product_cat?post=22255"},{"taxonomy":"product_tag","embeddable":true,"href":"https:\/\/tremunpiercing.com\/pl\/wp-json\/wp\/v2\/product_tag?post=22255"}],"curies":[{"name":"wp","href":"https:\/\/api.w.org\/{rel}","templated":true}]}}