{"id":22548,"date":"2025-10-03T21:27:01","date_gmt":"2025-10-03T20:27:01","guid":{"rendered":"https:\/\/tremunpiercing.com\/?post_type=product&#038;p=22548"},"modified":"2026-04-10T22:54:06","modified_gmt":"2026-04-10T21:54:06","slug":"crimson-heart","status":"publish","type":"product","link":"https:\/\/tremunpiercing.com\/pl\/product\/crimson-heart\/","title":{"rendered":"Crimson Heart"},"content":{"rendered":"<p>Crimson Heart to romantyczny, a jednocze\u015bnie wyrazisty tytanowy top, kt\u00f3ry wyra\u017ca indywidualno\u015b\u0107. Wykonane z tytanu klasy implantologicznej (F-136), serce ma gwint wewn\u0119trzny 16G, co zwi\u0119ksza komfort i bezpiecze\u0144stwo podczas codziennego noszenia. Wz\u00f3r serca to odwa\u017cna, pe\u0142na pasji ozdoba do ucha lub p\u0142askiego piercingu, kt\u00f3ra z pewno\u015bci\u0105 przypadnie do gustu Twoim klientom, kt\u00f3rzy uwielbiaj\u0105 wyrazist\u0105 bi\u017cuteri\u0119. Ten przedmiot jest \u015bwietny dla studi\u00f3w piercingu i \/ lub dostawc\u00f3w, kt\u00f3rzy chc\u0105 mody z d\u0142ugotrwa\u0142ym pi\u0119knem.<\/p>","protected":false},"excerpt":{"rendered":"<ul>\n<li>Gwint wewn\u0119trzny<\/li>\n<li>Materia\u0142: Tytan F-136 do implant\u00f3w<\/li>\n<li>Grubo\u015b\u0107: 16G<\/li>\n<li>Rozmiar: 6 mm x 7 mm<\/li>\n<\/ul>","protected":false},"featured_media":22584,"comment_status":"closed","ping_status":"closed","template":"","meta":{"_acf_changed":false},"product_brand":[],"product_cat":[340,343],"product_tag":[187,188,209,189,205,206,190,183,184,207],"class_list":{"0":"post-22548","1":"product","2":"type-product","3":"status-publish","4":"has-post-thumbnail","6":"product_cat-titanium-jewelry","7":"product_cat-tops-titanium-jewelry","8":"product_tag-conch","9":"product_tag-ear","10":"product_tag-faux-rook","11":"product_tag-helix","12":"product_tag-lobe","13":"product_tag-lobulo","14":"product_tag-oreja","15":"product_tag-perforacion","16":"product_tag-piercing","17":"product_tag-tragus","19":"first","20":"instock","21":"taxable","22":"shipping-taxable","23":"purchasable","24":"product-type-simple"},"acf":[],"gallery_images":[27325,27324],"_links":{"self":[{"href":"https:\/\/tremunpiercing.com\/pl\/wp-json\/wp\/v2\/product\/22548","targetHints":{"allow":["GET"]}}],"collection":[{"href":"https:\/\/tremunpiercing.com\/pl\/wp-json\/wp\/v2\/product"}],"about":[{"href":"https:\/\/tremunpiercing.com\/pl\/wp-json\/wp\/v2\/types\/product"}],"replies":[{"embeddable":true,"href":"https:\/\/tremunpiercing.com\/pl\/wp-json\/wp\/v2\/comments?post=22548"}],"version-history":[{"count":1,"href":"https:\/\/tremunpiercing.com\/pl\/wp-json\/wp\/v2\/product\/22548\/revisions"}],"predecessor-version":[{"id":27326,"href":"https:\/\/tremunpiercing.com\/pl\/wp-json\/wp\/v2\/product\/22548\/revisions\/27326"}],"wp:featuredmedia":[{"embeddable":true,"href":"https:\/\/tremunpiercing.com\/pl\/wp-json\/wp\/v2\/media\/22584"}],"wp:attachment":[{"href":"https:\/\/tremunpiercing.com\/pl\/wp-json\/wp\/v2\/media?parent=22548"}],"wp:term":[{"taxonomy":"product_brand","embeddable":true,"href":"https:\/\/tremunpiercing.com\/pl\/wp-json\/wp\/v2\/product_brand?post=22548"},{"taxonomy":"product_cat","embeddable":true,"href":"https:\/\/tremunpiercing.com\/pl\/wp-json\/wp\/v2\/product_cat?post=22548"},{"taxonomy":"product_tag","embeddable":true,"href":"https:\/\/tremunpiercing.com\/pl\/wp-json\/wp\/v2\/product_tag?post=22548"}],"curies":[{"name":"wp","href":"https:\/\/api.w.org\/{rel}","templated":true}]}}