{"id":22550,"date":"2025-10-03T21:29:16","date_gmt":"2025-10-03T20:29:16","guid":{"rendered":"https:\/\/tremunpiercing.com\/?post_type=product&#038;p=22550"},"modified":"2026-03-31T14:29:22","modified_gmt":"2026-03-31T13:29:22","slug":"gamma-black-onyx","status":"publish","type":"product","link":"https:\/\/tremunpiercing.com\/pl\/product\/gamma-black-onyx\/","title":{"rendered":"Gamma - Czarny Onyks"},"content":{"rendered":"<p>Nak\u0142adka Gamma-Black Onyx to odwa\u017cny i ponadczasowy element o czystym, profesjonalnym wygl\u0105dzie. Wykonany z tytanu klasy implantologicznej F-136 i wyposa\u017cony w gwint wewn\u0119trzny 16G, ten top jest bezpieczny, odporny na korozj\u0119 i przeznaczony do codziennego noszenia. Kamie\u0144 onyksowy w kolorze g\u0142\u0119bokiej czerni emanuje si\u0142\u0105 i pewno\u015bci\u0105 siebie i jest idealnym wyborem do kolczyk\u00f3w w uszach, konchach lub p\u0142askich. Idealny dla artyst\u00f3w piercingu, kt\u00f3rzy chc\u0105 minimalistycznego topu z kamieniami szlachetnymi, kt\u00f3ry pasuje do wszystkich styl\u00f3w i aran\u017cacji bi\u017cuterii.<\/p>","protected":false},"excerpt":{"rendered":"<ul>\n<li>Gwint wewn\u0119trzny<\/li>\n<li>Materia\u0142: Tytan F-136 do implant\u00f3w<\/li>\n<li>Grubo\u015b\u0107: 16G<\/li>\n<li>Klejnot: Czarny Onyks<\/li>\n<li>Rozmiar: 6 mm<\/li>\n<\/ul>","protected":false},"featured_media":22585,"comment_status":"closed","ping_status":"closed","template":"","meta":{"_acf_changed":false},"product_brand":[],"product_cat":[340,343],"product_tag":[187,188,209,189,205,206,190,183,184,207],"class_list":{"0":"post-22550","1":"product","2":"type-product","3":"status-publish","4":"has-post-thumbnail","6":"product_cat-titanium-jewelry","7":"product_cat-tops-titanium-jewelry","8":"product_tag-conch","9":"product_tag-ear","10":"product_tag-faux-rook","11":"product_tag-helix","12":"product_tag-lobe","13":"product_tag-lobulo","14":"product_tag-oreja","15":"product_tag-perforacion","16":"product_tag-piercing","17":"product_tag-tragus","19":"first","20":"instock","21":"taxable","22":"shipping-taxable","23":"purchasable","24":"product-type-simple"},"acf":[],"gallery_images":[27341,27342],"_links":{"self":[{"href":"https:\/\/tremunpiercing.com\/pl\/wp-json\/wp\/v2\/product\/22550","targetHints":{"allow":["GET"]}}],"collection":[{"href":"https:\/\/tremunpiercing.com\/pl\/wp-json\/wp\/v2\/product"}],"about":[{"href":"https:\/\/tremunpiercing.com\/pl\/wp-json\/wp\/v2\/types\/product"}],"replies":[{"embeddable":true,"href":"https:\/\/tremunpiercing.com\/pl\/wp-json\/wp\/v2\/comments?post=22550"}],"version-history":[{"count":1,"href":"https:\/\/tremunpiercing.com\/pl\/wp-json\/wp\/v2\/product\/22550\/revisions"}],"predecessor-version":[{"id":27343,"href":"https:\/\/tremunpiercing.com\/pl\/wp-json\/wp\/v2\/product\/22550\/revisions\/27343"}],"wp:featuredmedia":[{"embeddable":true,"href":"https:\/\/tremunpiercing.com\/pl\/wp-json\/wp\/v2\/media\/22585"}],"wp:attachment":[{"href":"https:\/\/tremunpiercing.com\/pl\/wp-json\/wp\/v2\/media?parent=22550"}],"wp:term":[{"taxonomy":"product_brand","embeddable":true,"href":"https:\/\/tremunpiercing.com\/pl\/wp-json\/wp\/v2\/product_brand?post=22550"},{"taxonomy":"product_cat","embeddable":true,"href":"https:\/\/tremunpiercing.com\/pl\/wp-json\/wp\/v2\/product_cat?post=22550"},{"taxonomy":"product_tag","embeddable":true,"href":"https:\/\/tremunpiercing.com\/pl\/wp-json\/wp\/v2\/product_tag?post=22550"}],"curies":[{"name":"wp","href":"https:\/\/api.w.org\/{rel}","templated":true}]}}