{"id":22558,"date":"2025-10-03T21:33:56","date_gmt":"2025-10-03T20:33:56","guid":{"rendered":"https:\/\/tremunpiercing.com\/?post_type=product&#038;p=22558"},"modified":"2026-04-15T15:30:31","modified_gmt":"2026-04-15T14:30:31","slug":"crystal-web","status":"publish","type":"product","link":"https:\/\/tremunpiercing.com\/pl\/product\/crystal-web\/","title":{"rendered":"Crystal Web"},"content":{"rendered":"<p>Crystal Web \u0142\u0105czy kunszt i rzemios\u0142o w jednym niezwyk\u0142ym przedmiocie. Ten wewn\u0119trznie gwintowany tytanowy top 16G ma eteryczny wz\u00f3r paj\u0119czyny z b\u0142yszcz\u0105cym kamieniem centralnym z cyrkonii sze\u015bciennej, kt\u00f3ry pi\u0119knie za\u0142amuje \u015bwiat\u0142o. Wykonana z tytanu klasy implantologicznej F-136, bi\u017cuteria mo\u017ce by\u0107 bezpiecznie noszona na wszystkich rodzajach sk\u00f3ry i jest odpowiednia do przek\u0142uwania spirali, konchy lub tragusa. Crystal Web zosta\u0142 zaprojektowany dla studi\u00f3w piercingu i sprzedawc\u00f3w detalicznych, kt\u00f3rzy chc\u0105 ekskluzywnej i unikalnej bi\u017cuterii. Crystal Web to elegancja z odrobin\u0105 gotyckiego stylu.<\/p>","protected":false},"excerpt":{"rendered":"<ul>\n<li>Gwint wewn\u0119trzny<\/li>\n<li>Materia\u0142: Tytan F-136 do implant\u00f3w<\/li>\n<li>Grubo\u015b\u0107: 16G<\/li>\n<li>Klejnot: Cyrkonia sze\u015bcienna<\/li>\n<li>Rozmiar: 5,3 mm x 8,4 mm<\/li>\n<\/ul>","protected":false},"featured_media":22588,"comment_status":"closed","ping_status":"closed","template":"","meta":{"_acf_changed":false},"product_brand":[],"product_cat":[340,343],"product_tag":[187,188,209,189,205,206,190,183,184,207],"class_list":{"0":"post-22558","1":"product","2":"type-product","3":"status-publish","4":"has-post-thumbnail","6":"product_cat-titanium-jewelry","7":"product_cat-tops-titanium-jewelry","8":"product_tag-conch","9":"product_tag-ear","10":"product_tag-faux-rook","11":"product_tag-helix","12":"product_tag-lobe","13":"product_tag-lobulo","14":"product_tag-oreja","15":"product_tag-perforacion","16":"product_tag-piercing","17":"product_tag-tragus","19":"first","20":"instock","21":"taxable","22":"shipping-taxable","23":"purchasable","24":"product-type-simple"},"acf":[],"gallery_images":[27307,27308],"_links":{"self":[{"href":"https:\/\/tremunpiercing.com\/pl\/wp-json\/wp\/v2\/product\/22558","targetHints":{"allow":["GET"]}}],"collection":[{"href":"https:\/\/tremunpiercing.com\/pl\/wp-json\/wp\/v2\/product"}],"about":[{"href":"https:\/\/tremunpiercing.com\/pl\/wp-json\/wp\/v2\/types\/product"}],"replies":[{"embeddable":true,"href":"https:\/\/tremunpiercing.com\/pl\/wp-json\/wp\/v2\/comments?post=22558"}],"version-history":[{"count":1,"href":"https:\/\/tremunpiercing.com\/pl\/wp-json\/wp\/v2\/product\/22558\/revisions"}],"predecessor-version":[{"id":27310,"href":"https:\/\/tremunpiercing.com\/pl\/wp-json\/wp\/v2\/product\/22558\/revisions\/27310"}],"wp:featuredmedia":[{"embeddable":true,"href":"https:\/\/tremunpiercing.com\/pl\/wp-json\/wp\/v2\/media\/22588"}],"wp:attachment":[{"href":"https:\/\/tremunpiercing.com\/pl\/wp-json\/wp\/v2\/media?parent=22558"}],"wp:term":[{"taxonomy":"product_brand","embeddable":true,"href":"https:\/\/tremunpiercing.com\/pl\/wp-json\/wp\/v2\/product_brand?post=22558"},{"taxonomy":"product_cat","embeddable":true,"href":"https:\/\/tremunpiercing.com\/pl\/wp-json\/wp\/v2\/product_cat?post=22558"},{"taxonomy":"product_tag","embeddable":true,"href":"https:\/\/tremunpiercing.com\/pl\/wp-json\/wp\/v2\/product_tag?post=22558"}],"curies":[{"name":"wp","href":"https:\/\/api.w.org\/{rel}","templated":true}]}}