{"id":22575,"date":"2025-10-03T22:12:59","date_gmt":"2025-10-03T21:12:59","guid":{"rendered":"https:\/\/tremunpiercing.com\/?post_type=product&#038;p=22575"},"modified":"2026-04-18T13:47:31","modified_gmt":"2026-04-18T12:47:31","slug":"coffin-black-onyx","status":"publish","type":"product","link":"https:\/\/tremunpiercing.com\/pl\/product\/coffin-black-onyx\/","title":{"rendered":"Trumna - czarny onyks"},"content":{"rendered":"<p>Coffin Black Onyx ma eleganck\u0105 tytanow\u0105 obudow\u0119, kt\u00f3ra zapewnia pi\u0119kn\u0105, ciemn\u0105 i eleganck\u0105 estetyk\u0119. Wykonana z tytanu klasy implantologicznej F-136, ta wewn\u0119trznie gwintowana bi\u017cuteria ma czarny kamie\u0144 onyksowy o wymiarach 3 mm x 6 mm wyci\u0119ty w kszta\u0142t trumny. Ten element jest idealny do przek\u0142uwania uszu, warg lub chrz\u0105stek i jest bardzo subtelny, ale efektowny, aby uzyska\u0107 eleganck\u0105 gotyck\u0105 estetyk\u0119.<\/p>\n<p>G\u0142adkie kraw\u0119dzie i ni\u0107 zabezpieczaj\u0105ca sprawiaj\u0105, \u017ce jest to idealny element do profesjonalnego studia, z wystarczaj\u0105c\u0105 wytrzyma\u0142o\u015bci\u0105 i bezpiecze\u0144stwem do wygodnego noszenia. Ten element jest wa\u017cny dla klient\u00f3w poszukuj\u0105cych minimalistycznego ciemnego odcienia do noszenia z luksusowym wyko\u0144czeniem.<\/p>","protected":false},"excerpt":{"rendered":"<ul>\n<li>Gwint wewn\u0119trzny<\/li>\n<li>Materia\u0142: Tytan F-136 do implant\u00f3w<\/li>\n<li>Grubo\u015b\u0107: 16G<\/li>\n<li>Klejnot: Czarny Onyks<\/li>\n<li>Rozmiar: 3 mm x 6 mm<\/li>\n<\/ul>","protected":false},"featured_media":22590,"comment_status":"closed","ping_status":"closed","template":"","meta":{"_acf_changed":false},"product_brand":[],"product_cat":[340,343],"product_tag":[187,179,180,188,209,189,210,211,212,190,183,184,207],"class_list":{"0":"post-22575","1":"product","2":"type-product","3":"status-publish","4":"has-post-thumbnail","6":"product_cat-titanium-jewelry","7":"product_cat-tops-titanium-jewelry","8":"product_tag-conch","9":"product_tag-cristal","10":"product_tag-cz","11":"product_tag-ear","12":"product_tag-faux-rook","13":"product_tag-helix","14":"product_tag-labret","15":"product_tag-lip","16":"product_tag-medusa","17":"product_tag-oreja","18":"product_tag-perforacion","19":"product_tag-piercing","20":"product_tag-tragus","22":"first","23":"instock","24":"taxable","25":"shipping-taxable","26":"purchasable","27":"product-type-simple"},"acf":[],"gallery_images":[27311,27312],"_links":{"self":[{"href":"https:\/\/tremunpiercing.com\/pl\/wp-json\/wp\/v2\/product\/22575","targetHints":{"allow":["GET"]}}],"collection":[{"href":"https:\/\/tremunpiercing.com\/pl\/wp-json\/wp\/v2\/product"}],"about":[{"href":"https:\/\/tremunpiercing.com\/pl\/wp-json\/wp\/v2\/types\/product"}],"replies":[{"embeddable":true,"href":"https:\/\/tremunpiercing.com\/pl\/wp-json\/wp\/v2\/comments?post=22575"}],"version-history":[{"count":1,"href":"https:\/\/tremunpiercing.com\/pl\/wp-json\/wp\/v2\/product\/22575\/revisions"}],"predecessor-version":[{"id":27313,"href":"https:\/\/tremunpiercing.com\/pl\/wp-json\/wp\/v2\/product\/22575\/revisions\/27313"}],"wp:featuredmedia":[{"embeddable":true,"href":"https:\/\/tremunpiercing.com\/pl\/wp-json\/wp\/v2\/media\/22590"}],"wp:attachment":[{"href":"https:\/\/tremunpiercing.com\/pl\/wp-json\/wp\/v2\/media?parent=22575"}],"wp:term":[{"taxonomy":"product_brand","embeddable":true,"href":"https:\/\/tremunpiercing.com\/pl\/wp-json\/wp\/v2\/product_brand?post=22575"},{"taxonomy":"product_cat","embeddable":true,"href":"https:\/\/tremunpiercing.com\/pl\/wp-json\/wp\/v2\/product_cat?post=22575"},{"taxonomy":"product_tag","embeddable":true,"href":"https:\/\/tremunpiercing.com\/pl\/wp-json\/wp\/v2\/product_tag?post=22575"}],"curies":[{"name":"wp","href":"https:\/\/api.w.org\/{rel}","templated":true}]}}